{"id":4883,"date":"2026-05-11T11:29:30","date_gmt":"2026-05-11T11:29:30","guid":{"rendered":"https:\/\/ervadaninha.pt\/wp1\/?page_id=4883"},"modified":"2026-05-12T15:35:54","modified_gmt":"2026-05-12T15:35:54","slug":"cdqq-de-nicolas-bustos","status":"publish","type":"page","link":"https:\/\/ervadaninha.pt\/wp1\/index.php\/cdqq-de-nicolas-bustos\/","title":{"rendered":"CDQQ de Nicol\u00e1s Bustos"},"content":{"rendered":"\n<p>\u00a0Ensaio de Circo | 9 Mai 26 | CED | Resid\u00eancia 27 Abr to 8 Mai 26 <\/p>\n\n\n\n<p><\/p>\n\n\n\n<figure class=\"wp-block-embed is-type-video is-provider-vimeo wp-block-embed-vimeo wp-embed-aspect-16-9 wp-has-aspect-ratio\"><div class=\"wp-block-embed__wrapper\">\n<div class=\"jetpack-video-wrapper\"><iframe loading=\"lazy\" title=\"CDQQ de Nicol\u00e1s Bustos\" src=\"https:\/\/player.vimeo.com\/video\/1191586197?dnt=1&amp;app_id=122963\" width=\"764\" height=\"430\" frameborder=\"0\" allow=\"autoplay; fullscreen; picture-in-picture; clipboard-write; encrypted-media; web-share\" referrerpolicy=\"strict-origin-when-cross-origin\"><\/iframe><\/div>\n<\/div><\/figure>\n\n\n\n<p>CDQQ (circunfer\u00eancia de quatro quintos) nasceu da necessidade de uma experi\u00eancia \u00edntima, onde n\u00e3o \u00e9 preciso pensar muito ou ter de compreender uma hist\u00f3ria complexa, porque ela n\u00e3o existe, num espa\u00e7o pequeno, todos muito pr\u00f3ximos, interagindo uns com os outros. \u00c9 um espet\u00e1culo simples, onde a ideia de espet\u00e1culo evolui para uma experi\u00eancia participativa tanto para o p\u00fablico quanto para o malabarista. Nenhuma hist\u00f3ria complexa, apenas partilhar um bom momento. Apenas as bolas, o malabarista e o p\u00fablico.<\/p>\n\n\n<div class=\"wp-block-image\">\n<figure class=\"aligncenter size-large is-resized\"><a href=\"https:\/\/ervadaninha.pt\/wp1\/wp-content\/uploads\/2026\/05\/DSC00029.jpg\"><img decoding=\"async\" loading=\"lazy\" width=\"940\" height=\"627\" src=\"https:\/\/ervadaninha.pt\/wp1\/wp-content\/uploads\/2026\/05\/DSC00029-940x627.jpg\" alt=\"\" class=\"wp-image-4887\" style=\"aspect-ratio:1.4996539792387544;width:491px;height:auto\" srcset=\"https:\/\/ervadaninha.pt\/wp1\/wp-content\/uploads\/2026\/05\/DSC00029-940x627.jpg 940w, https:\/\/ervadaninha.pt\/wp1\/wp-content\/uploads\/2026\/05\/DSC00029-620x413.jpg 620w, https:\/\/ervadaninha.pt\/wp1\/wp-content\/uploads\/2026\/05\/DSC00029-768x512.jpg 768w, https:\/\/ervadaninha.pt\/wp1\/wp-content\/uploads\/2026\/05\/DSC00029-1536x1024.jpg 1536w, https:\/\/ervadaninha.pt\/wp1\/wp-content\/uploads\/2026\/05\/DSC00029-2048x1366.jpg 2048w, https:\/\/ervadaninha.pt\/wp1\/wp-content\/uploads\/2026\/05\/DSC00029-300x200.jpg 300w\" sizes=\"(max-width: 940px) 100vw, 940px\" \/><\/a><\/figure><\/div>\n\n\n<p>Equipa art\u00edstica:<\/p>\n\n\n\n<p>Nicol\u00e1s Bustos Riquelme \u2013 Int\u00e9rprete e criador | Uatum\u00e3 Fattori de Azevedo \u2013 Olhar externo de malabares e movimento | @sette.tapparelle \u2013 Ilustra\u00e7\u00f5es | Co produtores: Leirena-Teatro, ESTUFA \u2013 Plataforma Cultural<\/p>\n","protected":false},"excerpt":{"rendered":"<p>\u00a0Ensaio de Circo | 9 Mai 26 | CED | Resid\u00eancia 27 Abr to 8 Mai 26 CDQQ (circunfer\u00eancia de quatro quintos) nasceu da necessidade de uma experi\u00eancia \u00edntima, onde [&hellip;]<\/p>\n","protected":false},"author":1,"featured_media":0,"parent":0,"menu_order":0,"comment_status":"closed","ping_status":"closed","template":"","meta":{"_themeisle_gutenberg_block_has_review":false,"jetpack_post_was_ever_published":false,"footnotes":""},"tags":[],"yoast_head":"<!-- This site is optimized with the Yoast SEO plugin v21.0 - https:\/\/yoast.com\/wordpress\/plugins\/seo\/ -->\n<title>CDQQ de Nicol\u00e1s Bustos - Erva Daninha<\/title>\n<meta name=\"robots\" content=\"index, follow, max-snippet:-1, max-image-preview:large, max-video-preview:-1\" \/>\n<link rel=\"canonical\" href=\"https:\/\/ervadaninha.pt\/wp1\/index.php\/cdqq-de-nicolas-bustos\/\" \/>\n<meta property=\"og:locale\" content=\"pt_PT\" \/>\n<meta property=\"og:type\" content=\"article\" \/>\n<meta property=\"og:title\" content=\"CDQQ de Nicol\u00e1s Bustos - Erva Daninha\" \/>\n<meta property=\"og:description\" content=\"\u00a0Ensaio de Circo | 9 Mai 26 | CED | Resid\u00eancia 27 Abr to 8 Mai 26 CDQQ (circunfer\u00eancia de quatro quintos) nasceu da necessidade de uma experi\u00eancia \u00edntima, onde [&hellip;]\" \/>\n<meta property=\"og:url\" content=\"https:\/\/ervadaninha.pt\/wp1\/index.php\/cdqq-de-nicolas-bustos\/\" \/>\n<meta property=\"og:site_name\" content=\"Erva Daninha\" \/>\n<meta property=\"article:modified_time\" content=\"2026-05-12T15:35:54+00:00\" \/>\n<meta property=\"og:image\" content=\"https:\/\/ervadaninha.pt\/wp1\/wp-content\/uploads\/2026\/05\/DSC00029-940x627.jpg\" \/>\n<meta name=\"twitter:card\" content=\"summary_large_image\" \/>\n<meta name=\"twitter:label1\" content=\"Tempo estimado de leitura\" \/>\n\t<meta name=\"twitter:data1\" content=\"1 minuto\" \/>\n<script type=\"application\/ld+json\" class=\"yoast-schema-graph\">{\"@context\":\"https:\/\/schema.org\",\"@graph\":[{\"@type\":\"WebPage\",\"@id\":\"https:\/\/ervadaninha.pt\/wp1\/index.php\/cdqq-de-nicolas-bustos\/\",\"url\":\"https:\/\/ervadaninha.pt\/wp1\/index.php\/cdqq-de-nicolas-bustos\/\",\"name\":\"CDQQ de Nicol\u00e1s Bustos - Erva Daninha\",\"isPartOf\":{\"@id\":\"https:\/\/ervadaninha.pt\/wp1\/#website\"},\"datePublished\":\"2026-05-11T11:29:30+00:00\",\"dateModified\":\"2026-05-12T15:35:54+00:00\",\"breadcrumb\":{\"@id\":\"https:\/\/ervadaninha.pt\/wp1\/index.php\/cdqq-de-nicolas-bustos\/#breadcrumb\"},\"inLanguage\":\"pt-PT\",\"potentialAction\":[{\"@type\":\"ReadAction\",\"target\":[\"https:\/\/ervadaninha.pt\/wp1\/index.php\/cdqq-de-nicolas-bustos\/\"]}]},{\"@type\":\"BreadcrumbList\",\"@id\":\"https:\/\/ervadaninha.pt\/wp1\/index.php\/cdqq-de-nicolas-bustos\/#breadcrumb\",\"itemListElement\":[{\"@type\":\"ListItem\",\"position\":1,\"name\":\"Home\",\"item\":\"https:\/\/ervadaninha.pt\/wp1\/\"},{\"@type\":\"ListItem\",\"position\":2,\"name\":\"CDQQ de Nicol\u00e1s Bustos\"}]},{\"@type\":\"WebSite\",\"@id\":\"https:\/\/ervadaninha.pt\/wp1\/#website\",\"url\":\"https:\/\/ervadaninha.pt\/wp1\/\",\"name\":\"Erva Daninha\",\"description\":\"Erva Daninha\",\"publisher\":{\"@id\":\"https:\/\/ervadaninha.pt\/wp1\/#organization\"},\"potentialAction\":[{\"@type\":\"SearchAction\",\"target\":{\"@type\":\"EntryPoint\",\"urlTemplate\":\"https:\/\/ervadaninha.pt\/wp1\/?s={search_term_string}\"},\"query-input\":\"required name=search_term_string\"}],\"inLanguage\":\"pt-PT\"},{\"@type\":\"Organization\",\"@id\":\"https:\/\/ervadaninha.pt\/wp1\/#organization\",\"name\":\"Erva Daninha\",\"url\":\"https:\/\/ervadaninha.pt\/wp1\/\",\"logo\":{\"@type\":\"ImageObject\",\"inLanguage\":\"pt-PT\",\"@id\":\"https:\/\/ervadaninha.pt\/wp1\/#\/schema\/logo\/image\/\",\"url\":\"https:\/\/ervadaninha.pt\/wp1\/wp-content\/uploads\/2023\/09\/cropped-ervadaninha_preto_s.png\",\"contentUrl\":\"https:\/\/ervadaninha.pt\/wp1\/wp-content\/uploads\/2023\/09\/cropped-ervadaninha_preto_s.png\",\"width\":100,\"height\":49,\"caption\":\"Erva Daninha\"},\"image\":{\"@id\":\"https:\/\/ervadaninha.pt\/wp1\/#\/schema\/logo\/image\/\"}}]}<\/script>\n<!-- \/ Yoast SEO plugin. -->","yoast_head_json":{"title":"CDQQ de Nicol\u00e1s Bustos - Erva Daninha","robots":{"index":"index","follow":"follow","max-snippet":"max-snippet:-1","max-image-preview":"max-image-preview:large","max-video-preview":"max-video-preview:-1"},"canonical":"https:\/\/ervadaninha.pt\/wp1\/index.php\/cdqq-de-nicolas-bustos\/","og_locale":"pt_PT","og_type":"article","og_title":"CDQQ de Nicol\u00e1s Bustos - Erva Daninha","og_description":"\u00a0Ensaio de Circo | 9 Mai 26 | CED | Resid\u00eancia 27 Abr to 8 Mai 26 CDQQ (circunfer\u00eancia de quatro quintos) nasceu da necessidade de uma experi\u00eancia \u00edntima, onde [&hellip;]","og_url":"https:\/\/ervadaninha.pt\/wp1\/index.php\/cdqq-de-nicolas-bustos\/","og_site_name":"Erva Daninha","article_modified_time":"2026-05-12T15:35:54+00:00","og_image":[{"url":"https:\/\/ervadaninha.pt\/wp1\/wp-content\/uploads\/2026\/05\/DSC00029-940x627.jpg"}],"twitter_card":"summary_large_image","twitter_misc":{"Tempo estimado de leitura":"1 minuto"},"schema":{"@context":"https:\/\/schema.org","@graph":[{"@type":"WebPage","@id":"https:\/\/ervadaninha.pt\/wp1\/index.php\/cdqq-de-nicolas-bustos\/","url":"https:\/\/ervadaninha.pt\/wp1\/index.php\/cdqq-de-nicolas-bustos\/","name":"CDQQ de Nicol\u00e1s Bustos - Erva Daninha","isPartOf":{"@id":"https:\/\/ervadaninha.pt\/wp1\/#website"},"datePublished":"2026-05-11T11:29:30+00:00","dateModified":"2026-05-12T15:35:54+00:00","breadcrumb":{"@id":"https:\/\/ervadaninha.pt\/wp1\/index.php\/cdqq-de-nicolas-bustos\/#breadcrumb"},"inLanguage":"pt-PT","potentialAction":[{"@type":"ReadAction","target":["https:\/\/ervadaninha.pt\/wp1\/index.php\/cdqq-de-nicolas-bustos\/"]}]},{"@type":"BreadcrumbList","@id":"https:\/\/ervadaninha.pt\/wp1\/index.php\/cdqq-de-nicolas-bustos\/#breadcrumb","itemListElement":[{"@type":"ListItem","position":1,"name":"Home","item":"https:\/\/ervadaninha.pt\/wp1\/"},{"@type":"ListItem","position":2,"name":"CDQQ de Nicol\u00e1s Bustos"}]},{"@type":"WebSite","@id":"https:\/\/ervadaninha.pt\/wp1\/#website","url":"https:\/\/ervadaninha.pt\/wp1\/","name":"Erva Daninha","description":"Erva Daninha","publisher":{"@id":"https:\/\/ervadaninha.pt\/wp1\/#organization"},"potentialAction":[{"@type":"SearchAction","target":{"@type":"EntryPoint","urlTemplate":"https:\/\/ervadaninha.pt\/wp1\/?s={search_term_string}"},"query-input":"required name=search_term_string"}],"inLanguage":"pt-PT"},{"@type":"Organization","@id":"https:\/\/ervadaninha.pt\/wp1\/#organization","name":"Erva Daninha","url":"https:\/\/ervadaninha.pt\/wp1\/","logo":{"@type":"ImageObject","inLanguage":"pt-PT","@id":"https:\/\/ervadaninha.pt\/wp1\/#\/schema\/logo\/image\/","url":"https:\/\/ervadaninha.pt\/wp1\/wp-content\/uploads\/2023\/09\/cropped-ervadaninha_preto_s.png","contentUrl":"https:\/\/ervadaninha.pt\/wp1\/wp-content\/uploads\/2023\/09\/cropped-ervadaninha_preto_s.png","width":100,"height":49,"caption":"Erva Daninha"},"image":{"@id":"https:\/\/ervadaninha.pt\/wp1\/#\/schema\/logo\/image\/"}}]}},"jetpack_sharing_enabled":true,"jetpack_shortlink":"https:\/\/wp.me\/P6f9xd-1gL","_links":{"self":[{"href":"https:\/\/ervadaninha.pt\/wp1\/index.php\/wp-json\/wp\/v2\/pages\/4883"}],"collection":[{"href":"https:\/\/ervadaninha.pt\/wp1\/index.php\/wp-json\/wp\/v2\/pages"}],"about":[{"href":"https:\/\/ervadaninha.pt\/wp1\/index.php\/wp-json\/wp\/v2\/types\/page"}],"author":[{"embeddable":true,"href":"https:\/\/ervadaninha.pt\/wp1\/index.php\/wp-json\/wp\/v2\/users\/1"}],"replies":[{"embeddable":true,"href":"https:\/\/ervadaninha.pt\/wp1\/index.php\/wp-json\/wp\/v2\/comments?post=4883"}],"version-history":[{"count":4,"href":"https:\/\/ervadaninha.pt\/wp1\/index.php\/wp-json\/wp\/v2\/pages\/4883\/revisions"}],"predecessor-version":[{"id":4927,"href":"https:\/\/ervadaninha.pt\/wp1\/index.php\/wp-json\/wp\/v2\/pages\/4883\/revisions\/4927"}],"wp:attachment":[{"href":"https:\/\/ervadaninha.pt\/wp1\/index.php\/wp-json\/wp\/v2\/media?parent=4883"}],"wp:term":[{"taxonomy":"post_tag","embeddable":true,"href":"https:\/\/ervadaninha.pt\/wp1\/index.php\/wp-json\/wp\/v2\/tags?post=4883"}],"curies":[{"name":"wp","href":"https:\/\/api.w.org\/{rel}","templated":true}]}}