{"id":4480,"date":"2025-10-30T12:22:09","date_gmt":"2025-10-30T12:22:09","guid":{"rendered":"https:\/\/ervadaninha.pt\/wp1\/?page_id=4480"},"modified":"2025-12-17T15:48:23","modified_gmt":"2025-12-17T15:48:23","slug":"lost-n-the-sauce-de-corey-leighton","status":"publish","type":"page","link":"https:\/\/ervadaninha.pt\/wp1\/index.php\/lost-n-the-sauce-de-corey-leighton\/","title":{"rendered":"LOST N THE SAUCE DE Corey Leighton"},"content":{"rendered":"\n<p>25 Out 25 | 17h | 30\u2019 | M3 | Clube Erva Daninha | Ensaio de Circo<\/p>\n\n\n\n<figure class=\"wp-block-embed is-type-video is-provider-vimeo wp-block-embed-vimeo wp-embed-aspect-16-9 wp-has-aspect-ratio\"><div class=\"wp-block-embed__wrapper\">\n<div class=\"jetpack-video-wrapper\"><iframe loading=\"lazy\" title=\"Lost N The Sauce de Corey Leighton\" src=\"https:\/\/player.vimeo.com\/video\/1132048339?dnt=1&amp;app_id=122963\" width=\"764\" height=\"430\" frameborder=\"0\" allow=\"autoplay; fullscreen; picture-in-picture; clipboard-write; encrypted-media; web-share\" referrerpolicy=\"strict-origin-when-cross-origin\"><\/iframe><\/div>\n<\/div><\/figure>\n\n\n\n<p>\u201cLost N The Sauce\u201d \u00e9 uma esta\u00e7\u00e3o de r\u00e1dio intergal\u00e1ctica transmitida ao vivo para viajantes c\u00f3smicos em busca de companhia. Apresentado pelo exc\u00eantrico Sir Sriracha, o programa mistura circo contempor\u00e2neo, teatro e spoken word num ambiente \u00edntimo e l\u00fadico.<br>O p\u00fablico \u00e9 conduzido atrav\u00e9s de diferentes \u201cfrequ\u00eancias\u201d: personagens que incarnam estados humanos universais &#8211; a solid\u00e3o como Cowboy, a vulnerabilidade como Mr. Gringo Dingo, e outros. O palco transforma-se num recreio onde o c\u00f3smico e o pessoal se entrela\u00e7am.<br>O espet\u00e1culo combina acrobacia, textos originais po\u00e9ticos e r\u00edtmicos, e intera\u00e7\u00f5es com o p\u00fablico que alimentam a viagem e o rumo da apresenta\u00e7\u00e3o.<br>Em vez de oferecer respostas para o caos do universo, cria um espa\u00e7o de solidariedade e reflex\u00e3o partilhada, onde humor, filosofia e destreza f\u00edsica coexistem.<\/p>\n\n\n\n<p><\/p>\n\n\n\n<p>INT\u00c9RPRETE CRIADOR Corey Leighton<br>DESENHO DE FIGURINO Bruna Figueiredo<br>OLHAR EXTERNO Juan Fresina<br>COMPOSITOR Jo\u00e3o Ricardo<br>DESENHO CENOGR\u00c1FICO Pedro leal<br>PRODU\u00c7\u00c3O R\u00c9PTIL Artes Performativas<\/p>\n\n\n\n<p><a href=\"https:\/\/www.instagram.com\/imcoreyleighton\/\" target=\"_blank\" rel=\"noreferrer noopener\">+Info<\/a><\/p>\n","protected":false},"excerpt":{"rendered":"<p>25 Out 25 | 17h | 30\u2019 | M3 | Clube Erva Daninha | Ensaio de Circo \u201cLost N The Sauce\u201d \u00e9 uma esta\u00e7\u00e3o de r\u00e1dio intergal\u00e1ctica transmitida ao vivo [&hellip;]<\/p>\n","protected":false},"author":1,"featured_media":0,"parent":0,"menu_order":0,"comment_status":"closed","ping_status":"closed","template":"","meta":{"_themeisle_gutenberg_block_has_review":false,"jetpack_post_was_ever_published":false,"footnotes":""},"tags":[],"yoast_head":"<!-- This site is optimized with the Yoast SEO plugin v21.0 - https:\/\/yoast.com\/wordpress\/plugins\/seo\/ -->\n<title>LOST N THE SAUCE DE Corey Leighton - Erva Daninha<\/title>\n<meta name=\"robots\" content=\"index, follow, max-snippet:-1, max-image-preview:large, max-video-preview:-1\" \/>\n<link rel=\"canonical\" href=\"https:\/\/ervadaninha.pt\/wp1\/index.php\/lost-n-the-sauce-de-corey-leighton\/\" \/>\n<meta property=\"og:locale\" content=\"pt_PT\" \/>\n<meta property=\"og:type\" content=\"article\" \/>\n<meta property=\"og:title\" content=\"LOST N THE SAUCE DE Corey Leighton - Erva Daninha\" \/>\n<meta property=\"og:description\" content=\"25 Out 25 | 17h | 30\u2019 | M3 | Clube Erva Daninha | Ensaio de Circo \u201cLost N The Sauce\u201d \u00e9 uma esta\u00e7\u00e3o de r\u00e1dio intergal\u00e1ctica transmitida ao vivo [&hellip;]\" \/>\n<meta property=\"og:url\" content=\"https:\/\/ervadaninha.pt\/wp1\/index.php\/lost-n-the-sauce-de-corey-leighton\/\" \/>\n<meta property=\"og:site_name\" content=\"Erva Daninha\" \/>\n<meta property=\"article:modified_time\" content=\"2025-12-17T15:48:23+00:00\" \/>\n<meta name=\"twitter:card\" content=\"summary_large_image\" \/>\n<meta name=\"twitter:label1\" content=\"Tempo estimado de leitura\" \/>\n\t<meta name=\"twitter:data1\" content=\"1 minuto\" \/>\n<script type=\"application\/ld+json\" class=\"yoast-schema-graph\">{\"@context\":\"https:\/\/schema.org\",\"@graph\":[{\"@type\":\"WebPage\",\"@id\":\"https:\/\/ervadaninha.pt\/wp1\/index.php\/lost-n-the-sauce-de-corey-leighton\/\",\"url\":\"https:\/\/ervadaninha.pt\/wp1\/index.php\/lost-n-the-sauce-de-corey-leighton\/\",\"name\":\"LOST N THE SAUCE DE Corey Leighton - Erva Daninha\",\"isPartOf\":{\"@id\":\"https:\/\/ervadaninha.pt\/wp1\/#website\"},\"datePublished\":\"2025-10-30T12:22:09+00:00\",\"dateModified\":\"2025-12-17T15:48:23+00:00\",\"breadcrumb\":{\"@id\":\"https:\/\/ervadaninha.pt\/wp1\/index.php\/lost-n-the-sauce-de-corey-leighton\/#breadcrumb\"},\"inLanguage\":\"pt-PT\",\"potentialAction\":[{\"@type\":\"ReadAction\",\"target\":[\"https:\/\/ervadaninha.pt\/wp1\/index.php\/lost-n-the-sauce-de-corey-leighton\/\"]}]},{\"@type\":\"BreadcrumbList\",\"@id\":\"https:\/\/ervadaninha.pt\/wp1\/index.php\/lost-n-the-sauce-de-corey-leighton\/#breadcrumb\",\"itemListElement\":[{\"@type\":\"ListItem\",\"position\":1,\"name\":\"Home\",\"item\":\"https:\/\/ervadaninha.pt\/wp1\/\"},{\"@type\":\"ListItem\",\"position\":2,\"name\":\"LOST N THE SAUCE DE Corey Leighton\"}]},{\"@type\":\"WebSite\",\"@id\":\"https:\/\/ervadaninha.pt\/wp1\/#website\",\"url\":\"https:\/\/ervadaninha.pt\/wp1\/\",\"name\":\"Erva Daninha\",\"description\":\"Erva Daninha\",\"publisher\":{\"@id\":\"https:\/\/ervadaninha.pt\/wp1\/#organization\"},\"potentialAction\":[{\"@type\":\"SearchAction\",\"target\":{\"@type\":\"EntryPoint\",\"urlTemplate\":\"https:\/\/ervadaninha.pt\/wp1\/?s={search_term_string}\"},\"query-input\":\"required name=search_term_string\"}],\"inLanguage\":\"pt-PT\"},{\"@type\":\"Organization\",\"@id\":\"https:\/\/ervadaninha.pt\/wp1\/#organization\",\"name\":\"Erva Daninha\",\"url\":\"https:\/\/ervadaninha.pt\/wp1\/\",\"logo\":{\"@type\":\"ImageObject\",\"inLanguage\":\"pt-PT\",\"@id\":\"https:\/\/ervadaninha.pt\/wp1\/#\/schema\/logo\/image\/\",\"url\":\"https:\/\/ervadaninha.pt\/wp1\/wp-content\/uploads\/2023\/09\/cropped-ervadaninha_preto_s.png\",\"contentUrl\":\"https:\/\/ervadaninha.pt\/wp1\/wp-content\/uploads\/2023\/09\/cropped-ervadaninha_preto_s.png\",\"width\":100,\"height\":49,\"caption\":\"Erva Daninha\"},\"image\":{\"@id\":\"https:\/\/ervadaninha.pt\/wp1\/#\/schema\/logo\/image\/\"}}]}<\/script>\n<!-- \/ Yoast SEO plugin. -->","yoast_head_json":{"title":"LOST N THE SAUCE DE Corey Leighton - Erva Daninha","robots":{"index":"index","follow":"follow","max-snippet":"max-snippet:-1","max-image-preview":"max-image-preview:large","max-video-preview":"max-video-preview:-1"},"canonical":"https:\/\/ervadaninha.pt\/wp1\/index.php\/lost-n-the-sauce-de-corey-leighton\/","og_locale":"pt_PT","og_type":"article","og_title":"LOST N THE SAUCE DE Corey Leighton - Erva Daninha","og_description":"25 Out 25 | 17h | 30\u2019 | M3 | Clube Erva Daninha | Ensaio de Circo \u201cLost N The Sauce\u201d \u00e9 uma esta\u00e7\u00e3o de r\u00e1dio intergal\u00e1ctica transmitida ao vivo [&hellip;]","og_url":"https:\/\/ervadaninha.pt\/wp1\/index.php\/lost-n-the-sauce-de-corey-leighton\/","og_site_name":"Erva Daninha","article_modified_time":"2025-12-17T15:48:23+00:00","twitter_card":"summary_large_image","twitter_misc":{"Tempo estimado de leitura":"1 minuto"},"schema":{"@context":"https:\/\/schema.org","@graph":[{"@type":"WebPage","@id":"https:\/\/ervadaninha.pt\/wp1\/index.php\/lost-n-the-sauce-de-corey-leighton\/","url":"https:\/\/ervadaninha.pt\/wp1\/index.php\/lost-n-the-sauce-de-corey-leighton\/","name":"LOST N THE SAUCE DE Corey Leighton - Erva Daninha","isPartOf":{"@id":"https:\/\/ervadaninha.pt\/wp1\/#website"},"datePublished":"2025-10-30T12:22:09+00:00","dateModified":"2025-12-17T15:48:23+00:00","breadcrumb":{"@id":"https:\/\/ervadaninha.pt\/wp1\/index.php\/lost-n-the-sauce-de-corey-leighton\/#breadcrumb"},"inLanguage":"pt-PT","potentialAction":[{"@type":"ReadAction","target":["https:\/\/ervadaninha.pt\/wp1\/index.php\/lost-n-the-sauce-de-corey-leighton\/"]}]},{"@type":"BreadcrumbList","@id":"https:\/\/ervadaninha.pt\/wp1\/index.php\/lost-n-the-sauce-de-corey-leighton\/#breadcrumb","itemListElement":[{"@type":"ListItem","position":1,"name":"Home","item":"https:\/\/ervadaninha.pt\/wp1\/"},{"@type":"ListItem","position":2,"name":"LOST N THE SAUCE DE Corey Leighton"}]},{"@type":"WebSite","@id":"https:\/\/ervadaninha.pt\/wp1\/#website","url":"https:\/\/ervadaninha.pt\/wp1\/","name":"Erva Daninha","description":"Erva Daninha","publisher":{"@id":"https:\/\/ervadaninha.pt\/wp1\/#organization"},"potentialAction":[{"@type":"SearchAction","target":{"@type":"EntryPoint","urlTemplate":"https:\/\/ervadaninha.pt\/wp1\/?s={search_term_string}"},"query-input":"required name=search_term_string"}],"inLanguage":"pt-PT"},{"@type":"Organization","@id":"https:\/\/ervadaninha.pt\/wp1\/#organization","name":"Erva Daninha","url":"https:\/\/ervadaninha.pt\/wp1\/","logo":{"@type":"ImageObject","inLanguage":"pt-PT","@id":"https:\/\/ervadaninha.pt\/wp1\/#\/schema\/logo\/image\/","url":"https:\/\/ervadaninha.pt\/wp1\/wp-content\/uploads\/2023\/09\/cropped-ervadaninha_preto_s.png","contentUrl":"https:\/\/ervadaninha.pt\/wp1\/wp-content\/uploads\/2023\/09\/cropped-ervadaninha_preto_s.png","width":100,"height":49,"caption":"Erva Daninha"},"image":{"@id":"https:\/\/ervadaninha.pt\/wp1\/#\/schema\/logo\/image\/"}}]}},"jetpack_sharing_enabled":true,"jetpack_shortlink":"https:\/\/wp.me\/P6f9xd-1ag","_links":{"self":[{"href":"https:\/\/ervadaninha.pt\/wp1\/index.php\/wp-json\/wp\/v2\/pages\/4480"}],"collection":[{"href":"https:\/\/ervadaninha.pt\/wp1\/index.php\/wp-json\/wp\/v2\/pages"}],"about":[{"href":"https:\/\/ervadaninha.pt\/wp1\/index.php\/wp-json\/wp\/v2\/types\/page"}],"author":[{"embeddable":true,"href":"https:\/\/ervadaninha.pt\/wp1\/index.php\/wp-json\/wp\/v2\/users\/1"}],"replies":[{"embeddable":true,"href":"https:\/\/ervadaninha.pt\/wp1\/index.php\/wp-json\/wp\/v2\/comments?post=4480"}],"version-history":[{"count":2,"href":"https:\/\/ervadaninha.pt\/wp1\/index.php\/wp-json\/wp\/v2\/pages\/4480\/revisions"}],"predecessor-version":[{"id":4672,"href":"https:\/\/ervadaninha.pt\/wp1\/index.php\/wp-json\/wp\/v2\/pages\/4480\/revisions\/4672"}],"wp:attachment":[{"href":"https:\/\/ervadaninha.pt\/wp1\/index.php\/wp-json\/wp\/v2\/media?parent=4480"}],"wp:term":[{"taxonomy":"post_tag","embeddable":true,"href":"https:\/\/ervadaninha.pt\/wp1\/index.php\/wp-json\/wp\/v2\/tags?post=4480"}],"curies":[{"name":"wp","href":"https:\/\/api.w.org\/{rel}","templated":true}]}}