{"id":4456,"date":"2025-10-22T09:20:12","date_gmt":"2025-10-22T09:20:12","guid":{"rendered":"https:\/\/ervadaninha.pt\/wp1\/?page_id=4456"},"modified":"2025-11-13T14:47:21","modified_gmt":"2025-11-13T14:47:21","slug":"ready","status":"publish","type":"page","link":"https:\/\/ervadaninha.pt\/wp1\/index.php\/ready\/","title":{"rendered":"READY"},"content":{"rendered":"\n<figure class=\"wp-block-embed is-type-video is-provider-vimeo wp-block-embed-vimeo wp-embed-aspect-16-9 wp-has-aspect-ratio\"><div class=\"wp-block-embed__wrapper\">\n<div class=\"jetpack-video-wrapper\"><iframe loading=\"lazy\" title=\"READY\" src=\"https:\/\/player.vimeo.com\/video\/442327103?dnt=1&amp;app_id=122963\" width=\"764\" height=\"430\" frameborder=\"0\" allow=\"autoplay; fullscreen; picture-in-picture; clipboard-write; encrypted-media; web-share\" referrerpolicy=\"strict-origin-when-cross-origin\"><\/iframe><\/div>\n<\/div><\/figure>\n\n\n\n<p>dire\u00e7\u00e3o art\u00edstica <em>artistic direction<\/em> VASCO GOMES | assist\u00eancia dire\u00e7\u00e3o e dire\u00e7\u00e3o pl\u00e1stica <em>assistance direction and plastic<\/em> JULIETA GUIMAR\u00c3ES | m\u00fasica <em>music<\/em> JO\u00c3O QUINTELA | cocria\u00e7\u00e3o e interpreta\u00e7\u00e3o <em>co-creation and interpretation<\/em> FILIPE CALDEIRA, GUSTAVO HJERL, TERESA SANTOS | luz <em>light<\/em> ROMEU GUIMAR\u00c3ES | produ\u00e7\u00e3o <em>production<\/em> TERESA CAMARINHA | apoio resid\u00eancia <em>residency support<\/em> SALTO| coprodu\u00e7\u00e3o <em>co-production<\/em> TEATRO MUNICIPAL DO PORTO | apoio <em>support<\/em> REP\u00daBLICA PORTUGUESA \u2013 CULTURA\/DIRE\u00c7\u00c3O-GERAL DAS ARTES<\/p>\n\n\n<div><style id=\"wp_carousel_dynamic_css4411\">.sp-wp-carousel-free-id-4411.wpcf-fancybox-wrapper .fancybox-bg{background: #0b0b0b;opacity: 0.8;}.sp-wp-carousel-free-id-4411.wpcf-fancybox-wrapper .fancybox-navigation .fancybox-button .wpcp-fancybox-nav-arrow i {color: #ccc;}.sp-wp-carousel-free-id-4411.wpcf-fancybox-wrapper .fancybox-navigation .fancybox-button .wpcp-fancybox-nav-arrow i:hover {color: #fff;}.sp-wp-carousel-free-id-4411.wpcf-fancybox-wrapper .fancybox-navigation .fancybox-button {background: #1e1e1e;}.sp-wp-carousel-free-id-4411.wpcf-fancybox-wrapper .fancybox-navigation .fancybox-button:hover {background: #1e1e1e;}#sp-wp-carousel-free-id-4411 .wpcp-swiper-dots {margin: 40px 0px 0px 0px;}.wpcp-wrapper-4411 .swiper-wrapper .swiper-slide-kenburn, .wpcp-wrapper-4411 .swiper-wrapper, .wpcp-wrapper-4411 .wpcpro-row{align-items: center;}#sp-wp-carousel-free-id-4411 .wpcp-single-item {box-shadow: 0px 0px 0px 0px #dddddd;transition: all .3s;margin: 0px;}#sp-wp-carousel-free-id-4411.swiper-flip .wpcp-single-item{margin: 0!important;}#sp-wp-carousel-free-id-4411 .wpcp-single-item:hover {box-shadow: 0px 0px 0px 0px #dddddd;}#sp-wp-carousel-free-id-4411.sp-wpcp-4411 .wpcp-single-item {border: 1px solid #dddddd;}#sp-wp-carousel-free-id-4411.wpcp-carousel-section.sp-wpcp-4411 .swiper-button-prev,#sp-wp-carousel-free-id-4411.wpcp-carousel-section.sp-wpcp-4411 .swiper-button-next,#sp-wp-carousel-free-id-4411.wpcp-carousel-section.sp-wpcp-4411 .swiper-button-prev:hover,#sp-wp-carousel-free-id-4411.wpcp-carousel-section.sp-wpcp-4411 .swiper-button-next:hover {font-size: 18px ; font-weight: 400;}#sp-wp-carousel-free-id-4411.sp-wpcp-4411 .swiper-button-prev,#sp-wp-carousel-free-id-4411.sp-wpcp-4411 .swiper-button-next,#sp-wp-carousel-free-id-4411.sp-wpcp-4411 .swiper-button-prev:hover,#sp-wp-carousel-free-id-4411.sp-wpcp-4411 .swiper-button-next:hover {background: none;border: none;font-size: 30px;}#sp-wp-carousel-free-id-4411.sp-wpcp-4411 .swiper-button-prev i,#sp-wp-carousel-free-id-4411.sp-wpcp-4411 .swiper-button-next i {color: #aaa;}#sp-wp-carousel-free-id-4411.sp-wpcp-4411 .swiper-button-prev i:hover,#sp-wp-carousel-free-id-4411.sp-wpcp-4411 .swiper-button-next i:hover {color: #178087;}#sp-wp-carousel-free-id-4411.sp-wpcp-4411 .wpcp-swiper-dots .swiper-pagination-bullet {background-color: #cccccc;}#sp-wp-carousel-free-id-4411.sp-wpcp-4411 .wpcp-swiper-dots .swiper-pagination-bullet.swiper-pagination-bullet-active {background-color: #178087;} #sp-wp-carousel-free-id-4411.sp-wpcp-4411.wpcp-image-carousel .wpcp-single-item:hover img, #sp-wp-carousel-free-id-4411.sp-wpcp-4411.wpcp-post-carousel .wpcp-single-item:hover img, #sp-wp-carousel-free-id-4411.sp-wpcp-4411.wpcp-product-carousel .wpcp-single-item:hover img{-webkit-transform: scale(1.2);-moz-transform: scale(1.2);transform: scale(1.2);}#sp-wp-carousel-free-id-4411 .wpcpro-row>[class*=\"wpcpro-col-\"] { padding: 0 10px; padding-bottom: 20px;} #sp-wp-carousel-free-id-4411 .swiper-slide .single-item-fade:not(:last-child) { margin-right: 20px;}@media (min-width: 480px) { .wpcpro-row .wpcpro-col-sm-1 { flex: 0 0 100%; max-width: 100%; } .wpcpro-row .wpcpro-col-sm-2 { flex: 0 0 50%; max-width: 50%; } .wpcpro-row .wpcpro-col-sm-2-5 { flex: 0 0 75%; max-width: 75%; } .wpcpro-row .wpcpro-col-sm-3 { flex: 0 0 33.333%; max-width: 33.333%; } .wpcpro-row .wpcpro-col-sm-4 { flex: 0 0 25%; max-width: 25%; } .wpcpro-row .wpcpro-col-sm-5 { flex: 0 0 20%; max-width: 20%; } .wpcpro-row .wpcpro-col-sm-6 { flex: 0 0 16.66666666666667%; max-width: 16.66666666666667%; } .wpcpro-row .wpcpro-col-sm-7 { flex: 0 0 14.28571428%; max-width: 14.28571428%; } .wpcpro-row .wpcpro-col-sm-8 { flex: 0 0 12.5%; max-width: 12.5%; } } @media (max-width: 480px) { .wpcpro-row .wpcpro-col-xs-1 { flex: 0 0 100%; max-width: 100%; } .wpcpro-row .wpcpro-col-xs-2 { flex: 0 0 50%; max-width: 50%; } .wpcpro-row .wpcpro-col-xs-3 { flex: 0 0 33.222%; max-width: 33.222%; } .wpcpro-row .wpcpro-col-xs-4 { flex: 0 0 25%; max-width: 25%; } .wpcpro-row .wpcpro-col-xs-5 { flex: 0 0 20%; max-width: 20%; } .wpcpro-row .wpcpro-col-xs-6 { flex: 0 0 16.6667%; max-width: 16.6667%; } .wpcpro-row .wpcpro-col-xs-7 { flex: 0 0 14.28571428%; max-width: 14.28571428%; } .wpcpro-row .wpcpro-col-xs-8 { flex: 0 0 12.5%; max-width: 12.5%; } } @media (min-width: 736px) { .wpcpro-row .wpcpro-col-md-1 { flex: 0 0 100%; max-width: 100%; } .wpcpro-row .wpcpro-col-md-2 { flex: 0 0 50%; max-width: 50%; } .wpcpro-row .wpcpro-col-md-2-5 { flex: 0 0 75%; max-width: 75%; } .wpcpro-row .wpcpro-col-md-3 { flex: 0 0 33.333%; max-width: 33.333%; } .wpcpro-row .wpcpro-col-md-4 { flex: 0 0 25%; max-width: 25%; } .wpcpro-row .wpcpro-col-md-5 { flex: 0 0 20%; max-width: 20%; } .wpcpro-row .wpcpro-col-md-6 { flex: 0 0 16.66666666666667%; max-width: 16.66666666666667%; } .wpcpro-row .wpcpro-col-md-7 { flex: 0 0 14.28571428%; max-width: 14.28571428%; } .wpcpro-row .wpcpro-col-md-8 { flex: 0 0 12.5%; max-width: 12.5%; } } @media (min-width: 980px) { .wpcpro-row .wpcpro-col-lg-1 { flex: 0 0 100%; max-width: 100%; } .wpcpro-row .wpcpro-col-lg-2 { flex: 0 0 50%; max-width: 50%; } .wpcpro-row .wpcpro-col-lg-3 { flex: 0 0 33.222%; max-width: 33.222%; } .wpcpro-row .wpcpro-col-lg-4 { flex: 0 0 25%; max-width: 25%; } .wpcpro-row .wpcpro-col-lg-5 { flex: 0 0 20%; max-width: 20%; } .wpcpro-row .wpcpro-col-lg-6 { flex: 0 0 16.6667%; max-width: 16.6667%; } .wpcpro-row .wpcpro-col-lg-7 { flex: 0 0 14.28571428%; max-width: 14.28571428%; } .wpcpro-row .wpcpro-col-lg-8 { flex: 0 0 12.5%; max-width: 12.5%; } } @media (min-width: 1200px) { .wpcpro-row .wpcpro-col-xl-1 { flex: 0 0 100%; max-width: 100%; } .wpcpro-row .wpcpro-col-xl-2 { flex: 0 0 50%; max-width: 50%; } .wpcpro-row .wpcpro-col-xl-3 { flex: 0 0 33.22222222%; max-width: 33.22222222%; } .wpcpro-row .wpcpro-col-xl-4 { flex: 0 0 25%; max-width: 25%; } .wpcpro-row .wpcpro-col-xl-5 { flex: 0 0 20%; max-width: 20%; } .wpcpro-row .wpcpro-col-xl-6 { flex: 0 0 16.66667%; max-width: 16.66667%; } .wpcpro-row .wpcpro-col-xl-7 { flex: 0 0 14.28571428%; max-width: 14.28571428%; } .wpcpro-row .wpcpro-col-xl-8 { flex: 0 0 12.5%; max-width: 12.5%; } }<\/style><div class=\"wpcp-carousel-wrapper wpcp-wrapper-4411\">\n\t<div id=\"wpcp-preloader-4411\" class=\"wpcp-carousel-preloader\"><img decoding=\"async\" src=\"https:\/\/ervadaninha.pt\/wp1\/wp-content\/plugins\/wp-carousel-free\/public\/css\/spinner.svg\" alt=\"Preloader Image\" \/><\/div>\t<div class=\"wpcp-carousel-content-wrapper\">\n\t<div id=\"sp-wp-carousel-free-id-4411\" class=\"wpcp-carousel-section sp-wpcp-4411  nav-vertical-center wpcp-image-carousel wpcp-preloader wpcp-standard wpcp-center\" data-swiper='{ &quot;pagination_type&quot;: &quot;dynamic&quot;,&quot;accessibility&quot;:true, &quot;spaceBetween&quot;:20, &quot;arrows&quot;:true, &quot;freeMode&quot;: false, &quot;autoplay&quot;:false, &quot;effect&quot;: &quot;slide&quot;, &quot;centerMode&quot;: true, &quot;autoplaySpeed&quot;:3000, &quot;dots&quot;:true, &quot;infinite&quot;:true, &quot;speed&quot;:600, &quot;pauseOnHover&quot;:true,\n\t\t\t&quot;slidesToShow&quot;:{&quot;lg_desktop&quot;:3, &quot;desktop&quot;: 3, &quot;laptop&quot;: 3, &quot;tablet&quot;: 2, &quot;mobile&quot;: 1}, &quot;responsive&quot;:{&quot;desktop&quot;:1200, &quot;laptop&quot;: 980, &quot;tablet&quot;: 736, &quot;mobile&quot;: 480}, &quot;rtl&quot;:false, &quot;lazyLoad&quot;: &quot;false&quot;, &quot;swipe&quot;: true, &quot;draggable&quot;: true, &quot;swipeToSlide&quot;:false }' dir=\"ltr\">\n\t\t<div class=\"swiper-wrapper\">\n\t\t<div class=\"swiper-slide\">\n\t<div class=\"wpcp-single-item\">\n\t\t\t<a class=\"wcp-light-box\" data-buttons='[\"close\"]' data-wpc_url='https:\/\/ervadaninha.pt\/wp1\/wp-content\/uploads\/2025\/10\/photos.00_05_42_13.Still010-scaled.jpg' href=\"https:\/\/ervadaninha.pt\/wp1\/wp-content\/uploads\/2025\/10\/photos.00_05_42_13.Still010-scaled.jpg\" data-fancybox=\"wpcp_view\">\n\t\t<figure>\n\t\t\t<img decoding=\"async\" loading=\"lazy\" class=\"skip-lazy\" src=\"https:\/\/ervadaninha.pt\/wp1\/wp-content\/uploads\/2025\/10\/photos.00_05_42_13.Still010-scaled.jpg\" alt=\"photos.00_05_42_13.Still010\" width=\"2560\" height=\"1440\">\t\t<\/figure>\n\t<\/a>\n\t\t<\/div>\n<\/div>\n\t<div class=\"swiper-slide\">\n\t<div class=\"wpcp-single-item\">\n\t\t\t<a class=\"wcp-light-box\" data-buttons='[\"close\"]' data-wpc_url='https:\/\/ervadaninha.pt\/wp1\/wp-content\/uploads\/2025\/10\/Ready_ErvaDaninha_4.jpg' href=\"https:\/\/ervadaninha.pt\/wp1\/wp-content\/uploads\/2025\/10\/Ready_ErvaDaninha_4.jpg\" data-fancybox=\"wpcp_view\">\n\t\t<figure>\n\t\t\t<img decoding=\"async\" loading=\"lazy\" class=\"skip-lazy\" src=\"https:\/\/ervadaninha.pt\/wp1\/wp-content\/uploads\/2025\/10\/Ready_ErvaDaninha_4.jpg\" alt=\"Ready_ErvaDaninha_4\" width=\"1080\" height=\"1622\">\t\t<\/figure>\n\t<\/a>\n\t\t<\/div>\n<\/div>\n\t<div class=\"swiper-slide\">\n\t<div class=\"wpcp-single-item\">\n\t\t\t<a class=\"wcp-light-box\" data-buttons='[\"close\"]' data-wpc_url='https:\/\/ervadaninha.pt\/wp1\/wp-content\/uploads\/2025\/10\/OS6C4281-Ashleigh-Georgiou-READY-scaled.jpg' href=\"https:\/\/ervadaninha.pt\/wp1\/wp-content\/uploads\/2025\/10\/OS6C4281-Ashleigh-Georgiou-READY-scaled.jpg\" data-fancybox=\"wpcp_view\">\n\t\t<figure>\n\t\t\t<img decoding=\"async\" loading=\"lazy\" class=\"skip-lazy\" src=\"https:\/\/ervadaninha.pt\/wp1\/wp-content\/uploads\/2025\/10\/OS6C4281-Ashleigh-Georgiou-READY-scaled.jpg\" alt=\"OS6C4281 Ashleigh Georgiou READY\" width=\"2560\" height=\"1707\">\t\t<\/figure>\n\t<\/a>\n\t\t<\/div>\n<\/div>\n\t<div class=\"swiper-slide\">\n\t<div class=\"wpcp-single-item\">\n\t\t\t<a class=\"wcp-light-box\" data-buttons='[\"close\"]' data-wpc_url='https:\/\/ervadaninha.pt\/wp1\/wp-content\/uploads\/2025\/10\/Ready_ErvaDaninha_2.jpg' href=\"https:\/\/ervadaninha.pt\/wp1\/wp-content\/uploads\/2025\/10\/Ready_ErvaDaninha_2.jpg\" data-fancybox=\"wpcp_view\">\n\t\t<figure>\n\t\t\t<img decoding=\"async\" loading=\"lazy\" class=\"skip-lazy\" src=\"https:\/\/ervadaninha.pt\/wp1\/wp-content\/uploads\/2025\/10\/Ready_ErvaDaninha_2.jpg\" alt=\"Ready_ErvaDaninha_2\" width=\"1116\" height=\"1824\">\t\t<\/figure>\n\t<\/a>\n\t\t<\/div>\n<\/div>\n\t<div class=\"swiper-slide\">\n\t<div class=\"wpcp-single-item\">\n\t\t\t<a class=\"wcp-light-box\" data-buttons='[\"close\"]' data-wpc_url='https:\/\/ervadaninha.pt\/wp1\/wp-content\/uploads\/2025\/10\/ready_1-scaled.jpg' href=\"https:\/\/ervadaninha.pt\/wp1\/wp-content\/uploads\/2025\/10\/ready_1-scaled.jpg\" data-fancybox=\"wpcp_view\">\n\t\t<figure>\n\t\t\t<img decoding=\"async\" loading=\"lazy\" class=\"skip-lazy\" src=\"https:\/\/ervadaninha.pt\/wp1\/wp-content\/uploads\/2025\/10\/ready_1-scaled.jpg\" alt=\"ready_1\" width=\"2560\" height=\"1440\">\t\t<\/figure>\n\t<\/a>\n\t\t<\/div>\n<\/div>\n\t\t\t<\/div>\n\t\t\t\t\t<div class=\"wpcp-swiper-dots swiper-pagination\"><\/div>\n\t\t\t\t<!-- If we need navigation buttons -->\n\t\t\t\t\t<div class=\"wpcp-prev-button swiper-button-prev\"><i class=\"fa fa-angle-left\"><\/i><\/div>\n\t\t\t<div class=\"wpcp-next-button swiper-button-next\"><i class=\"fa fa-angle-right\"><\/i><\/div>\n\t\t\t<\/div>\n\t<\/div>\n<\/div>\n<\/div>\n\n\n<div style=\"height:30px\" aria-hidden=\"true\" class=\"wp-block-spacer\"><\/div>\n\n\n\n<p>Guerreiros dan\u00e7antes, manipuladores de armas invis\u00edveis, sublimam a guerra numa batalha sem inimigos, num baile de defesa sem ataque. Rodeados de informa\u00e7\u00e3o pl\u00e1stica e melodias dissonantes tr\u00eas malabaristas criam um bailado de objetos, corpos e ambientes numa composi\u00e7\u00e3o baseada em repeti\u00e7\u00f5es, sobreposi\u00e7\u00f5es, avan\u00e7os e recuos.<\/p>\n","protected":false},"excerpt":{"rendered":"<p>dire\u00e7\u00e3o art\u00edstica artistic direction VASCO GOMES | assist\u00eancia dire\u00e7\u00e3o e dire\u00e7\u00e3o pl\u00e1stica assistance direction and plastic JULIETA GUIMAR\u00c3ES | m\u00fasica music JO\u00c3O QUINTELA | cocria\u00e7\u00e3o e interpreta\u00e7\u00e3o co-creation and interpretation [&hellip;]<\/p>\n","protected":false},"author":1,"featured_media":0,"parent":0,"menu_order":0,"comment_status":"closed","ping_status":"closed","template":"","meta":{"_themeisle_gutenberg_block_has_review":false,"jetpack_post_was_ever_published":false,"footnotes":""},"tags":[],"yoast_head":"<!-- This site is optimized with the Yoast SEO plugin v21.0 - https:\/\/yoast.com\/wordpress\/plugins\/seo\/ -->\n<title>READY - Erva Daninha<\/title>\n<meta name=\"robots\" content=\"index, follow, max-snippet:-1, max-image-preview:large, max-video-preview:-1\" \/>\n<link rel=\"canonical\" href=\"https:\/\/ervadaninha.pt\/wp1\/index.php\/ready\/\" \/>\n<meta property=\"og:locale\" content=\"pt_PT\" \/>\n<meta property=\"og:type\" content=\"article\" \/>\n<meta property=\"og:title\" content=\"READY - Erva Daninha\" \/>\n<meta property=\"og:description\" content=\"dire\u00e7\u00e3o art\u00edstica artistic direction VASCO GOMES | assist\u00eancia dire\u00e7\u00e3o e dire\u00e7\u00e3o pl\u00e1stica assistance direction and plastic JULIETA GUIMAR\u00c3ES | m\u00fasica music JO\u00c3O QUINTELA | cocria\u00e7\u00e3o e interpreta\u00e7\u00e3o co-creation and interpretation [&hellip;]\" \/>\n<meta property=\"og:url\" content=\"https:\/\/ervadaninha.pt\/wp1\/index.php\/ready\/\" \/>\n<meta property=\"og:site_name\" content=\"Erva Daninha\" \/>\n<meta property=\"article:modified_time\" content=\"2025-11-13T14:47:21+00:00\" \/>\n<meta name=\"twitter:card\" content=\"summary_large_image\" \/>\n<meta name=\"twitter:label1\" content=\"Tempo estimado de leitura\" \/>\n\t<meta name=\"twitter:data1\" content=\"1 minuto\" \/>\n<script type=\"application\/ld+json\" class=\"yoast-schema-graph\">{\"@context\":\"https:\/\/schema.org\",\"@graph\":[{\"@type\":\"WebPage\",\"@id\":\"https:\/\/ervadaninha.pt\/wp1\/index.php\/ready\/\",\"url\":\"https:\/\/ervadaninha.pt\/wp1\/index.php\/ready\/\",\"name\":\"READY - Erva Daninha\",\"isPartOf\":{\"@id\":\"https:\/\/ervadaninha.pt\/wp1\/#website\"},\"datePublished\":\"2025-10-22T09:20:12+00:00\",\"dateModified\":\"2025-11-13T14:47:21+00:00\",\"breadcrumb\":{\"@id\":\"https:\/\/ervadaninha.pt\/wp1\/index.php\/ready\/#breadcrumb\"},\"inLanguage\":\"pt-PT\",\"potentialAction\":[{\"@type\":\"ReadAction\",\"target\":[\"https:\/\/ervadaninha.pt\/wp1\/index.php\/ready\/\"]}]},{\"@type\":\"BreadcrumbList\",\"@id\":\"https:\/\/ervadaninha.pt\/wp1\/index.php\/ready\/#breadcrumb\",\"itemListElement\":[{\"@type\":\"ListItem\",\"position\":1,\"name\":\"Home\",\"item\":\"https:\/\/ervadaninha.pt\/wp1\/\"},{\"@type\":\"ListItem\",\"position\":2,\"name\":\"READY\"}]},{\"@type\":\"WebSite\",\"@id\":\"https:\/\/ervadaninha.pt\/wp1\/#website\",\"url\":\"https:\/\/ervadaninha.pt\/wp1\/\",\"name\":\"Erva Daninha\",\"description\":\"Erva Daninha\",\"publisher\":{\"@id\":\"https:\/\/ervadaninha.pt\/wp1\/#organization\"},\"potentialAction\":[{\"@type\":\"SearchAction\",\"target\":{\"@type\":\"EntryPoint\",\"urlTemplate\":\"https:\/\/ervadaninha.pt\/wp1\/?s={search_term_string}\"},\"query-input\":\"required name=search_term_string\"}],\"inLanguage\":\"pt-PT\"},{\"@type\":\"Organization\",\"@id\":\"https:\/\/ervadaninha.pt\/wp1\/#organization\",\"name\":\"Erva Daninha\",\"url\":\"https:\/\/ervadaninha.pt\/wp1\/\",\"logo\":{\"@type\":\"ImageObject\",\"inLanguage\":\"pt-PT\",\"@id\":\"https:\/\/ervadaninha.pt\/wp1\/#\/schema\/logo\/image\/\",\"url\":\"https:\/\/ervadaninha.pt\/wp1\/wp-content\/uploads\/2023\/09\/cropped-ervadaninha_preto_s.png\",\"contentUrl\":\"https:\/\/ervadaninha.pt\/wp1\/wp-content\/uploads\/2023\/09\/cropped-ervadaninha_preto_s.png\",\"width\":100,\"height\":49,\"caption\":\"Erva Daninha\"},\"image\":{\"@id\":\"https:\/\/ervadaninha.pt\/wp1\/#\/schema\/logo\/image\/\"}}]}<\/script>\n<!-- \/ Yoast SEO plugin. -->","yoast_head_json":{"title":"READY - Erva Daninha","robots":{"index":"index","follow":"follow","max-snippet":"max-snippet:-1","max-image-preview":"max-image-preview:large","max-video-preview":"max-video-preview:-1"},"canonical":"https:\/\/ervadaninha.pt\/wp1\/index.php\/ready\/","og_locale":"pt_PT","og_type":"article","og_title":"READY - Erva Daninha","og_description":"dire\u00e7\u00e3o art\u00edstica artistic direction VASCO GOMES | assist\u00eancia dire\u00e7\u00e3o e dire\u00e7\u00e3o pl\u00e1stica assistance direction and plastic JULIETA GUIMAR\u00c3ES | m\u00fasica music JO\u00c3O QUINTELA | cocria\u00e7\u00e3o e interpreta\u00e7\u00e3o co-creation and interpretation [&hellip;]","og_url":"https:\/\/ervadaninha.pt\/wp1\/index.php\/ready\/","og_site_name":"Erva Daninha","article_modified_time":"2025-11-13T14:47:21+00:00","twitter_card":"summary_large_image","twitter_misc":{"Tempo estimado de leitura":"1 minuto"},"schema":{"@context":"https:\/\/schema.org","@graph":[{"@type":"WebPage","@id":"https:\/\/ervadaninha.pt\/wp1\/index.php\/ready\/","url":"https:\/\/ervadaninha.pt\/wp1\/index.php\/ready\/","name":"READY - Erva Daninha","isPartOf":{"@id":"https:\/\/ervadaninha.pt\/wp1\/#website"},"datePublished":"2025-10-22T09:20:12+00:00","dateModified":"2025-11-13T14:47:21+00:00","breadcrumb":{"@id":"https:\/\/ervadaninha.pt\/wp1\/index.php\/ready\/#breadcrumb"},"inLanguage":"pt-PT","potentialAction":[{"@type":"ReadAction","target":["https:\/\/ervadaninha.pt\/wp1\/index.php\/ready\/"]}]},{"@type":"BreadcrumbList","@id":"https:\/\/ervadaninha.pt\/wp1\/index.php\/ready\/#breadcrumb","itemListElement":[{"@type":"ListItem","position":1,"name":"Home","item":"https:\/\/ervadaninha.pt\/wp1\/"},{"@type":"ListItem","position":2,"name":"READY"}]},{"@type":"WebSite","@id":"https:\/\/ervadaninha.pt\/wp1\/#website","url":"https:\/\/ervadaninha.pt\/wp1\/","name":"Erva Daninha","description":"Erva Daninha","publisher":{"@id":"https:\/\/ervadaninha.pt\/wp1\/#organization"},"potentialAction":[{"@type":"SearchAction","target":{"@type":"EntryPoint","urlTemplate":"https:\/\/ervadaninha.pt\/wp1\/?s={search_term_string}"},"query-input":"required name=search_term_string"}],"inLanguage":"pt-PT"},{"@type":"Organization","@id":"https:\/\/ervadaninha.pt\/wp1\/#organization","name":"Erva Daninha","url":"https:\/\/ervadaninha.pt\/wp1\/","logo":{"@type":"ImageObject","inLanguage":"pt-PT","@id":"https:\/\/ervadaninha.pt\/wp1\/#\/schema\/logo\/image\/","url":"https:\/\/ervadaninha.pt\/wp1\/wp-content\/uploads\/2023\/09\/cropped-ervadaninha_preto_s.png","contentUrl":"https:\/\/ervadaninha.pt\/wp1\/wp-content\/uploads\/2023\/09\/cropped-ervadaninha_preto_s.png","width":100,"height":49,"caption":"Erva Daninha"},"image":{"@id":"https:\/\/ervadaninha.pt\/wp1\/#\/schema\/logo\/image\/"}}]}},"jetpack_sharing_enabled":true,"jetpack_shortlink":"https:\/\/wp.me\/P6f9xd-19S","_links":{"self":[{"href":"https:\/\/ervadaninha.pt\/wp1\/index.php\/wp-json\/wp\/v2\/pages\/4456"}],"collection":[{"href":"https:\/\/ervadaninha.pt\/wp1\/index.php\/wp-json\/wp\/v2\/pages"}],"about":[{"href":"https:\/\/ervadaninha.pt\/wp1\/index.php\/wp-json\/wp\/v2\/types\/page"}],"author":[{"embeddable":true,"href":"https:\/\/ervadaninha.pt\/wp1\/index.php\/wp-json\/wp\/v2\/users\/1"}],"replies":[{"embeddable":true,"href":"https:\/\/ervadaninha.pt\/wp1\/index.php\/wp-json\/wp\/v2\/comments?post=4456"}],"version-history":[{"count":1,"href":"https:\/\/ervadaninha.pt\/wp1\/index.php\/wp-json\/wp\/v2\/pages\/4456\/revisions"}],"predecessor-version":[{"id":4457,"href":"https:\/\/ervadaninha.pt\/wp1\/index.php\/wp-json\/wp\/v2\/pages\/4456\/revisions\/4457"}],"wp:attachment":[{"href":"https:\/\/ervadaninha.pt\/wp1\/index.php\/wp-json\/wp\/v2\/media?parent=4456"}],"wp:term":[{"taxonomy":"post_tag","embeddable":true,"href":"https:\/\/ervadaninha.pt\/wp1\/index.php\/wp-json\/wp\/v2\/tags?post=4456"}],"curies":[{"name":"wp","href":"https:\/\/api.w.org\/{rel}","templated":true}]}}