{"id":3845,"date":"2025-08-04T13:59:09","date_gmt":"2025-08-04T13:59:09","guid":{"rendered":"https:\/\/ervadaninha.pt\/wp1\/?page_id=3845"},"modified":"2025-08-04T13:59:16","modified_gmt":"2025-08-04T13:59:16","slug":"completed","status":"publish","type":"page","link":"https:\/\/ervadaninha.pt\/wp1\/index.php\/en\/completed\/","title":{"rendered":"Completed"},"content":{"rendered":"\n<p><\/p>\n\n\n\n<p><strong><mark style=\"background-color:#7cc4f1\" class=\"has-inline-color\">CIRCO EL\u00c9TRICO &#8211; 2022\/23<\/mark><\/strong><\/p>\n\n\n\n<p>O Circo El\u00e9trico was created through the Active Citizens Programme and is part of axis 3, which aims to empower vulnerable groups. It is funded by public resources from Iceland, Liechtenstein, and Norway (EEA Grants), with the support of the CALOUSTE GULBENKIAN FOUNDATION and the BISSAYA BARRETO FOUNDATION.<\/p>\n\n\n\n<figure class=\"wp-block-gallery has-nested-images columns-default is-cropped wp-block-gallery-1 is-layout-flex wp-block-gallery-is-layout-flex\">\n<figure class=\"wp-block-image size-large\"><a href=\"https:\/\/ervadaninha.pt\/wp1\/wp-content\/uploads\/2023\/09\/la-plage@AshleighGeorgiou-36-scaled.jpg\"><img decoding=\"async\" loading=\"lazy\" width=\"940\" height=\"529\" data-id=\"2715\" src=\"https:\/\/ervadaninha.pt\/wp1\/wp-content\/uploads\/2023\/09\/la-plage@AshleighGeorgiou-36-940x529.jpg\" alt=\"\" class=\"wp-image-2715\" srcset=\"https:\/\/ervadaninha.pt\/wp1\/wp-content\/uploads\/2023\/09\/la-plage@AshleighGeorgiou-36-940x529.jpg 940w, https:\/\/ervadaninha.pt\/wp1\/wp-content\/uploads\/2023\/09\/la-plage@AshleighGeorgiou-36-620x349.jpg 620w, https:\/\/ervadaninha.pt\/wp1\/wp-content\/uploads\/2023\/09\/la-plage@AshleighGeorgiou-36-768x432.jpg 768w, https:\/\/ervadaninha.pt\/wp1\/wp-content\/uploads\/2023\/09\/la-plage@AshleighGeorgiou-36-1536x864.jpg 1536w, https:\/\/ervadaninha.pt\/wp1\/wp-content\/uploads\/2023\/09\/la-plage@AshleighGeorgiou-36-2048x1152.jpg 2048w, https:\/\/ervadaninha.pt\/wp1\/wp-content\/uploads\/2023\/09\/la-plage@AshleighGeorgiou-36-300x169.jpg 300w\" sizes=\"(max-width: 940px) 100vw, 940px\" \/><\/a><\/figure>\n\n\n\n<figure class=\"wp-block-image size-large\"><a href=\"https:\/\/ervadaninha.pt\/wp1\/wp-content\/uploads\/2023\/09\/la-plage@AshleighGeorgiou-43-scaled.jpg\"><img decoding=\"async\" loading=\"lazy\" width=\"940\" height=\"627\" data-id=\"2716\" src=\"https:\/\/ervadaninha.pt\/wp1\/wp-content\/uploads\/2023\/09\/la-plage@AshleighGeorgiou-43-940x627.jpg\" alt=\"\" class=\"wp-image-2716\" srcset=\"https:\/\/ervadaninha.pt\/wp1\/wp-content\/uploads\/2023\/09\/la-plage@AshleighGeorgiou-43-940x627.jpg 940w, https:\/\/ervadaninha.pt\/wp1\/wp-content\/uploads\/2023\/09\/la-plage@AshleighGeorgiou-43-620x413.jpg 620w, https:\/\/ervadaninha.pt\/wp1\/wp-content\/uploads\/2023\/09\/la-plage@AshleighGeorgiou-43-768x512.jpg 768w, https:\/\/ervadaninha.pt\/wp1\/wp-content\/uploads\/2023\/09\/la-plage@AshleighGeorgiou-43-1536x1024.jpg 1536w, https:\/\/ervadaninha.pt\/wp1\/wp-content\/uploads\/2023\/09\/la-plage@AshleighGeorgiou-43-2048x1365.jpg 2048w, https:\/\/ervadaninha.pt\/wp1\/wp-content\/uploads\/2023\/09\/la-plage@AshleighGeorgiou-43-300x200.jpg 300w\" sizes=\"(max-width: 940px) 100vw, 940px\" \/><\/a><\/figure>\n<\/figure>\n\n\n\n<p>The Centro Social do Soutelo, the Companhia Erva Daninha and the Funda\u00e7\u00e3o Salesianos (Delega\u00e7\u00e3o do Porto \u2013 Projeto Solsal), re the entities responsible for implementing the project, which ran from May 2022 to July 2023.<\/p>\n\n\n\n<figure class=\"wp-block-embed aligncenter is-type-video is-provider-youtube wp-block-embed-youtube wp-embed-aspect-16-9 wp-has-aspect-ratio\"><div class=\"wp-block-embed__wrapper\">\n<div class=\"jetpack-video-wrapper\"><span class=\"embed-youtube\" style=\"text-align:center; display: block;\"><iframe loading=\"lazy\" class=\"youtube-player\" width=\"764\" height=\"430\" src=\"https:\/\/www.youtube.com\/embed\/EjBHzaVbe5M?version=3&#038;rel=1&#038;showsearch=0&#038;showinfo=1&#038;iv_load_policy=1&#038;fs=1&#038;hl=pt-PT&#038;autohide=2&#038;wmode=transparent\" allowfullscreen=\"true\" style=\"border:0;\" sandbox=\"allow-scripts allow-same-origin allow-popups allow-presentation\"><\/iframe><\/span><\/div>\n<\/div><\/figure>\n\n\n\n<p>The project targets young people aged 18 to 30 in situations of economic vulnerability <strong>NEET<\/strong>&nbsp;<em>Not in Education, Employment or Training<\/em>&nbsp;(Not in Education, Employment or Training) in the municipalities of Porto and Gondomar.<\/p>\n\n\n\n<p><a href=\"https:\/\/ocircoeletrico.wordpress.com\" target=\"_blank\" rel=\"noreferrer noopener\">blog<\/a><\/p>\n\n\n\n<hr class=\"wp-block-separator has-alpha-channel-opacity\"\/>\n\n\n\n<p><strong>ALDEAR <\/strong>&#8211; 2021 &#8211; artistic project by the INTERMUNICIPAL COMMUNITY OF T\u00c2MEGA E SOUSA, aiming to enhance intermunicipal identity and territorial cohesion <a href=\"https:\/\/www.aldear.pt\/aldear\">link<\/a><\/p>\n\n\n\n<p><strong>ESQUECI <\/strong>&#8211; 2019 &#8211; artistic project (training\/intervention) with young people from the CENTRO EDUCATIVO STO ANT\u00d3NIO \u2013 performance at TRENGO 2019<\/p>\n\n\n\n<p><strong>CASA <\/strong>&#8211; 2017 &#8211; artistic project (training\/intervention) with youth from care homes in Viseu \u2013 co-produced by VISEU TERCEIRO, VISEU MUNICIPAL COUNCIL<\/p>\n\n\n\n<p><strong>LOCOMOTIVA<\/strong> &#8211; 2015 &#8211; training and artistic creation project with site-specific performance <\/p>\n\n\n\n<p><strong>TREINOS ABERTOS de CIRCO<\/strong> &#8211;  weekly open and free circus training space \u2013 F\u00c1BRICA DA RUA DA ALEGRIA + TEATRO CAMPO ALEGRE<\/p>\n\n\n\n<p><\/p>\n","protected":false},"excerpt":{"rendered":"<p>CIRCO EL\u00c9TRICO &#8211; 2022\/23 O Circo El\u00e9trico was created through the Active Citizens Programme and is part of axis 3, which aims to empower vulnerable groups. It is funded by [&hellip;]<\/p>\n","protected":false},"author":1,"featured_media":0,"parent":0,"menu_order":0,"comment_status":"closed","ping_status":"closed","template":"","meta":{"_themeisle_gutenberg_block_has_review":false,"jetpack_post_was_ever_published":false,"footnotes":""},"tags":[],"yoast_head":"<!-- This site is optimized with the Yoast SEO plugin v21.0 - https:\/\/yoast.com\/wordpress\/plugins\/seo\/ -->\n<title>Completed - Erva Daninha<\/title>\n<meta name=\"robots\" content=\"index, follow, max-snippet:-1, max-image-preview:large, max-video-preview:-1\" \/>\n<link rel=\"canonical\" href=\"https:\/\/ervadaninha.pt\/wp1\/index.php\/en\/completed\/\" \/>\n<meta property=\"og:locale\" content=\"pt_PT\" \/>\n<meta property=\"og:type\" content=\"article\" \/>\n<meta property=\"og:title\" content=\"Completed - Erva Daninha\" \/>\n<meta property=\"og:description\" content=\"CIRCO EL\u00c9TRICO &#8211; 2022\/23 O Circo El\u00e9trico was created through the Active Citizens Programme and is part of axis 3, which aims to empower vulnerable groups. It is funded by [&hellip;]\" \/>\n<meta property=\"og:url\" content=\"https:\/\/ervadaninha.pt\/wp1\/index.php\/en\/completed\/\" \/>\n<meta property=\"og:site_name\" content=\"Erva Daninha\" \/>\n<meta property=\"article:modified_time\" content=\"2025-08-04T13:59:16+00:00\" \/>\n<meta property=\"og:image\" content=\"https:\/\/ervadaninha.pt\/wp1\/wp-content\/uploads\/2023\/09\/la-plage@AshleighGeorgiou-36-940x529.jpg\" \/>\n<meta name=\"twitter:card\" content=\"summary_large_image\" \/>\n<meta name=\"twitter:label1\" content=\"Tempo estimado de leitura\" \/>\n\t<meta name=\"twitter:data1\" content=\"2 minutos\" \/>\n<script type=\"application\/ld+json\" class=\"yoast-schema-graph\">{\"@context\":\"https:\/\/schema.org\",\"@graph\":[{\"@type\":\"WebPage\",\"@id\":\"https:\/\/ervadaninha.pt\/wp1\/index.php\/en\/completed\/\",\"url\":\"https:\/\/ervadaninha.pt\/wp1\/index.php\/en\/completed\/\",\"name\":\"Completed - Erva Daninha\",\"isPartOf\":{\"@id\":\"https:\/\/ervadaninha.pt\/wp1\/#website\"},\"datePublished\":\"2025-08-04T13:59:09+00:00\",\"dateModified\":\"2025-08-04T13:59:16+00:00\",\"breadcrumb\":{\"@id\":\"https:\/\/ervadaninha.pt\/wp1\/index.php\/en\/completed\/#breadcrumb\"},\"inLanguage\":\"pt-PT\",\"potentialAction\":[{\"@type\":\"ReadAction\",\"target\":[\"https:\/\/ervadaninha.pt\/wp1\/index.php\/en\/completed\/\"]}]},{\"@type\":\"BreadcrumbList\",\"@id\":\"https:\/\/ervadaninha.pt\/wp1\/index.php\/en\/completed\/#breadcrumb\",\"itemListElement\":[{\"@type\":\"ListItem\",\"position\":1,\"name\":\"Home\",\"item\":\"https:\/\/ervadaninha.pt\/wp1\/\"},{\"@type\":\"ListItem\",\"position\":2,\"name\":\"Completed\"}]},{\"@type\":\"WebSite\",\"@id\":\"https:\/\/ervadaninha.pt\/wp1\/#website\",\"url\":\"https:\/\/ervadaninha.pt\/wp1\/\",\"name\":\"Erva Daninha\",\"description\":\"Erva Daninha\",\"publisher\":{\"@id\":\"https:\/\/ervadaninha.pt\/wp1\/#organization\"},\"potentialAction\":[{\"@type\":\"SearchAction\",\"target\":{\"@type\":\"EntryPoint\",\"urlTemplate\":\"https:\/\/ervadaninha.pt\/wp1\/?s={search_term_string}\"},\"query-input\":\"required name=search_term_string\"}],\"inLanguage\":\"pt-PT\"},{\"@type\":\"Organization\",\"@id\":\"https:\/\/ervadaninha.pt\/wp1\/#organization\",\"name\":\"Erva Daninha\",\"url\":\"https:\/\/ervadaninha.pt\/wp1\/\",\"logo\":{\"@type\":\"ImageObject\",\"inLanguage\":\"pt-PT\",\"@id\":\"https:\/\/ervadaninha.pt\/wp1\/#\/schema\/logo\/image\/\",\"url\":\"https:\/\/ervadaninha.pt\/wp1\/wp-content\/uploads\/2023\/09\/cropped-ervadaninha_preto_s.png\",\"contentUrl\":\"https:\/\/ervadaninha.pt\/wp1\/wp-content\/uploads\/2023\/09\/cropped-ervadaninha_preto_s.png\",\"width\":100,\"height\":49,\"caption\":\"Erva Daninha\"},\"image\":{\"@id\":\"https:\/\/ervadaninha.pt\/wp1\/#\/schema\/logo\/image\/\"}}]}<\/script>\n<!-- \/ Yoast SEO plugin. -->","yoast_head_json":{"title":"Completed - Erva Daninha","robots":{"index":"index","follow":"follow","max-snippet":"max-snippet:-1","max-image-preview":"max-image-preview:large","max-video-preview":"max-video-preview:-1"},"canonical":"https:\/\/ervadaninha.pt\/wp1\/index.php\/en\/completed\/","og_locale":"pt_PT","og_type":"article","og_title":"Completed - Erva Daninha","og_description":"CIRCO EL\u00c9TRICO &#8211; 2022\/23 O Circo El\u00e9trico was created through the Active Citizens Programme and is part of axis 3, which aims to empower vulnerable groups. It is funded by [&hellip;]","og_url":"https:\/\/ervadaninha.pt\/wp1\/index.php\/en\/completed\/","og_site_name":"Erva Daninha","article_modified_time":"2025-08-04T13:59:16+00:00","og_image":[{"url":"https:\/\/ervadaninha.pt\/wp1\/wp-content\/uploads\/2023\/09\/la-plage@AshleighGeorgiou-36-940x529.jpg"}],"twitter_card":"summary_large_image","twitter_misc":{"Tempo estimado de leitura":"2 minutos"},"schema":{"@context":"https:\/\/schema.org","@graph":[{"@type":"WebPage","@id":"https:\/\/ervadaninha.pt\/wp1\/index.php\/en\/completed\/","url":"https:\/\/ervadaninha.pt\/wp1\/index.php\/en\/completed\/","name":"Completed - Erva Daninha","isPartOf":{"@id":"https:\/\/ervadaninha.pt\/wp1\/#website"},"datePublished":"2025-08-04T13:59:09+00:00","dateModified":"2025-08-04T13:59:16+00:00","breadcrumb":{"@id":"https:\/\/ervadaninha.pt\/wp1\/index.php\/en\/completed\/#breadcrumb"},"inLanguage":"pt-PT","potentialAction":[{"@type":"ReadAction","target":["https:\/\/ervadaninha.pt\/wp1\/index.php\/en\/completed\/"]}]},{"@type":"BreadcrumbList","@id":"https:\/\/ervadaninha.pt\/wp1\/index.php\/en\/completed\/#breadcrumb","itemListElement":[{"@type":"ListItem","position":1,"name":"Home","item":"https:\/\/ervadaninha.pt\/wp1\/"},{"@type":"ListItem","position":2,"name":"Completed"}]},{"@type":"WebSite","@id":"https:\/\/ervadaninha.pt\/wp1\/#website","url":"https:\/\/ervadaninha.pt\/wp1\/","name":"Erva Daninha","description":"Erva Daninha","publisher":{"@id":"https:\/\/ervadaninha.pt\/wp1\/#organization"},"potentialAction":[{"@type":"SearchAction","target":{"@type":"EntryPoint","urlTemplate":"https:\/\/ervadaninha.pt\/wp1\/?s={search_term_string}"},"query-input":"required name=search_term_string"}],"inLanguage":"pt-PT"},{"@type":"Organization","@id":"https:\/\/ervadaninha.pt\/wp1\/#organization","name":"Erva Daninha","url":"https:\/\/ervadaninha.pt\/wp1\/","logo":{"@type":"ImageObject","inLanguage":"pt-PT","@id":"https:\/\/ervadaninha.pt\/wp1\/#\/schema\/logo\/image\/","url":"https:\/\/ervadaninha.pt\/wp1\/wp-content\/uploads\/2023\/09\/cropped-ervadaninha_preto_s.png","contentUrl":"https:\/\/ervadaninha.pt\/wp1\/wp-content\/uploads\/2023\/09\/cropped-ervadaninha_preto_s.png","width":100,"height":49,"caption":"Erva Daninha"},"image":{"@id":"https:\/\/ervadaninha.pt\/wp1\/#\/schema\/logo\/image\/"}}]}},"jetpack_sharing_enabled":true,"jetpack_shortlink":"https:\/\/wp.me\/P6f9xd-101","_links":{"self":[{"href":"https:\/\/ervadaninha.pt\/wp1\/index.php\/wp-json\/wp\/v2\/pages\/3845"}],"collection":[{"href":"https:\/\/ervadaninha.pt\/wp1\/index.php\/wp-json\/wp\/v2\/pages"}],"about":[{"href":"https:\/\/ervadaninha.pt\/wp1\/index.php\/wp-json\/wp\/v2\/types\/page"}],"author":[{"embeddable":true,"href":"https:\/\/ervadaninha.pt\/wp1\/index.php\/wp-json\/wp\/v2\/users\/1"}],"replies":[{"embeddable":true,"href":"https:\/\/ervadaninha.pt\/wp1\/index.php\/wp-json\/wp\/v2\/comments?post=3845"}],"version-history":[{"count":1,"href":"https:\/\/ervadaninha.pt\/wp1\/index.php\/wp-json\/wp\/v2\/pages\/3845\/revisions"}],"predecessor-version":[{"id":3846,"href":"https:\/\/ervadaninha.pt\/wp1\/index.php\/wp-json\/wp\/v2\/pages\/3845\/revisions\/3846"}],"wp:attachment":[{"href":"https:\/\/ervadaninha.pt\/wp1\/index.php\/wp-json\/wp\/v2\/media?parent=3845"}],"wp:term":[{"taxonomy":"post_tag","embeddable":true,"href":"https:\/\/ervadaninha.pt\/wp1\/index.php\/wp-json\/wp\/v2\/tags?post=3845"}],"curies":[{"name":"wp","href":"https:\/\/api.w.org\/{rel}","templated":true}]}}