{"id":3110,"date":"2024-07-11T14:10:38","date_gmt":"2024-07-11T14:10:38","guid":{"rendered":"https:\/\/ervadaninha.pt\/wp1\/?page_id=3110"},"modified":"2026-04-24T18:00:52","modified_gmt":"2026-04-24T18:00:52","slug":"next","status":"publish","type":"page","link":"https:\/\/ervadaninha.pt\/wp1\/index.php\/next\/","title":{"rendered":"Pr\u00f3ximos"},"content":{"rendered":"\n<p><strong>2026<\/strong><\/p>\n\n\n\n<hr class=\"wp-block-separator has-alpha-channel-opacity\"\/>\n\n\n\n<div class=\"wp-block-media-text is-stacked-on-mobile\" style=\"grid-template-columns:51% auto\"><figure class=\"wp-block-media-text__media\"><img decoding=\"async\" loading=\"lazy\" width=\"940\" height=\"677\" src=\"https:\/\/ervadaninha.pt\/wp1\/wp-content\/uploads\/2026\/03\/NicolasBustos-1-940x677.jpeg\" alt=\"\" class=\"wp-image-4836 size-full\" srcset=\"https:\/\/ervadaninha.pt\/wp1\/wp-content\/uploads\/2026\/03\/NicolasBustos-1-940x677.jpeg 940w, https:\/\/ervadaninha.pt\/wp1\/wp-content\/uploads\/2026\/03\/NicolasBustos-1-620x446.jpeg 620w, https:\/\/ervadaninha.pt\/wp1\/wp-content\/uploads\/2026\/03\/NicolasBustos-1-768x553.jpeg 768w, https:\/\/ervadaninha.pt\/wp1\/wp-content\/uploads\/2026\/03\/NicolasBustos-1-300x216.jpeg 300w, https:\/\/ervadaninha.pt\/wp1\/wp-content\/uploads\/2026\/03\/NicolasBustos-1.jpeg 1078w\" sizes=\"(max-width: 940px) 100vw, 940px\" \/><\/figure><div class=\"wp-block-media-text__content\">\n<p><strong>CDQQ<\/strong> (circunfer\u00eancia de quatro quintos) de Nicolas Bustos <\/p>\n\n\n\n<p>Resid\u00eancia 27\/4 to 8\/5 &#8211; <strong>ensaio aberto 9\/5<\/strong><\/p>\n\n\n\n<p>CDQQ nasceu da necessidade de uma experi\u00eancia \u00edntima, onde n\u00e3o \u00e9 preciso pensar muito ou ter de compreender uma hist\u00f3ria complexa, porque ela n\u00e3o existe, num espa\u00e7o pequeno, todos muito pr\u00f3ximos, interagindo uns com os outros. \u00c9 um espet\u00e1culo simples, onde a ideia de espet\u00e1culo evolui para uma experi\u00eancia participativa tanto para o p\u00fablico quanto para o malabarista. Nenhuma hist\u00f3ria complexa, apenas partilhar um bom momento. Apenas as bolas, o malabarista e o p\u00fablico.<\/p>\n\n\n\n<p>Equipa art\u00edstica:<\/p>\n\n\n\n<p>Nicol\u00e1s Bustos Riquelme &#8211; Int\u00e9rprete e criador | Uatum\u00e3 Fattori de Azevedo &#8211; Olhar externo de malabares e movimento | @sette.tapparelle &#8211; Ilustra\u00e7\u00f5es | Co produtores: Leirena-Teatro, ESTUFA &#8211; Plataforma Cultural<\/p>\n<\/div><\/div>\n","protected":false},"excerpt":{"rendered":"<p>2026 CDQQ (circunfer\u00eancia de quatro quintos) de Nicolas Bustos Resid\u00eancia 27\/4 to 8\/5 &#8211; ensaio aberto 9\/5 CDQQ nasceu da necessidade de uma experi\u00eancia \u00edntima, onde n\u00e3o \u00e9 preciso pensar [&hellip;]<\/p>\n","protected":false},"author":1,"featured_media":0,"parent":0,"menu_order":0,"comment_status":"closed","ping_status":"closed","template":"","meta":{"_themeisle_gutenberg_block_has_review":false,"jetpack_post_was_ever_published":false,"footnotes":""},"tags":[],"yoast_head":"<!-- This site is optimized with the Yoast SEO plugin v21.0 - https:\/\/yoast.com\/wordpress\/plugins\/seo\/ -->\n<title>Pr\u00f3ximos - Erva Daninha<\/title>\n<meta name=\"robots\" content=\"index, follow, max-snippet:-1, max-image-preview:large, max-video-preview:-1\" \/>\n<link rel=\"canonical\" href=\"https:\/\/ervadaninha.pt\/wp1\/index.php\/next\/\" \/>\n<meta property=\"og:locale\" content=\"pt_PT\" \/>\n<meta property=\"og:type\" content=\"article\" \/>\n<meta property=\"og:title\" content=\"Pr\u00f3ximos - Erva Daninha\" \/>\n<meta property=\"og:description\" content=\"2026 CDQQ (circunfer\u00eancia de quatro quintos) de Nicolas Bustos Resid\u00eancia 27\/4 to 8\/5 &#8211; ensaio aberto 9\/5 CDQQ nasceu da necessidade de uma experi\u00eancia \u00edntima, onde n\u00e3o \u00e9 preciso pensar [&hellip;]\" \/>\n<meta property=\"og:url\" content=\"https:\/\/ervadaninha.pt\/wp1\/index.php\/next\/\" \/>\n<meta property=\"og:site_name\" content=\"Erva Daninha\" \/>\n<meta property=\"article:modified_time\" content=\"2026-04-24T18:00:52+00:00\" \/>\n<meta property=\"og:image\" content=\"https:\/\/ervadaninha.pt\/wp1\/wp-content\/uploads\/2026\/03\/NicolasBustos-1-940x677.jpeg\" \/>\n<meta name=\"twitter:card\" content=\"summary_large_image\" \/>\n<meta name=\"twitter:label1\" content=\"Tempo estimado de leitura\" \/>\n\t<meta name=\"twitter:data1\" content=\"1 minuto\" \/>\n<script type=\"application\/ld+json\" class=\"yoast-schema-graph\">{\"@context\":\"https:\/\/schema.org\",\"@graph\":[{\"@type\":\"WebPage\",\"@id\":\"https:\/\/ervadaninha.pt\/wp1\/index.php\/next\/\",\"url\":\"https:\/\/ervadaninha.pt\/wp1\/index.php\/next\/\",\"name\":\"Pr\u00f3ximos - Erva Daninha\",\"isPartOf\":{\"@id\":\"https:\/\/ervadaninha.pt\/wp1\/#website\"},\"datePublished\":\"2024-07-11T14:10:38+00:00\",\"dateModified\":\"2026-04-24T18:00:52+00:00\",\"breadcrumb\":{\"@id\":\"https:\/\/ervadaninha.pt\/wp1\/index.php\/next\/#breadcrumb\"},\"inLanguage\":\"pt-PT\",\"potentialAction\":[{\"@type\":\"ReadAction\",\"target\":[\"https:\/\/ervadaninha.pt\/wp1\/index.php\/next\/\"]}]},{\"@type\":\"BreadcrumbList\",\"@id\":\"https:\/\/ervadaninha.pt\/wp1\/index.php\/next\/#breadcrumb\",\"itemListElement\":[{\"@type\":\"ListItem\",\"position\":1,\"name\":\"Home\",\"item\":\"https:\/\/ervadaninha.pt\/wp1\/\"},{\"@type\":\"ListItem\",\"position\":2,\"name\":\"Pr\u00f3ximos\"}]},{\"@type\":\"WebSite\",\"@id\":\"https:\/\/ervadaninha.pt\/wp1\/#website\",\"url\":\"https:\/\/ervadaninha.pt\/wp1\/\",\"name\":\"Erva Daninha\",\"description\":\"Erva Daninha\",\"publisher\":{\"@id\":\"https:\/\/ervadaninha.pt\/wp1\/#organization\"},\"potentialAction\":[{\"@type\":\"SearchAction\",\"target\":{\"@type\":\"EntryPoint\",\"urlTemplate\":\"https:\/\/ervadaninha.pt\/wp1\/?s={search_term_string}\"},\"query-input\":\"required name=search_term_string\"}],\"inLanguage\":\"pt-PT\"},{\"@type\":\"Organization\",\"@id\":\"https:\/\/ervadaninha.pt\/wp1\/#organization\",\"name\":\"Erva Daninha\",\"url\":\"https:\/\/ervadaninha.pt\/wp1\/\",\"logo\":{\"@type\":\"ImageObject\",\"inLanguage\":\"pt-PT\",\"@id\":\"https:\/\/ervadaninha.pt\/wp1\/#\/schema\/logo\/image\/\",\"url\":\"https:\/\/ervadaninha.pt\/wp1\/wp-content\/uploads\/2023\/09\/cropped-ervadaninha_preto_s.png\",\"contentUrl\":\"https:\/\/ervadaninha.pt\/wp1\/wp-content\/uploads\/2023\/09\/cropped-ervadaninha_preto_s.png\",\"width\":100,\"height\":49,\"caption\":\"Erva Daninha\"},\"image\":{\"@id\":\"https:\/\/ervadaninha.pt\/wp1\/#\/schema\/logo\/image\/\"}}]}<\/script>\n<!-- \/ Yoast SEO plugin. -->","yoast_head_json":{"title":"Pr\u00f3ximos - Erva Daninha","robots":{"index":"index","follow":"follow","max-snippet":"max-snippet:-1","max-image-preview":"max-image-preview:large","max-video-preview":"max-video-preview:-1"},"canonical":"https:\/\/ervadaninha.pt\/wp1\/index.php\/next\/","og_locale":"pt_PT","og_type":"article","og_title":"Pr\u00f3ximos - Erva Daninha","og_description":"2026 CDQQ (circunfer\u00eancia de quatro quintos) de Nicolas Bustos Resid\u00eancia 27\/4 to 8\/5 &#8211; ensaio aberto 9\/5 CDQQ nasceu da necessidade de uma experi\u00eancia \u00edntima, onde n\u00e3o \u00e9 preciso pensar [&hellip;]","og_url":"https:\/\/ervadaninha.pt\/wp1\/index.php\/next\/","og_site_name":"Erva Daninha","article_modified_time":"2026-04-24T18:00:52+00:00","og_image":[{"url":"https:\/\/ervadaninha.pt\/wp1\/wp-content\/uploads\/2026\/03\/NicolasBustos-1-940x677.jpeg"}],"twitter_card":"summary_large_image","twitter_misc":{"Tempo estimado de leitura":"1 minuto"},"schema":{"@context":"https:\/\/schema.org","@graph":[{"@type":"WebPage","@id":"https:\/\/ervadaninha.pt\/wp1\/index.php\/next\/","url":"https:\/\/ervadaninha.pt\/wp1\/index.php\/next\/","name":"Pr\u00f3ximos - Erva Daninha","isPartOf":{"@id":"https:\/\/ervadaninha.pt\/wp1\/#website"},"datePublished":"2024-07-11T14:10:38+00:00","dateModified":"2026-04-24T18:00:52+00:00","breadcrumb":{"@id":"https:\/\/ervadaninha.pt\/wp1\/index.php\/next\/#breadcrumb"},"inLanguage":"pt-PT","potentialAction":[{"@type":"ReadAction","target":["https:\/\/ervadaninha.pt\/wp1\/index.php\/next\/"]}]},{"@type":"BreadcrumbList","@id":"https:\/\/ervadaninha.pt\/wp1\/index.php\/next\/#breadcrumb","itemListElement":[{"@type":"ListItem","position":1,"name":"Home","item":"https:\/\/ervadaninha.pt\/wp1\/"},{"@type":"ListItem","position":2,"name":"Pr\u00f3ximos"}]},{"@type":"WebSite","@id":"https:\/\/ervadaninha.pt\/wp1\/#website","url":"https:\/\/ervadaninha.pt\/wp1\/","name":"Erva Daninha","description":"Erva Daninha","publisher":{"@id":"https:\/\/ervadaninha.pt\/wp1\/#organization"},"potentialAction":[{"@type":"SearchAction","target":{"@type":"EntryPoint","urlTemplate":"https:\/\/ervadaninha.pt\/wp1\/?s={search_term_string}"},"query-input":"required name=search_term_string"}],"inLanguage":"pt-PT"},{"@type":"Organization","@id":"https:\/\/ervadaninha.pt\/wp1\/#organization","name":"Erva Daninha","url":"https:\/\/ervadaninha.pt\/wp1\/","logo":{"@type":"ImageObject","inLanguage":"pt-PT","@id":"https:\/\/ervadaninha.pt\/wp1\/#\/schema\/logo\/image\/","url":"https:\/\/ervadaninha.pt\/wp1\/wp-content\/uploads\/2023\/09\/cropped-ervadaninha_preto_s.png","contentUrl":"https:\/\/ervadaninha.pt\/wp1\/wp-content\/uploads\/2023\/09\/cropped-ervadaninha_preto_s.png","width":100,"height":49,"caption":"Erva Daninha"},"image":{"@id":"https:\/\/ervadaninha.pt\/wp1\/#\/schema\/logo\/image\/"}}]}},"jetpack_sharing_enabled":true,"jetpack_shortlink":"https:\/\/wp.me\/P6f9xd-Oa","_links":{"self":[{"href":"https:\/\/ervadaninha.pt\/wp1\/index.php\/wp-json\/wp\/v2\/pages\/3110"}],"collection":[{"href":"https:\/\/ervadaninha.pt\/wp1\/index.php\/wp-json\/wp\/v2\/pages"}],"about":[{"href":"https:\/\/ervadaninha.pt\/wp1\/index.php\/wp-json\/wp\/v2\/types\/page"}],"author":[{"embeddable":true,"href":"https:\/\/ervadaninha.pt\/wp1\/index.php\/wp-json\/wp\/v2\/users\/1"}],"replies":[{"embeddable":true,"href":"https:\/\/ervadaninha.pt\/wp1\/index.php\/wp-json\/wp\/v2\/comments?post=3110"}],"version-history":[{"count":65,"href":"https:\/\/ervadaninha.pt\/wp1\/index.php\/wp-json\/wp\/v2\/pages\/3110\/revisions"}],"predecessor-version":[{"id":4875,"href":"https:\/\/ervadaninha.pt\/wp1\/index.php\/wp-json\/wp\/v2\/pages\/3110\/revisions\/4875"}],"wp:attachment":[{"href":"https:\/\/ervadaninha.pt\/wp1\/index.php\/wp-json\/wp\/v2\/media?parent=3110"}],"wp:term":[{"taxonomy":"post_tag","embeddable":true,"href":"https:\/\/ervadaninha.pt\/wp1\/index.php\/wp-json\/wp\/v2\/tags?post=3110"}],"curies":[{"name":"wp","href":"https:\/\/api.w.org\/{rel}","templated":true}]}}