{"id":3104,"date":"2024-07-11T13:58:54","date_gmt":"2024-07-11T13:58:54","guid":{"rendered":"https:\/\/ervadaninha.pt\/wp1\/?page_id=3104"},"modified":"2025-09-25T10:11:15","modified_gmt":"2025-09-25T10:11:15","slug":"heqet","status":"publish","type":"page","link":"https:\/\/ervadaninha.pt\/wp1\/index.php\/heqet\/","title":{"rendered":"HEQET"},"content":{"rendered":"\n<div class=\"wp-block-media-text is-stacked-on-mobile is-image-fill\" style=\"grid-template-columns:47% auto\"><figure class=\"wp-block-media-text__media\" style=\"background-image:url(https:\/\/ervadaninha.pt\/wp1\/wp-content\/uploads\/2024\/01\/IMG_7270-1-Companhia-AbsurdA.jpeg);background-position:50% 50%\"><img decoding=\"async\" loading=\"lazy\" width=\"907\" height=\"702\" src=\"https:\/\/ervadaninha.pt\/wp1\/wp-content\/uploads\/2024\/01\/IMG_7270-1-Companhia-AbsurdA.jpeg\" alt=\"\" class=\"wp-image-2948 size-full\" srcset=\"https:\/\/ervadaninha.pt\/wp1\/wp-content\/uploads\/2024\/01\/IMG_7270-1-Companhia-AbsurdA.jpeg 907w, https:\/\/ervadaninha.pt\/wp1\/wp-content\/uploads\/2024\/01\/IMG_7270-1-Companhia-AbsurdA-620x480.jpeg 620w, https:\/\/ervadaninha.pt\/wp1\/wp-content\/uploads\/2024\/01\/IMG_7270-1-Companhia-AbsurdA-768x594.jpeg 768w, https:\/\/ervadaninha.pt\/wp1\/wp-content\/uploads\/2024\/01\/IMG_7270-1-Companhia-AbsurdA-300x232.jpeg 300w\" sizes=\"(max-width: 907px) 100vw, 907px\" \/><\/figure><div class=\"wp-block-media-text__content\">\n<p><em><strong>HEQET<\/strong><\/em>* da&nbsp;Companhia AbsurdA<\/p>\n\n\n\n<p>ensaio aberto <a href=\"https:\/\/ervadaninha.pt\/wp1\/index.php\/portfolio\/contactos\/\" target=\"_blank\" rel=\"noreferrer noopener\">CED<\/a> &#8211; 7 Abr &#8211; 17h &#8211; 2024 <\/p>\n\n\n\n<p>(resid\u00eancia art\u00edstica &#8211; 4\/3 a 10\/3 + 1\/4 a 7\/4)<\/p>\n\n\n\n<p>*projeto selecionado pela Bolsa de cria\u00e7\u00e3o Trengo 24<\/p>\n\n\n\n<p><\/p>\n<\/div><\/div>\n\n\n\n<p>Num espa\u00e7o quim\u00e9rico e desprovido da realidade, os heqets, personagens originadas nas 10 pragas do Egito e lan\u00e7adas ao mundo para o destruir, evolu\u00edram at\u00e9 \u00e0 atualidade criando uma esp\u00e9cie de &#8220;m\u00e1fia&#8221; que se dedica a ir contra o objetivo da sua cria\u00e7\u00e3o e curar o planeta terra que se encontra em vias de destrui\u00e7\u00e3o. Suas atividades s\u00e3o submetidas de forma oculta atrav\u00e9s de uma estrat\u00e9gia de infiltra\u00e7\u00e3o no mundo humano com o objetivo de alterar o futuro do mesmo. Quem \u00e9 a verdadeira praga?<\/p>\n\n\n\n<p class=\"has-medium-font-size\" style=\"letter-spacing:0px\">+info: <a href=\"https:\/\/companhiaabsurda.my.canva.site\/absurda-site-absurda#heqet\">Heqet<\/a><\/p>\n\n\n\n<figure class=\"wp-block-embed is-type-video is-provider-vimeo wp-block-embed-vimeo wp-embed-aspect-16-9 wp-has-aspect-ratio\"><div class=\"wp-block-embed__wrapper\">\n<div class=\"jetpack-video-wrapper\"><div class=\"embed-vimeo\" style=\"text-align: center;\"><iframe loading=\"lazy\" src=\"https:\/\/player.vimeo.com\/video\/935472204\" width=\"764\" height=\"430\" frameborder=\"0\" webkitallowfullscreen mozallowfullscreen allowfullscreen><\/iframe><\/div><\/div>\n<\/div><\/figure>\n","protected":false},"excerpt":{"rendered":"<p>HEQET* da&nbsp;Companhia AbsurdA ensaio aberto CED &#8211; 7 Abr &#8211; 17h &#8211; 2024 (resid\u00eancia art\u00edstica &#8211; 4\/3 a 10\/3 + 1\/4 a 7\/4) *projeto selecionado pela Bolsa de cria\u00e7\u00e3o Trengo [&hellip;]<\/p>\n","protected":false},"author":1,"featured_media":0,"parent":0,"menu_order":0,"comment_status":"closed","ping_status":"closed","template":"","meta":{"_themeisle_gutenberg_block_has_review":false,"jetpack_post_was_ever_published":false,"footnotes":""},"tags":[],"yoast_head":"<!-- This site is optimized with the Yoast SEO plugin v21.0 - https:\/\/yoast.com\/wordpress\/plugins\/seo\/ -->\n<title>HEQET - Erva Daninha<\/title>\n<meta name=\"robots\" content=\"index, follow, max-snippet:-1, max-image-preview:large, max-video-preview:-1\" \/>\n<link rel=\"canonical\" href=\"https:\/\/ervadaninha.pt\/wp1\/index.php\/heqet\/\" \/>\n<meta property=\"og:locale\" content=\"pt_PT\" \/>\n<meta property=\"og:type\" content=\"article\" \/>\n<meta property=\"og:title\" content=\"HEQET - Erva Daninha\" \/>\n<meta property=\"og:description\" content=\"HEQET* da&nbsp;Companhia AbsurdA ensaio aberto CED &#8211; 7 Abr &#8211; 17h &#8211; 2024 (resid\u00eancia art\u00edstica &#8211; 4\/3 a 10\/3 + 1\/4 a 7\/4) *projeto selecionado pela Bolsa de cria\u00e7\u00e3o Trengo [&hellip;]\" \/>\n<meta property=\"og:url\" content=\"https:\/\/ervadaninha.pt\/wp1\/index.php\/heqet\/\" \/>\n<meta property=\"og:site_name\" content=\"Erva Daninha\" \/>\n<meta property=\"article:modified_time\" content=\"2025-09-25T10:11:15+00:00\" \/>\n<meta property=\"og:image\" content=\"https:\/\/ervadaninha.pt\/wp1\/wp-content\/uploads\/2024\/01\/IMG_7270-1-Companhia-AbsurdA.jpeg\" \/>\n<meta name=\"twitter:card\" content=\"summary_large_image\" \/>\n<meta name=\"twitter:label1\" content=\"Tempo estimado de leitura\" \/>\n\t<meta name=\"twitter:data1\" content=\"1 minuto\" \/>\n<script type=\"application\/ld+json\" class=\"yoast-schema-graph\">{\"@context\":\"https:\/\/schema.org\",\"@graph\":[{\"@type\":\"WebPage\",\"@id\":\"https:\/\/ervadaninha.pt\/wp1\/index.php\/heqet\/\",\"url\":\"https:\/\/ervadaninha.pt\/wp1\/index.php\/heqet\/\",\"name\":\"HEQET - Erva Daninha\",\"isPartOf\":{\"@id\":\"https:\/\/ervadaninha.pt\/wp1\/#website\"},\"datePublished\":\"2024-07-11T13:58:54+00:00\",\"dateModified\":\"2025-09-25T10:11:15+00:00\",\"breadcrumb\":{\"@id\":\"https:\/\/ervadaninha.pt\/wp1\/index.php\/heqet\/#breadcrumb\"},\"inLanguage\":\"pt-PT\",\"potentialAction\":[{\"@type\":\"ReadAction\",\"target\":[\"https:\/\/ervadaninha.pt\/wp1\/index.php\/heqet\/\"]}]},{\"@type\":\"BreadcrumbList\",\"@id\":\"https:\/\/ervadaninha.pt\/wp1\/index.php\/heqet\/#breadcrumb\",\"itemListElement\":[{\"@type\":\"ListItem\",\"position\":1,\"name\":\"Home\",\"item\":\"https:\/\/ervadaninha.pt\/wp1\/\"},{\"@type\":\"ListItem\",\"position\":2,\"name\":\"HEQET\"}]},{\"@type\":\"WebSite\",\"@id\":\"https:\/\/ervadaninha.pt\/wp1\/#website\",\"url\":\"https:\/\/ervadaninha.pt\/wp1\/\",\"name\":\"Erva Daninha\",\"description\":\"Erva Daninha\",\"publisher\":{\"@id\":\"https:\/\/ervadaninha.pt\/wp1\/#organization\"},\"potentialAction\":[{\"@type\":\"SearchAction\",\"target\":{\"@type\":\"EntryPoint\",\"urlTemplate\":\"https:\/\/ervadaninha.pt\/wp1\/?s={search_term_string}\"},\"query-input\":\"required name=search_term_string\"}],\"inLanguage\":\"pt-PT\"},{\"@type\":\"Organization\",\"@id\":\"https:\/\/ervadaninha.pt\/wp1\/#organization\",\"name\":\"Erva Daninha\",\"url\":\"https:\/\/ervadaninha.pt\/wp1\/\",\"logo\":{\"@type\":\"ImageObject\",\"inLanguage\":\"pt-PT\",\"@id\":\"https:\/\/ervadaninha.pt\/wp1\/#\/schema\/logo\/image\/\",\"url\":\"https:\/\/ervadaninha.pt\/wp1\/wp-content\/uploads\/2023\/09\/cropped-ervadaninha_preto_s.png\",\"contentUrl\":\"https:\/\/ervadaninha.pt\/wp1\/wp-content\/uploads\/2023\/09\/cropped-ervadaninha_preto_s.png\",\"width\":100,\"height\":49,\"caption\":\"Erva Daninha\"},\"image\":{\"@id\":\"https:\/\/ervadaninha.pt\/wp1\/#\/schema\/logo\/image\/\"}}]}<\/script>\n<!-- \/ Yoast SEO plugin. -->","yoast_head_json":{"title":"HEQET - Erva Daninha","robots":{"index":"index","follow":"follow","max-snippet":"max-snippet:-1","max-image-preview":"max-image-preview:large","max-video-preview":"max-video-preview:-1"},"canonical":"https:\/\/ervadaninha.pt\/wp1\/index.php\/heqet\/","og_locale":"pt_PT","og_type":"article","og_title":"HEQET - Erva Daninha","og_description":"HEQET* da&nbsp;Companhia AbsurdA ensaio aberto CED &#8211; 7 Abr &#8211; 17h &#8211; 2024 (resid\u00eancia art\u00edstica &#8211; 4\/3 a 10\/3 + 1\/4 a 7\/4) *projeto selecionado pela Bolsa de cria\u00e7\u00e3o Trengo [&hellip;]","og_url":"https:\/\/ervadaninha.pt\/wp1\/index.php\/heqet\/","og_site_name":"Erva Daninha","article_modified_time":"2025-09-25T10:11:15+00:00","og_image":[{"url":"https:\/\/ervadaninha.pt\/wp1\/wp-content\/uploads\/2024\/01\/IMG_7270-1-Companhia-AbsurdA.jpeg"}],"twitter_card":"summary_large_image","twitter_misc":{"Tempo estimado de leitura":"1 minuto"},"schema":{"@context":"https:\/\/schema.org","@graph":[{"@type":"WebPage","@id":"https:\/\/ervadaninha.pt\/wp1\/index.php\/heqet\/","url":"https:\/\/ervadaninha.pt\/wp1\/index.php\/heqet\/","name":"HEQET - Erva Daninha","isPartOf":{"@id":"https:\/\/ervadaninha.pt\/wp1\/#website"},"datePublished":"2024-07-11T13:58:54+00:00","dateModified":"2025-09-25T10:11:15+00:00","breadcrumb":{"@id":"https:\/\/ervadaninha.pt\/wp1\/index.php\/heqet\/#breadcrumb"},"inLanguage":"pt-PT","potentialAction":[{"@type":"ReadAction","target":["https:\/\/ervadaninha.pt\/wp1\/index.php\/heqet\/"]}]},{"@type":"BreadcrumbList","@id":"https:\/\/ervadaninha.pt\/wp1\/index.php\/heqet\/#breadcrumb","itemListElement":[{"@type":"ListItem","position":1,"name":"Home","item":"https:\/\/ervadaninha.pt\/wp1\/"},{"@type":"ListItem","position":2,"name":"HEQET"}]},{"@type":"WebSite","@id":"https:\/\/ervadaninha.pt\/wp1\/#website","url":"https:\/\/ervadaninha.pt\/wp1\/","name":"Erva Daninha","description":"Erva Daninha","publisher":{"@id":"https:\/\/ervadaninha.pt\/wp1\/#organization"},"potentialAction":[{"@type":"SearchAction","target":{"@type":"EntryPoint","urlTemplate":"https:\/\/ervadaninha.pt\/wp1\/?s={search_term_string}"},"query-input":"required name=search_term_string"}],"inLanguage":"pt-PT"},{"@type":"Organization","@id":"https:\/\/ervadaninha.pt\/wp1\/#organization","name":"Erva Daninha","url":"https:\/\/ervadaninha.pt\/wp1\/","logo":{"@type":"ImageObject","inLanguage":"pt-PT","@id":"https:\/\/ervadaninha.pt\/wp1\/#\/schema\/logo\/image\/","url":"https:\/\/ervadaninha.pt\/wp1\/wp-content\/uploads\/2023\/09\/cropped-ervadaninha_preto_s.png","contentUrl":"https:\/\/ervadaninha.pt\/wp1\/wp-content\/uploads\/2023\/09\/cropped-ervadaninha_preto_s.png","width":100,"height":49,"caption":"Erva Daninha"},"image":{"@id":"https:\/\/ervadaninha.pt\/wp1\/#\/schema\/logo\/image\/"}}]}},"jetpack_sharing_enabled":true,"jetpack_shortlink":"https:\/\/wp.me\/P6f9xd-O4","_links":{"self":[{"href":"https:\/\/ervadaninha.pt\/wp1\/index.php\/wp-json\/wp\/v2\/pages\/3104"}],"collection":[{"href":"https:\/\/ervadaninha.pt\/wp1\/index.php\/wp-json\/wp\/v2\/pages"}],"about":[{"href":"https:\/\/ervadaninha.pt\/wp1\/index.php\/wp-json\/wp\/v2\/types\/page"}],"author":[{"embeddable":true,"href":"https:\/\/ervadaninha.pt\/wp1\/index.php\/wp-json\/wp\/v2\/users\/1"}],"replies":[{"embeddable":true,"href":"https:\/\/ervadaninha.pt\/wp1\/index.php\/wp-json\/wp\/v2\/comments?post=3104"}],"version-history":[{"count":4,"href":"https:\/\/ervadaninha.pt\/wp1\/index.php\/wp-json\/wp\/v2\/pages\/3104\/revisions"}],"predecessor-version":[{"id":4106,"href":"https:\/\/ervadaninha.pt\/wp1\/index.php\/wp-json\/wp\/v2\/pages\/3104\/revisions\/4106"}],"wp:attachment":[{"href":"https:\/\/ervadaninha.pt\/wp1\/index.php\/wp-json\/wp\/v2\/media?parent=3104"}],"wp:term":[{"taxonomy":"post_tag","embeddable":true,"href":"https:\/\/ervadaninha.pt\/wp1\/index.php\/wp-json\/wp\/v2\/tags?post=3104"}],"curies":[{"name":"wp","href":"https:\/\/api.w.org\/{rel}","templated":true}]}}