{"id":3100,"date":"2024-07-11T13:50:26","date_gmt":"2024-07-11T13:50:26","guid":{"rendered":"https:\/\/ervadaninha.pt\/wp1\/?page_id=3100"},"modified":"2025-09-25T09:51:17","modified_gmt":"2025-09-25T09:51:17","slug":"os-gatos-caem-sempre-de-cara-ou-como-salvar-as-abelhas","status":"publish","type":"page","link":"https:\/\/ervadaninha.pt\/wp1\/index.php\/os-gatos-caem-sempre-de-cara-ou-como-salvar-as-abelhas\/","title":{"rendered":"OS GATOS CAEM SEMPRE DE CARA OU COMO SALVAR AS ABELHAS"},"content":{"rendered":"\n<p><em><strong>OS GATOS CAEM SEMPRE DE CARA OU COMO SALVAR AS ABELHAS<\/strong><\/em> de In\u00eas Pinho   <\/p>\n\n\n\n<p>ensaio aberto <a href=\"https:\/\/ervadaninha.pt\/wp1\/index.php\/portfolio\/contactos\/\" target=\"_blank\" rel=\"noreferrer noopener\">CCC<\/a> &#8211; 11 Fev &#8211; 17h &#8211; 2024<\/p>\n\n\n\n<div class=\"wp-block-media-text has-media-on-the-right is-stacked-on-mobile\" style=\"grid-template-columns:auto 48%\"><div class=\"wp-block-media-text__content\">\n<p>Convido-vos a visitarem este meu lugar.&nbsp;Antes de entrar pode ser necess\u00e1rio descal\u00e7ar os sapatos e desligar o vosso desejo de entender.&nbsp; Aninhados entre o po\u00e9tico e o surreal celebraremos a absurdidade da vida, correremos atr\u00e1s de significados como um gato corre atr\u00e1s de um fio e com sorte cairemos de novo na natureza fragmentada dos pensamentos e a\u00e7\u00f5es humanas.&nbsp;A galinha j\u00e1 atravessou a rua por\u00e9m eu deixar-vos-ei aqui, no meio do rebanho, num mundo que constantemente nos puxa para diversas dire\u00e7\u00f5es.&nbsp;<\/p>\n\n\n\n<p><strong>Ficha Art\u00edstica:<\/strong>&nbsp;<\/p>\n\n\n\n<p>Cria\u00e7\u00e3o e interpreta\u00e7\u00e3o: In\u00eas Pinho;&nbsp; Apoio t\u00e9cnico e art\u00edstico: Giovanni Concato;&nbsp;Orienta\u00e7\u00e3o art\u00edstica: Jorge Lix, Sandra Salom\u00e9;&nbsp;<\/p>\n\n\n\n<p>+info: <a href=\"https:\/\/www.instagram.com\/ines.vpinhoo\/\">@ines.vpinhoo<\/a><\/p>\n<\/div><figure class=\"wp-block-media-text__media\"><img decoding=\"async\" loading=\"lazy\" width=\"940\" height=\"627\" src=\"https:\/\/ervadaninha.pt\/wp1\/wp-content\/uploads\/2024\/02\/AshleighGeorgiou@ervadaninhaInesPino-29-940x627.jpg\" alt=\"\" class=\"wp-image-2994 size-full\" srcset=\"https:\/\/ervadaninha.pt\/wp1\/wp-content\/uploads\/2024\/02\/AshleighGeorgiou@ervadaninhaInesPino-29-940x627.jpg 940w, https:\/\/ervadaninha.pt\/wp1\/wp-content\/uploads\/2024\/02\/AshleighGeorgiou@ervadaninhaInesPino-29-620x413.jpg 620w, https:\/\/ervadaninha.pt\/wp1\/wp-content\/uploads\/2024\/02\/AshleighGeorgiou@ervadaninhaInesPino-29-768x512.jpg 768w, https:\/\/ervadaninha.pt\/wp1\/wp-content\/uploads\/2024\/02\/AshleighGeorgiou@ervadaninhaInesPino-29-1536x1024.jpg 1536w, https:\/\/ervadaninha.pt\/wp1\/wp-content\/uploads\/2024\/02\/AshleighGeorgiou@ervadaninhaInesPino-29-2048x1365.jpg 2048w, https:\/\/ervadaninha.pt\/wp1\/wp-content\/uploads\/2024\/02\/AshleighGeorgiou@ervadaninhaInesPino-29-300x200.jpg 300w\" sizes=\"(max-width: 940px) 100vw, 940px\" \/><\/figure><\/div>\n\n\n\n<figure class=\"wp-block-embed aligncenter is-type-video is-provider-vimeo wp-block-embed-vimeo wp-embed-aspect-16-9 wp-has-aspect-ratio\"><div class=\"wp-block-embed__wrapper\">\n<div class=\"jetpack-video-wrapper\"><iframe loading=\"lazy\" title=\"Os gatos caem sempre de cara ou como salvar as abelhas de In\u00eas Pinho\" src=\"https:\/\/player.vimeo.com\/video\/913249346?dnt=1&amp;app_id=122963\" width=\"764\" height=\"430\" frameborder=\"0\" allow=\"autoplay; fullscreen; picture-in-picture; clipboard-write\"><\/iframe><\/div>\n<\/div><\/figure>\n","protected":false},"excerpt":{"rendered":"<p>OS GATOS CAEM SEMPRE DE CARA OU COMO SALVAR AS ABELHAS de In\u00eas Pinho ensaio aberto CCC &#8211; 11 Fev &#8211; 17h &#8211; 2024 Convido-vos a visitarem este meu lugar.&nbsp;Antes [&hellip;]<\/p>\n","protected":false},"author":1,"featured_media":0,"parent":0,"menu_order":0,"comment_status":"closed","ping_status":"closed","template":"","meta":{"_themeisle_gutenberg_block_has_review":false,"jetpack_post_was_ever_published":false,"footnotes":""},"tags":[],"yoast_head":"<!-- This site is optimized with the Yoast SEO plugin v21.0 - https:\/\/yoast.com\/wordpress\/plugins\/seo\/ -->\n<title>OS GATOS CAEM SEMPRE DE CARA OU COMO SALVAR AS ABELHAS - Erva Daninha<\/title>\n<meta name=\"robots\" content=\"index, follow, max-snippet:-1, max-image-preview:large, max-video-preview:-1\" \/>\n<link rel=\"canonical\" href=\"https:\/\/ervadaninha.pt\/wp1\/index.php\/os-gatos-caem-sempre-de-cara-ou-como-salvar-as-abelhas\/\" \/>\n<meta property=\"og:locale\" content=\"pt_PT\" \/>\n<meta property=\"og:type\" content=\"article\" \/>\n<meta property=\"og:title\" content=\"OS GATOS CAEM SEMPRE DE CARA OU COMO SALVAR AS ABELHAS - Erva Daninha\" \/>\n<meta property=\"og:description\" content=\"OS GATOS CAEM SEMPRE DE CARA OU COMO SALVAR AS ABELHAS de In\u00eas Pinho ensaio aberto CCC &#8211; 11 Fev &#8211; 17h &#8211; 2024 Convido-vos a visitarem este meu lugar.&nbsp;Antes [&hellip;]\" \/>\n<meta property=\"og:url\" content=\"https:\/\/ervadaninha.pt\/wp1\/index.php\/os-gatos-caem-sempre-de-cara-ou-como-salvar-as-abelhas\/\" \/>\n<meta property=\"og:site_name\" content=\"Erva Daninha\" \/>\n<meta property=\"article:modified_time\" content=\"2025-09-25T09:51:17+00:00\" \/>\n<meta property=\"og:image\" content=\"https:\/\/ervadaninha.pt\/wp1\/wp-content\/uploads\/2024\/02\/AshleighGeorgiou@ervadaninhaInesPino-29-940x627.jpg\" \/>\n<meta name=\"twitter:card\" content=\"summary_large_image\" \/>\n<meta name=\"twitter:label1\" content=\"Tempo estimado de leitura\" \/>\n\t<meta name=\"twitter:data1\" content=\"1 minuto\" \/>\n<script type=\"application\/ld+json\" class=\"yoast-schema-graph\">{\"@context\":\"https:\/\/schema.org\",\"@graph\":[{\"@type\":\"WebPage\",\"@id\":\"https:\/\/ervadaninha.pt\/wp1\/index.php\/os-gatos-caem-sempre-de-cara-ou-como-salvar-as-abelhas\/\",\"url\":\"https:\/\/ervadaninha.pt\/wp1\/index.php\/os-gatos-caem-sempre-de-cara-ou-como-salvar-as-abelhas\/\",\"name\":\"OS GATOS CAEM SEMPRE DE CARA OU COMO SALVAR AS ABELHAS - Erva Daninha\",\"isPartOf\":{\"@id\":\"https:\/\/ervadaninha.pt\/wp1\/#website\"},\"datePublished\":\"2024-07-11T13:50:26+00:00\",\"dateModified\":\"2025-09-25T09:51:17+00:00\",\"breadcrumb\":{\"@id\":\"https:\/\/ervadaninha.pt\/wp1\/index.php\/os-gatos-caem-sempre-de-cara-ou-como-salvar-as-abelhas\/#breadcrumb\"},\"inLanguage\":\"pt-PT\",\"potentialAction\":[{\"@type\":\"ReadAction\",\"target\":[\"https:\/\/ervadaninha.pt\/wp1\/index.php\/os-gatos-caem-sempre-de-cara-ou-como-salvar-as-abelhas\/\"]}]},{\"@type\":\"BreadcrumbList\",\"@id\":\"https:\/\/ervadaninha.pt\/wp1\/index.php\/os-gatos-caem-sempre-de-cara-ou-como-salvar-as-abelhas\/#breadcrumb\",\"itemListElement\":[{\"@type\":\"ListItem\",\"position\":1,\"name\":\"Home\",\"item\":\"https:\/\/ervadaninha.pt\/wp1\/\"},{\"@type\":\"ListItem\",\"position\":2,\"name\":\"OS GATOS CAEM SEMPRE DE CARA OU COMO SALVAR AS ABELHAS\"}]},{\"@type\":\"WebSite\",\"@id\":\"https:\/\/ervadaninha.pt\/wp1\/#website\",\"url\":\"https:\/\/ervadaninha.pt\/wp1\/\",\"name\":\"Erva Daninha\",\"description\":\"Erva Daninha\",\"publisher\":{\"@id\":\"https:\/\/ervadaninha.pt\/wp1\/#organization\"},\"potentialAction\":[{\"@type\":\"SearchAction\",\"target\":{\"@type\":\"EntryPoint\",\"urlTemplate\":\"https:\/\/ervadaninha.pt\/wp1\/?s={search_term_string}\"},\"query-input\":\"required name=search_term_string\"}],\"inLanguage\":\"pt-PT\"},{\"@type\":\"Organization\",\"@id\":\"https:\/\/ervadaninha.pt\/wp1\/#organization\",\"name\":\"Erva Daninha\",\"url\":\"https:\/\/ervadaninha.pt\/wp1\/\",\"logo\":{\"@type\":\"ImageObject\",\"inLanguage\":\"pt-PT\",\"@id\":\"https:\/\/ervadaninha.pt\/wp1\/#\/schema\/logo\/image\/\",\"url\":\"https:\/\/ervadaninha.pt\/wp1\/wp-content\/uploads\/2023\/09\/cropped-ervadaninha_preto_s.png\",\"contentUrl\":\"https:\/\/ervadaninha.pt\/wp1\/wp-content\/uploads\/2023\/09\/cropped-ervadaninha_preto_s.png\",\"width\":100,\"height\":49,\"caption\":\"Erva Daninha\"},\"image\":{\"@id\":\"https:\/\/ervadaninha.pt\/wp1\/#\/schema\/logo\/image\/\"}}]}<\/script>\n<!-- \/ Yoast SEO plugin. -->","yoast_head_json":{"title":"OS GATOS CAEM SEMPRE DE CARA OU COMO SALVAR AS ABELHAS - Erva Daninha","robots":{"index":"index","follow":"follow","max-snippet":"max-snippet:-1","max-image-preview":"max-image-preview:large","max-video-preview":"max-video-preview:-1"},"canonical":"https:\/\/ervadaninha.pt\/wp1\/index.php\/os-gatos-caem-sempre-de-cara-ou-como-salvar-as-abelhas\/","og_locale":"pt_PT","og_type":"article","og_title":"OS GATOS CAEM SEMPRE DE CARA OU COMO SALVAR AS ABELHAS - Erva Daninha","og_description":"OS GATOS CAEM SEMPRE DE CARA OU COMO SALVAR AS ABELHAS de In\u00eas Pinho ensaio aberto CCC &#8211; 11 Fev &#8211; 17h &#8211; 2024 Convido-vos a visitarem este meu lugar.&nbsp;Antes [&hellip;]","og_url":"https:\/\/ervadaninha.pt\/wp1\/index.php\/os-gatos-caem-sempre-de-cara-ou-como-salvar-as-abelhas\/","og_site_name":"Erva Daninha","article_modified_time":"2025-09-25T09:51:17+00:00","og_image":[{"url":"https:\/\/ervadaninha.pt\/wp1\/wp-content\/uploads\/2024\/02\/AshleighGeorgiou@ervadaninhaInesPino-29-940x627.jpg"}],"twitter_card":"summary_large_image","twitter_misc":{"Tempo estimado de leitura":"1 minuto"},"schema":{"@context":"https:\/\/schema.org","@graph":[{"@type":"WebPage","@id":"https:\/\/ervadaninha.pt\/wp1\/index.php\/os-gatos-caem-sempre-de-cara-ou-como-salvar-as-abelhas\/","url":"https:\/\/ervadaninha.pt\/wp1\/index.php\/os-gatos-caem-sempre-de-cara-ou-como-salvar-as-abelhas\/","name":"OS GATOS CAEM SEMPRE DE CARA OU COMO SALVAR AS ABELHAS - Erva Daninha","isPartOf":{"@id":"https:\/\/ervadaninha.pt\/wp1\/#website"},"datePublished":"2024-07-11T13:50:26+00:00","dateModified":"2025-09-25T09:51:17+00:00","breadcrumb":{"@id":"https:\/\/ervadaninha.pt\/wp1\/index.php\/os-gatos-caem-sempre-de-cara-ou-como-salvar-as-abelhas\/#breadcrumb"},"inLanguage":"pt-PT","potentialAction":[{"@type":"ReadAction","target":["https:\/\/ervadaninha.pt\/wp1\/index.php\/os-gatos-caem-sempre-de-cara-ou-como-salvar-as-abelhas\/"]}]},{"@type":"BreadcrumbList","@id":"https:\/\/ervadaninha.pt\/wp1\/index.php\/os-gatos-caem-sempre-de-cara-ou-como-salvar-as-abelhas\/#breadcrumb","itemListElement":[{"@type":"ListItem","position":1,"name":"Home","item":"https:\/\/ervadaninha.pt\/wp1\/"},{"@type":"ListItem","position":2,"name":"OS GATOS CAEM SEMPRE DE CARA OU COMO SALVAR AS ABELHAS"}]},{"@type":"WebSite","@id":"https:\/\/ervadaninha.pt\/wp1\/#website","url":"https:\/\/ervadaninha.pt\/wp1\/","name":"Erva Daninha","description":"Erva Daninha","publisher":{"@id":"https:\/\/ervadaninha.pt\/wp1\/#organization"},"potentialAction":[{"@type":"SearchAction","target":{"@type":"EntryPoint","urlTemplate":"https:\/\/ervadaninha.pt\/wp1\/?s={search_term_string}"},"query-input":"required name=search_term_string"}],"inLanguage":"pt-PT"},{"@type":"Organization","@id":"https:\/\/ervadaninha.pt\/wp1\/#organization","name":"Erva Daninha","url":"https:\/\/ervadaninha.pt\/wp1\/","logo":{"@type":"ImageObject","inLanguage":"pt-PT","@id":"https:\/\/ervadaninha.pt\/wp1\/#\/schema\/logo\/image\/","url":"https:\/\/ervadaninha.pt\/wp1\/wp-content\/uploads\/2023\/09\/cropped-ervadaninha_preto_s.png","contentUrl":"https:\/\/ervadaninha.pt\/wp1\/wp-content\/uploads\/2023\/09\/cropped-ervadaninha_preto_s.png","width":100,"height":49,"caption":"Erva Daninha"},"image":{"@id":"https:\/\/ervadaninha.pt\/wp1\/#\/schema\/logo\/image\/"}}]}},"jetpack_sharing_enabled":true,"jetpack_shortlink":"https:\/\/wp.me\/P6f9xd-O0","_links":{"self":[{"href":"https:\/\/ervadaninha.pt\/wp1\/index.php\/wp-json\/wp\/v2\/pages\/3100"}],"collection":[{"href":"https:\/\/ervadaninha.pt\/wp1\/index.php\/wp-json\/wp\/v2\/pages"}],"about":[{"href":"https:\/\/ervadaninha.pt\/wp1\/index.php\/wp-json\/wp\/v2\/types\/page"}],"author":[{"embeddable":true,"href":"https:\/\/ervadaninha.pt\/wp1\/index.php\/wp-json\/wp\/v2\/users\/1"}],"replies":[{"embeddable":true,"href":"https:\/\/ervadaninha.pt\/wp1\/index.php\/wp-json\/wp\/v2\/comments?post=3100"}],"version-history":[{"count":3,"href":"https:\/\/ervadaninha.pt\/wp1\/index.php\/wp-json\/wp\/v2\/pages\/3100\/revisions"}],"predecessor-version":[{"id":4100,"href":"https:\/\/ervadaninha.pt\/wp1\/index.php\/wp-json\/wp\/v2\/pages\/3100\/revisions\/4100"}],"wp:attachment":[{"href":"https:\/\/ervadaninha.pt\/wp1\/index.php\/wp-json\/wp\/v2\/media?parent=3100"}],"wp:term":[{"taxonomy":"post_tag","embeddable":true,"href":"https:\/\/ervadaninha.pt\/wp1\/index.php\/wp-json\/wp\/v2\/tags?post=3100"}],"curies":[{"name":"wp","href":"https:\/\/api.w.org\/{rel}","templated":true}]}}