{"id":2744,"date":"2023-09-20T10:56:14","date_gmt":"2023-09-20T10:56:14","guid":{"rendered":"https:\/\/ervadaninha.pt\/wp1\/?page_id=2744"},"modified":"2025-09-22T10:39:42","modified_gmt":"2025-09-22T10:39:42","slug":"ccc","status":"publish","type":"page","link":"https:\/\/ervadaninha.pt\/wp1\/index.php\/ccc\/","title":{"rendered":"CED"},"content":{"rendered":"\n<p>O Clube Erva Daninha \u00e9 um espa\u00e7o especializado no acolhimento de projetos de circo contempor\u00e2neo. Um espa\u00e7o laborat\u00f3rio para a investiga\u00e7\u00e3o de formas, conte\u00fados e experimenta\u00e7\u00e3o t\u00e9cnica do circo que parte da premissa do seu desenvolvimento enquanto express\u00e3o c\u00e9nica e criativa como uma estrat\u00e9gia art\u00edstica para a produ\u00e7\u00e3o e solidifica\u00e7\u00e3o de discursos contempor\u00e2neos. Nas v\u00e1rias atividades a Erva Daninha procura apresentar \u00e0 cidade discursos e est\u00e9ticas atuais, numa programa\u00e7\u00e3o diversificada, que aposta sobretudo em novas cria\u00e7\u00f5es e que procura encontro e di\u00e1logo entre os artistas e os p\u00fablicos.<\/p>\n\n\n\n<p>A pr\u00f3xima temporada conta com apoio do Criat\u00f3rio e celebra os 20 anos da companhia olhando para o futuro e a sua renova\u00e7\u00e3o.<\/p>\n\n\n<div class=\"wp-block-image\">\n<figure class=\"aligncenter size-large\"><a href=\"https:\/\/ervadaninha.pt\/wp1\/wp-content\/uploads\/2025\/08\/susanachico-4816-scaled.jpg\"><img decoding=\"async\" loading=\"lazy\" width=\"940\" height=\"627\" src=\"https:\/\/ervadaninha.pt\/wp1\/wp-content\/uploads\/2025\/08\/susanachico-4816-940x627.jpg\" alt=\"\" class=\"wp-image-3912\" srcset=\"https:\/\/ervadaninha.pt\/wp1\/wp-content\/uploads\/2025\/08\/susanachico-4816-940x627.jpg 940w, https:\/\/ervadaninha.pt\/wp1\/wp-content\/uploads\/2025\/08\/susanachico-4816-620x413.jpg 620w, https:\/\/ervadaninha.pt\/wp1\/wp-content\/uploads\/2025\/08\/susanachico-4816-768x512.jpg 768w, https:\/\/ervadaninha.pt\/wp1\/wp-content\/uploads\/2025\/08\/susanachico-4816-1536x1024.jpg 1536w, https:\/\/ervadaninha.pt\/wp1\/wp-content\/uploads\/2025\/08\/susanachico-4816-2048x1365.jpg 2048w, https:\/\/ervadaninha.pt\/wp1\/wp-content\/uploads\/2025\/08\/susanachico-4816-300x200.jpg 300w\" sizes=\"(max-width: 940px) 100vw, 940px\" \/><\/a><figcaption class=\"wp-element-caption\">\u00a9Susana Chic\u00f3 &#8211; &#8220;Deslizes&#8221; Coletivo Nopok<\/figcaption><\/figure><\/div>\n\n\n<p>O CED \u00e9 um espa\u00e7o alternativo especializado no acolhimento de ensaios, resid\u00eancias, forma\u00e7\u00f5es, espet\u00e1culos e outras atividades de circo. Para al\u00e9m do espa\u00e7o para 50 espetadores conta com sala de aquecimento, acesso a cozinha, caf\u00e9 | restaurante, e jardim com piscina | audit\u00f3rio integrando o <a href=\"https:\/\/www.espacoagra.pt\">Espa\u00e7o Agra<\/a> na zona ocidental da cidade.<\/p>\n\n\n\n<p><a href=\"https:\/\/goo.gl\/maps\/4j8w4z8WEg7EAJn18\" target=\"_blank\" rel=\"noreferrer noopener\">LOCALIZA\u00c7\u00c3O<\/a><\/p>\n\n\n\n<p><\/p>\n\n\n\n<hr class=\"wp-block-separator has-alpha-channel-opacity\"\/>\n\n\n\n<div class=\"wp-block-buttons is-content-justification-center is-layout-flex wp-container-1 wp-block-buttons-is-layout-flex\">\n<div class=\"wp-block-button\"><a class=\"wp-block-button__link wp-element-button\" href=\"https:\/\/ervadaninha.pt\/wp1\/wp-content\/uploads\/2025\/09\/Rider_CED_V5.pdf\" target=\"_blank\" rel=\"noreferrer noopener\">Ficha T\u00e9cnica PT<\/a><\/div>\n<\/div>\n\n\n\n<p><\/p>\n\n\n\n<hr class=\"wp-block-separator has-alpha-channel-opacity\"\/>\n\n\n<div class=\"wp-block-image\">\n<figure class=\"aligncenter size-large is-resized\"><a href=\"https:\/\/ervadaninha.pt\/wp1\/wp-content\/uploads\/2025\/08\/ClubeErvaDaninha@SuanaChico_5.jpg\"><img decoding=\"async\" loading=\"lazy\" width=\"940\" height=\"627\" src=\"https:\/\/ervadaninha.pt\/wp1\/wp-content\/uploads\/2025\/08\/ClubeErvaDaninha@SuanaChico_5-940x627.jpg\" alt=\"\" class=\"wp-image-3916\" style=\"aspect-ratio:1.3865030674846626;width:750px;height:auto\" srcset=\"https:\/\/ervadaninha.pt\/wp1\/wp-content\/uploads\/2025\/08\/ClubeErvaDaninha@SuanaChico_5-940x627.jpg 940w, https:\/\/ervadaninha.pt\/wp1\/wp-content\/uploads\/2025\/08\/ClubeErvaDaninha@SuanaChico_5-620x413.jpg 620w, https:\/\/ervadaninha.pt\/wp1\/wp-content\/uploads\/2025\/08\/ClubeErvaDaninha@SuanaChico_5-768x512.jpg 768w, https:\/\/ervadaninha.pt\/wp1\/wp-content\/uploads\/2025\/08\/ClubeErvaDaninha@SuanaChico_5-1536x1024.jpg 1536w, https:\/\/ervadaninha.pt\/wp1\/wp-content\/uploads\/2025\/08\/ClubeErvaDaninha@SuanaChico_5-2048x1366.jpg 2048w, https:\/\/ervadaninha.pt\/wp1\/wp-content\/uploads\/2025\/08\/ClubeErvaDaninha@SuanaChico_5-300x200.jpg 300w\" sizes=\"(max-width: 940px) 100vw, 940px\" \/><\/a><figcaption class=\"wp-element-caption\">\u00a9Susana Chic\u00f3 &#8211; &#8220;Matmo&#8221; La Tribu Performance <\/figcaption><\/figure><\/div>","protected":false},"excerpt":{"rendered":"<p>O Clube Erva Daninha \u00e9 um espa\u00e7o especializado no acolhimento de projetos de circo contempor\u00e2neo. Um espa\u00e7o laborat\u00f3rio para a investiga\u00e7\u00e3o de formas, conte\u00fados e experimenta\u00e7\u00e3o t\u00e9cnica do circo que [&hellip;]<\/p>\n","protected":false},"author":1,"featured_media":0,"parent":0,"menu_order":0,"comment_status":"closed","ping_status":"closed","template":"","meta":{"_themeisle_gutenberg_block_has_review":false,"jetpack_post_was_ever_published":false,"footnotes":""},"tags":[],"yoast_head":"<!-- This site is optimized with the Yoast SEO plugin v21.0 - https:\/\/yoast.com\/wordpress\/plugins\/seo\/ -->\n<title>CED - Erva Daninha<\/title>\n<meta name=\"robots\" content=\"index, follow, max-snippet:-1, max-image-preview:large, max-video-preview:-1\" \/>\n<link rel=\"canonical\" href=\"https:\/\/ervadaninha.pt\/wp1\/index.php\/ccc\/\" \/>\n<meta property=\"og:locale\" content=\"pt_PT\" \/>\n<meta property=\"og:type\" content=\"article\" \/>\n<meta property=\"og:title\" content=\"CED - Erva Daninha\" \/>\n<meta property=\"og:description\" content=\"O Clube Erva Daninha \u00e9 um espa\u00e7o especializado no acolhimento de projetos de circo contempor\u00e2neo. Um espa\u00e7o laborat\u00f3rio para a investiga\u00e7\u00e3o de formas, conte\u00fados e experimenta\u00e7\u00e3o t\u00e9cnica do circo que [&hellip;]\" \/>\n<meta property=\"og:url\" content=\"https:\/\/ervadaninha.pt\/wp1\/index.php\/ccc\/\" \/>\n<meta property=\"og:site_name\" content=\"Erva Daninha\" \/>\n<meta property=\"article:modified_time\" content=\"2025-09-22T10:39:42+00:00\" \/>\n<meta property=\"og:image\" content=\"https:\/\/ervadaninha.pt\/wp1\/wp-content\/uploads\/2025\/08\/susanachico-4816-940x627.jpg\" \/>\n<meta name=\"twitter:card\" content=\"summary_large_image\" \/>\n<meta name=\"twitter:label1\" content=\"Tempo estimado de leitura\" \/>\n\t<meta name=\"twitter:data1\" content=\"2 minutos\" \/>\n<script type=\"application\/ld+json\" class=\"yoast-schema-graph\">{\"@context\":\"https:\/\/schema.org\",\"@graph\":[{\"@type\":\"WebPage\",\"@id\":\"https:\/\/ervadaninha.pt\/wp1\/index.php\/ccc\/\",\"url\":\"https:\/\/ervadaninha.pt\/wp1\/index.php\/ccc\/\",\"name\":\"CED - Erva Daninha\",\"isPartOf\":{\"@id\":\"https:\/\/ervadaninha.pt\/wp1\/#website\"},\"datePublished\":\"2023-09-20T10:56:14+00:00\",\"dateModified\":\"2025-09-22T10:39:42+00:00\",\"breadcrumb\":{\"@id\":\"https:\/\/ervadaninha.pt\/wp1\/index.php\/ccc\/#breadcrumb\"},\"inLanguage\":\"pt-PT\",\"potentialAction\":[{\"@type\":\"ReadAction\",\"target\":[\"https:\/\/ervadaninha.pt\/wp1\/index.php\/ccc\/\"]}]},{\"@type\":\"BreadcrumbList\",\"@id\":\"https:\/\/ervadaninha.pt\/wp1\/index.php\/ccc\/#breadcrumb\",\"itemListElement\":[{\"@type\":\"ListItem\",\"position\":1,\"name\":\"Home\",\"item\":\"https:\/\/ervadaninha.pt\/wp1\/\"},{\"@type\":\"ListItem\",\"position\":2,\"name\":\"CED\"}]},{\"@type\":\"WebSite\",\"@id\":\"https:\/\/ervadaninha.pt\/wp1\/#website\",\"url\":\"https:\/\/ervadaninha.pt\/wp1\/\",\"name\":\"Erva Daninha\",\"description\":\"Erva Daninha\",\"publisher\":{\"@id\":\"https:\/\/ervadaninha.pt\/wp1\/#organization\"},\"potentialAction\":[{\"@type\":\"SearchAction\",\"target\":{\"@type\":\"EntryPoint\",\"urlTemplate\":\"https:\/\/ervadaninha.pt\/wp1\/?s={search_term_string}\"},\"query-input\":\"required name=search_term_string\"}],\"inLanguage\":\"pt-PT\"},{\"@type\":\"Organization\",\"@id\":\"https:\/\/ervadaninha.pt\/wp1\/#organization\",\"name\":\"Erva Daninha\",\"url\":\"https:\/\/ervadaninha.pt\/wp1\/\",\"logo\":{\"@type\":\"ImageObject\",\"inLanguage\":\"pt-PT\",\"@id\":\"https:\/\/ervadaninha.pt\/wp1\/#\/schema\/logo\/image\/\",\"url\":\"https:\/\/ervadaninha.pt\/wp1\/wp-content\/uploads\/2023\/09\/cropped-ervadaninha_preto_s.png\",\"contentUrl\":\"https:\/\/ervadaninha.pt\/wp1\/wp-content\/uploads\/2023\/09\/cropped-ervadaninha_preto_s.png\",\"width\":100,\"height\":49,\"caption\":\"Erva Daninha\"},\"image\":{\"@id\":\"https:\/\/ervadaninha.pt\/wp1\/#\/schema\/logo\/image\/\"}}]}<\/script>\n<!-- \/ Yoast SEO plugin. -->","yoast_head_json":{"title":"CED - Erva Daninha","robots":{"index":"index","follow":"follow","max-snippet":"max-snippet:-1","max-image-preview":"max-image-preview:large","max-video-preview":"max-video-preview:-1"},"canonical":"https:\/\/ervadaninha.pt\/wp1\/index.php\/ccc\/","og_locale":"pt_PT","og_type":"article","og_title":"CED - Erva Daninha","og_description":"O Clube Erva Daninha \u00e9 um espa\u00e7o especializado no acolhimento de projetos de circo contempor\u00e2neo. Um espa\u00e7o laborat\u00f3rio para a investiga\u00e7\u00e3o de formas, conte\u00fados e experimenta\u00e7\u00e3o t\u00e9cnica do circo que [&hellip;]","og_url":"https:\/\/ervadaninha.pt\/wp1\/index.php\/ccc\/","og_site_name":"Erva Daninha","article_modified_time":"2025-09-22T10:39:42+00:00","og_image":[{"url":"https:\/\/ervadaninha.pt\/wp1\/wp-content\/uploads\/2025\/08\/susanachico-4816-940x627.jpg"}],"twitter_card":"summary_large_image","twitter_misc":{"Tempo estimado de leitura":"2 minutos"},"schema":{"@context":"https:\/\/schema.org","@graph":[{"@type":"WebPage","@id":"https:\/\/ervadaninha.pt\/wp1\/index.php\/ccc\/","url":"https:\/\/ervadaninha.pt\/wp1\/index.php\/ccc\/","name":"CED - Erva Daninha","isPartOf":{"@id":"https:\/\/ervadaninha.pt\/wp1\/#website"},"datePublished":"2023-09-20T10:56:14+00:00","dateModified":"2025-09-22T10:39:42+00:00","breadcrumb":{"@id":"https:\/\/ervadaninha.pt\/wp1\/index.php\/ccc\/#breadcrumb"},"inLanguage":"pt-PT","potentialAction":[{"@type":"ReadAction","target":["https:\/\/ervadaninha.pt\/wp1\/index.php\/ccc\/"]}]},{"@type":"BreadcrumbList","@id":"https:\/\/ervadaninha.pt\/wp1\/index.php\/ccc\/#breadcrumb","itemListElement":[{"@type":"ListItem","position":1,"name":"Home","item":"https:\/\/ervadaninha.pt\/wp1\/"},{"@type":"ListItem","position":2,"name":"CED"}]},{"@type":"WebSite","@id":"https:\/\/ervadaninha.pt\/wp1\/#website","url":"https:\/\/ervadaninha.pt\/wp1\/","name":"Erva Daninha","description":"Erva Daninha","publisher":{"@id":"https:\/\/ervadaninha.pt\/wp1\/#organization"},"potentialAction":[{"@type":"SearchAction","target":{"@type":"EntryPoint","urlTemplate":"https:\/\/ervadaninha.pt\/wp1\/?s={search_term_string}"},"query-input":"required name=search_term_string"}],"inLanguage":"pt-PT"},{"@type":"Organization","@id":"https:\/\/ervadaninha.pt\/wp1\/#organization","name":"Erva Daninha","url":"https:\/\/ervadaninha.pt\/wp1\/","logo":{"@type":"ImageObject","inLanguage":"pt-PT","@id":"https:\/\/ervadaninha.pt\/wp1\/#\/schema\/logo\/image\/","url":"https:\/\/ervadaninha.pt\/wp1\/wp-content\/uploads\/2023\/09\/cropped-ervadaninha_preto_s.png","contentUrl":"https:\/\/ervadaninha.pt\/wp1\/wp-content\/uploads\/2023\/09\/cropped-ervadaninha_preto_s.png","width":100,"height":49,"caption":"Erva Daninha"},"image":{"@id":"https:\/\/ervadaninha.pt\/wp1\/#\/schema\/logo\/image\/"}}]}},"jetpack_sharing_enabled":true,"jetpack_shortlink":"https:\/\/wp.me\/P6f9xd-Ig","_links":{"self":[{"href":"https:\/\/ervadaninha.pt\/wp1\/index.php\/wp-json\/wp\/v2\/pages\/2744"}],"collection":[{"href":"https:\/\/ervadaninha.pt\/wp1\/index.php\/wp-json\/wp\/v2\/pages"}],"about":[{"href":"https:\/\/ervadaninha.pt\/wp1\/index.php\/wp-json\/wp\/v2\/types\/page"}],"author":[{"embeddable":true,"href":"https:\/\/ervadaninha.pt\/wp1\/index.php\/wp-json\/wp\/v2\/users\/1"}],"replies":[{"embeddable":true,"href":"https:\/\/ervadaninha.pt\/wp1\/index.php\/wp-json\/wp\/v2\/comments?post=2744"}],"version-history":[{"count":26,"href":"https:\/\/ervadaninha.pt\/wp1\/index.php\/wp-json\/wp\/v2\/pages\/2744\/revisions"}],"predecessor-version":[{"id":4002,"href":"https:\/\/ervadaninha.pt\/wp1\/index.php\/wp-json\/wp\/v2\/pages\/2744\/revisions\/4002"}],"wp:attachment":[{"href":"https:\/\/ervadaninha.pt\/wp1\/index.php\/wp-json\/wp\/v2\/media?parent=2744"}],"wp:term":[{"taxonomy":"post_tag","embeddable":true,"href":"https:\/\/ervadaninha.pt\/wp1\/index.php\/wp-json\/wp\/v2\/tags?post=2744"}],"curies":[{"name":"wp","href":"https:\/\/api.w.org\/{rel}","templated":true}]}}