{"id":2676,"date":"2023-09-01T13:56:27","date_gmt":"2023-09-01T13:56:27","guid":{"rendered":"https:\/\/ervadaninha.pt\/wp1\/?page_id=2676"},"modified":"2026-04-06T16:25:12","modified_gmt":"2026-04-06T16:25:12","slug":"labs","status":"publish","type":"page","link":"https:\/\/ervadaninha.pt\/wp1\/index.php\/labs\/","title":{"rendered":"Labs"},"content":{"rendered":"\n<p><strong>Lab Programa de Apoio \u00e0 Cria\u00e7\u00e3o em Circo Contempor\u00e2neo<\/strong> com Claudio Stellato<strong> <\/strong>&#8211; 28 a 30 outubro 25 &#8211; CED<\/p>\n\n\n\n<figure class=\"wp-block-embed is-type-video is-provider-vimeo wp-block-embed-vimeo wp-embed-aspect-16-9 wp-has-aspect-ratio\"><div class=\"wp-block-embed__wrapper\">\n<div class=\"jetpack-video-wrapper\"><iframe loading=\"lazy\" title=\"Lab cria\u00e7\u00e3o com Claudio Stellato\" src=\"https:\/\/player.vimeo.com\/video\/1134202529?dnt=1&amp;app_id=122963\" width=\"764\" height=\"430\" frameborder=\"0\" allow=\"autoplay; fullscreen; picture-in-picture; clipboard-write; encrypted-media; web-share\" referrerpolicy=\"strict-origin-when-cross-origin\"><\/iframe><\/div>\n<\/div><\/figure>\n\n\n\n<hr class=\"wp-block-separator has-alpha-channel-opacity\"\/>\n\n\n\n<p><strong>Lab Acompanhamento art\u00edstico nos processos criativos em Circo<\/strong> com ANNA PASCUAL &#8211; 2 a 6 junho 25 &#8211; CED<\/p>\n\n\n\n<figure class=\"wp-block-embed aligncenter is-type-video is-provider-vimeo wp-block-embed-vimeo wp-embed-aspect-16-9 wp-has-aspect-ratio\"><div class=\"wp-block-embed__wrapper\">\n<div class=\"jetpack-video-wrapper\"><iframe loading=\"lazy\" title=\"Lab Cria\u00e7\u00e3o - Anna Pascual - Latitud(e)s Catalunya - Portugal\" src=\"https:\/\/player.vimeo.com\/video\/1099619313?dnt=1&amp;app_id=122963\" width=\"764\" height=\"430\" frameborder=\"0\" allow=\"autoplay; fullscreen; picture-in-picture; clipboard-write; encrypted-media; web-share\" referrerpolicy=\"strict-origin-when-cross-origin\"><\/iframe><\/div>\n<\/div><\/figure>\n\n\n\n<p>A partir de cada projeto pessoal, passamos pelas diferentes fases de uma cria\u00e7\u00e3o art\u00edstica circense. Come\u00e7amos conceptualizando o projeto art\u00edstico, analisando qual \u00e9 o ponto de partida do ato criativo em cada projeto para podermos ser coerentes entre a ideia e a encena\u00e7\u00e3o. No palco\/espa\u00e7o, mostramos material pr\u00f3prio para, atrav\u00e9s do grupo, analisar este material e enriquec\u00ea-lo ou aumentar a complexidade da proposta c\u00e9nica. Durante todo esse processo nos perguntamos, refletimos e identificamos o papel que a t\u00e9cnica ocupa dentro da pe\u00e7a, entendendo a t\u00e9cnica circense como um componente profundamente intr\u00ednseco \u00e0 proposta art\u00edstica.<\/p>\n\n\n\n<hr class=\"wp-block-separator has-alpha-channel-opacity\"\/>\n\n\n\n<p><strong>Lab  Corpo Cyrcense<\/strong> com ALAN SENCADES &#8211; 25 a 29 novembro 24 &#8211; CCC<\/p>\n\n\n<div class=\"wp-block-image\">\n<figure class=\"aligncenter size-full is-resized\"><a href=\"https:\/\/ervadaninha.pt\/wp1\/wp-content\/uploads\/2025\/05\/image-2.png\"><img decoding=\"async\" loading=\"lazy\" width=\"829\" height=\"1128\" src=\"https:\/\/ervadaninha.pt\/wp1\/wp-content\/uploads\/2025\/05\/image-2.png\" alt=\"\" class=\"wp-image-3604\" style=\"aspect-ratio:0.7349290780141844;width:282px;height:auto\" srcset=\"https:\/\/ervadaninha.pt\/wp1\/wp-content\/uploads\/2025\/05\/image-2.png 829w, https:\/\/ervadaninha.pt\/wp1\/wp-content\/uploads\/2025\/05\/image-2-620x844.png 620w, https:\/\/ervadaninha.pt\/wp1\/wp-content\/uploads\/2025\/05\/image-2-768x1045.png 768w, https:\/\/ervadaninha.pt\/wp1\/wp-content\/uploads\/2025\/05\/image-2-220x300.png 220w\" sizes=\"(max-width: 829px) 100vw, 829px\" \/><\/a><\/figure><\/div>\n\n\n<p>A oficina Corpo Cyrcense \u00e9 destinada a estudantes e artistas com experi\u00eancia pr\u00e9via em roda Cyr e tem como objetivo expandir as possibilidades de express\u00e3o corporal no aparelho. Durante este encontro, os participantes exploram&nbsp;diferentes abordagens t\u00e9cnicas com base em 3 eixos: manipula\u00e7\u00f5es, voos e movimentos descont\u00ednuos. Com objetivo de promover a rela\u00e7\u00e3o entre corpo e aparelho, potenciando a criatividade e a fluidez no uso da roda Cyr.&nbsp;<\/p>\n\n\n\n<hr class=\"wp-block-separator has-alpha-channel-opacity\"\/>\n\n\n\n<p><strong>Lab Corpo Gritante<\/strong> com DANIEL SEABRA &#8211; 25 e 28 de maio (Trengo 24) &#8211; CCC<\/p>\n\n\n<div class=\"wp-block-image\">\n<figure class=\"aligncenter size-large is-resized\"><a href=\"https:\/\/ervadaninha.pt\/wp1\/wp-content\/uploads\/2025\/04\/image.png\"><img decoding=\"async\" loading=\"lazy\" width=\"940\" height=\"628\" src=\"https:\/\/ervadaninha.pt\/wp1\/wp-content\/uploads\/2025\/04\/image-940x628.png\" alt=\"\" class=\"wp-image-3584\" style=\"aspect-ratio:1.497659906396256;width:407px;height:auto\" srcset=\"https:\/\/ervadaninha.pt\/wp1\/wp-content\/uploads\/2025\/04\/image-940x628.png 940w, https:\/\/ervadaninha.pt\/wp1\/wp-content\/uploads\/2025\/04\/image-620x414.png 620w, https:\/\/ervadaninha.pt\/wp1\/wp-content\/uploads\/2025\/04\/image-768x513.png 768w, https:\/\/ervadaninha.pt\/wp1\/wp-content\/uploads\/2025\/04\/image-1536x1026.png 1536w, https:\/\/ervadaninha.pt\/wp1\/wp-content\/uploads\/2025\/04\/image-300x200.png 300w, https:\/\/ervadaninha.pt\/wp1\/wp-content\/uploads\/2025\/04\/image.png 1920w\" sizes=\"(max-width: 940px) 100vw, 940px\" \/><\/a><\/figure><\/div>\n\n\n<p>Um ensaio coletivo de suspens\u00e3o que atrav\u00e9s de exerc\u00edcios alternados entre o ch\u00e3o e a suspens\u00e3o convida todos os participantes a experienciar um processo na linha de trabalho do criador. A aus\u00eancia de movimento como revolu\u00e7\u00e3o num corpo, um corpo bruto em busca de fragilidade. Reconhecer o cansa\u00e7o e us\u00e1-lo como gerador. Resist\u00eancia, continuidade, consci\u00eancia s\u00e3o palavras chaves neste processo. Este workshop n\u00e3o \u00e9 um treino t\u00e9cnico de acrobacia a\u00e9rea, mas a sua pr\u00e1tica \u00e9 necess\u00e1ria para a participa\u00e7\u00e3o.<\/p>\n\n\n\n<p>Este Lab&nbsp;de Daniel Seabra est\u00e1 inserido na resid\u00eancia &#8220;For\u00e7as Combinadas&#8221;, apoiada pelo Fundo Europeu de Festivais para Artistas Emergentes &#8211; EFFEA, uma iniciativa da Associa\u00e7\u00e3o Europeia de Festivais (EFA), cofinanciada pela Uni\u00e3o Europeia. A resid\u00eancia &#8220;For\u00e7as Combinadas&#8221; \u00e9 hospedada pelo Trengo Festival de Circo (PT), em parceria com outros festivais de circo: Pitch&#8217;d (IR), Circada (ES) e Terminal (IT).<\/p>\n\n\n\n<p><em><mark style=\"background-color:rgba(0, 0, 0, 0)\" class=\"has-inline-color has-cyan-bluish-gray-color\">This Daniel Seabra Lab is part of &#8220;For\u00e7as Combinadas&#8221; residency, supported by the European Festivals Fund for Emerging Artists \u2013 EFFEA, an initiative of the <a href=\"https:\/\/www.facebook.com\/EuropeanFestivalsAssociation?__cft__[0]=AZWIRagsjCcQal0rusoBbEpfQCDOOXFIwAGF4UWXjGrUON9bvQ25bYW5k-JKwiXQ3lAf-3oP1Oz4wKaqtPsInS0UaOQMvddjOpOQaUHrybO1XrtHf-4Vgc2UvpwFuEj_EFBLiBrgbSO2O467B7bNMsuzK2qKR_Cm5BsfdoaWd0LyBFW9G1FWt-7Xo4l1aJyCsby1IRVJ78z5m5y42xe0P4FgCUgEnWRrkJrzOTpyJLg0OA&amp;__tn__=-]K-y-R\">European Festivals Association (EFA)<\/a>, co-funded by the European Union.<\/mark><\/em><\/p>\n\n\n\n<hr class=\"wp-block-separator has-alpha-channel-opacity\"\/>\n\n\n\n<p><strong>Lab Trengos Avan\u00e7ados<\/strong> com ELEONORA DALL\u00b4ASTA [IT\/PAN] &#8211; 27 Junho 24 &#8211; CCC<\/p>\n\n\n\n<p>Uma aula onde aprendemos a construir e criar uma pr\u00e1tica de movimento a partir do uso de arneses no ar, no ch\u00e3o e entre si. Focando em como a suspens\u00e3o \u00e9 gerada pelo nosso corpo atrav\u00e9s do movimento e da interpreta\u00e7\u00e3o do espa\u00e7o e dos objetos ao nosso redor.&nbsp;<\/p>\n\n\n<div class=\"wp-block-image\">\n<figure class=\"aligncenter size-large is-resized\"><a href=\"https:\/\/ervadaninha.pt\/wp1\/wp-content\/uploads\/2025\/05\/image-1.png\"><img decoding=\"async\" loading=\"lazy\" width=\"940\" height=\"615\" src=\"https:\/\/ervadaninha.pt\/wp1\/wp-content\/uploads\/2025\/05\/image-1-940x615.png\" alt=\"\" class=\"wp-image-3603\" style=\"aspect-ratio:1.5284552845528456;width:511px;height:auto\" srcset=\"https:\/\/ervadaninha.pt\/wp1\/wp-content\/uploads\/2025\/05\/image-1-940x615.png 940w, https:\/\/ervadaninha.pt\/wp1\/wp-content\/uploads\/2025\/05\/image-1-620x406.png 620w, https:\/\/ervadaninha.pt\/wp1\/wp-content\/uploads\/2025\/05\/image-1-768x502.png 768w, https:\/\/ervadaninha.pt\/wp1\/wp-content\/uploads\/2025\/05\/image-1-300x196.png 300w, https:\/\/ervadaninha.pt\/wp1\/wp-content\/uploads\/2025\/05\/image-1.png 960w\" sizes=\"(max-width: 940px) 100vw, 940px\" \/><\/a><\/figure><\/div>\n\n\n<p>Eleonora \u00e9 uma artista a\u00e9rea e de movimento italiana que cresceu na Am\u00e9rica Latina desde tenra idade. Ela \u00e9 bacharel em Circo Contempor\u00e2neo pela National Circus School, em Inglaterra (Circus Space), Master em Circo Contempor\u00e2neo pela DOCH University of the Arts, em Estocolmo e graduada em M\u00eddia e Comunica\u00e7\u00e3o, pela Universidade do Panam\u00e1. Eleonora \u00e9 diretora do el Cuarto Rojo, o primeiro espa\u00e7o\/est\u00fadio de circo no Panam\u00e1, onde ensina disciplinas a\u00e9reas e circenses desde 2012, e tamb\u00e9m \u00e9 diretora do Panama A\u00e9rea e da Plataforma Circo, 2 laborat\u00f3rios que visam explorar pesquisa e desenvolvimento em cria\u00e7\u00e3o numa gama diversificada de disciplinas circenses.&nbsp;<\/p>\n\n\n\n<hr class=\"wp-block-separator has-alpha-channel-opacity\"\/>\n\n\n\n<p><strong>Oficina Hula Hoops<\/strong>  com  SYLVAIN JULIEN &#8211; 3 Mar\u00e7o 24 &#8211; CCC<\/p>\n\n\n<div class=\"wp-block-image\">\n<figure class=\"aligncenter size-full is-resized\"><a href=\"https:\/\/ervadaninha.pt\/wp1\/wp-content\/uploads\/2025\/05\/image.png\"><img decoding=\"async\" loading=\"lazy\" width=\"900\" height=\"1600\" src=\"https:\/\/ervadaninha.pt\/wp1\/wp-content\/uploads\/2025\/05\/image.png\" alt=\"\" class=\"wp-image-3600\" style=\"aspect-ratio:0.5625;width:356px;height:auto\" srcset=\"https:\/\/ervadaninha.pt\/wp1\/wp-content\/uploads\/2025\/05\/image.png 900w, https:\/\/ervadaninha.pt\/wp1\/wp-content\/uploads\/2025\/05\/image-620x1102.png 620w, https:\/\/ervadaninha.pt\/wp1\/wp-content\/uploads\/2025\/05\/image-768x1365.png 768w, https:\/\/ervadaninha.pt\/wp1\/wp-content\/uploads\/2025\/05\/image-864x1536.png 864w, https:\/\/ervadaninha.pt\/wp1\/wp-content\/uploads\/2025\/05\/image-169x300.png 169w\" sizes=\"(max-width: 900px) 100vw, 900px\" \/><\/a><\/figure><\/div>\n\n\n<p>Quem \u00e9 que nunca ficou no meio de um arco, a mexer o rabo e a tentar aguentar? Para al\u00e9m das ideias preconcebidas sobre o corpo g\u00edmnico, os jogos de basquetebol s\u00e3o pr\u00e1ticas que, inteligentemente acompanhadas, s\u00e3o acess\u00edveis a todos, homens e mulheres, pais e filhos, estudantes ou av\u00f3s, desde que tenham vontade de o fazer&#8230; Divertidos e en\u00e9rgicos, basta ver algu\u00e9m a jogar com arcos para ficar com vontade de experimentar. O hooping n\u00e3o se limita ao hula-hooping: s\u00e3o poss\u00edveis e desej\u00e1veis v\u00e1rias outras utiliza\u00e7\u00f5es e gestos, todos eles f\u00e1ceis de realizar e com um efeito instant\u00e2neo garantido! Este \u00e9 um workshop introdut\u00f3rio, chave na m\u00e3o (os arcos s\u00e3o fornecidos por mim), que pode ser adaptado a todos os p\u00fablicos, para que todos possam desfrutar.<br><\/p>\n\n\n\n<hr class=\"wp-block-separator has-alpha-channel-opacity\"\/>\n\n\n\n<p><strong>Oficina portes acrob\u00e1ticos <\/strong>com Pedro Consci\u00eancia (Mostra Estufa 23) &#8211; CCC<\/p>\n\n\n\n<p>Pedro Consci\u00eancia, formado pelo CNAC e criador da companhia Big Bin\u00f4me, \u00e9 especialista em acrobacia, base de portes din\u00e2micos e banquina. Trabalha desde 2018 com a companhia Akoreacro e mais recentemente com a XY.&nbsp;<\/p>\n\n\n\n<figure class=\"wp-block-embed aligncenter is-type-video is-provider-vimeo wp-block-embed-vimeo wp-embed-aspect-16-9 wp-has-aspect-ratio\"><div class=\"wp-block-embed__wrapper\">\n<div class=\"jetpack-video-wrapper\"><iframe loading=\"lazy\" title=\"Oficina de portes acrob\u00e1ticos - c\/ Pedro Consci\u00eancia\" src=\"https:\/\/player.vimeo.com\/video\/891043382?dnt=1&amp;app_id=122963\" width=\"764\" height=\"430\" frameborder=\"0\" allow=\"autoplay; fullscreen; picture-in-picture; clipboard-write; encrypted-media; web-share\" referrerpolicy=\"strict-origin-when-cross-origin\"><\/iframe><\/div>\n<\/div><\/figure>\n\n\n\n<hr class=\"wp-block-separator has-alpha-channel-opacity\"\/>\n\n\n\n<p><strong>Forma\u00e7\u00e3o Trengos Avan\u00e7ados<\/strong>&nbsp; com  MAU JARA  (Trengo 23) &#8211; CCC<\/p>\n\n\n\n<p>Nesta forma\u00e7\u00e3o intensiva de pinos, vamos explorar o equil\u00edbrio de m\u00e3os de diferentes pontos de vista. Abordaremos o b\u00e1sico desta habilidade, mas tamb\u00e9m mergulharemos no pino como ferramenta para o processo de cria\u00e7\u00e3o. Vamos experimentar pinos no ch\u00e3o, em pessoas, em objetos. E faremos perguntas. Muitas perguntas. Como podemos conectar-nos com uma plateia quando estamos de olhos para o ch\u00e3o? (Precisamos mesmo de olhar para o ch\u00e3o?)&nbsp;Um convite a todos os artistas circenses interessados a aventurarem-se nesta experi\u00eancia de cabe\u00e7a para baixo.&nbsp;<\/p>\n\n\n\n<figure class=\"wp-block-embed aligncenter is-type-video is-provider-vimeo wp-block-embed-vimeo\"><div class=\"wp-block-embed__wrapper\">\n<div class=\"jetpack-video-wrapper\"><iframe loading=\"lazy\" title=\"Formacao Trengos Avan\u00e7ados\" src=\"https:\/\/player.vimeo.com\/video\/861173822?dnt=1&amp;app_id=122963\" width=\"764\" height=\"430\" frameborder=\"0\" allow=\"autoplay; fullscreen; picture-in-picture; clipboard-write; encrypted-media; web-share\" referrerpolicy=\"strict-origin-when-cross-origin\"><\/iframe><\/div>\n<\/div><\/figure>\n\n\n\n<hr class=\"wp-block-separator has-alpha-channel-opacity\"\/>\n\n\n\n<div class=\"wp-block-group is-layout-constrained wp-block-group-is-layout-constrained\"><div class=\"wp-block-group__inner-container\">\n<p><strong>WORKSHOP A\u00c9REOS<\/strong>   com   SAGE BACHTLER CUSHMAN (Mostra Estufa 22) &#8211; Teatro Campo Alegre <\/p>\n\n\n\n<p>Cria\u00e7\u00e3o, Coreografia A\u00e9rea, Trap\u00e9zio-Dan\u00e7a e Constru\u00e7\u00e3o de Actos &#8211; Utilizaremos experi\u00eancias e sensa\u00e7\u00f5es quotidianas para a constru\u00e7\u00e3o e cria\u00e7\u00e3o de coreografias com meios performativos destinados a tocar a ess\u00eancia humana.<\/p>\n\n\n\n<figure class=\"wp-block-embed is-type-video is-provider-vimeo wp-block-embed-vimeo wp-embed-aspect-16-9 wp-has-aspect-ratio\"><div class=\"wp-block-embed__wrapper\">\n<div class=\"jetpack-video-wrapper\"><iframe loading=\"lazy\" title=\"Workshop A\u00e9reos - Sage Cushman\" src=\"https:\/\/player.vimeo.com\/video\/861170837?dnt=1&amp;app_id=122963\" width=\"764\" height=\"430\" frameborder=\"0\" allow=\"autoplay; fullscreen; picture-in-picture; clipboard-write; encrypted-media; web-share\" referrerpolicy=\"strict-origin-when-cross-origin\"><\/iframe><\/div>\n<\/div><\/figure>\n<\/div><\/div>\n\n\n\n<hr class=\"wp-block-separator has-alpha-channel-opacity\"\/>\n\n\n\n<p><strong>EIS UM URSO. AGORA DEVEM FAZ\u00ca-LO RIR<\/strong>  oficina com  RUI PAIX\u00c3O (Trengo 22) &#8211; Coliseu Porto Ageas <\/p>\n\n\n\n<p>Nesta forma\u00e7\u00e3o Rui Paix\u00e3o desafia os participantes a uma explora\u00e7\u00e3o intensiva sobre improvisa\u00e7\u00e3o e o ato de cria\u00e7\u00e3o espont\u00e2nea.<\/p>\n\n\n\n<figure class=\"wp-block-embed is-type-video is-provider-vimeo wp-block-embed-vimeo wp-embed-aspect-16-9 wp-has-aspect-ratio\"><div class=\"wp-block-embed__wrapper\">\n<div class=\"jetpack-video-wrapper\"><iframe loading=\"lazy\" title=\"EIS UM URSO. AGORA DEVEM FAZ\u00ca-LO RIR  - Oficina Rui Paix\u00e3o (Trengo 22)\" src=\"https:\/\/player.vimeo.com\/video\/861170609?dnt=1&amp;app_id=122963\" width=\"764\" height=\"430\" frameborder=\"0\" allow=\"autoplay; fullscreen; picture-in-picture; clipboard-write; encrypted-media; web-share\" referrerpolicy=\"strict-origin-when-cross-origin\"><\/iframe><\/div>\n<\/div><\/figure>\n\n\n\n<hr class=\"wp-block-separator has-alpha-channel-opacity\"\/>\n\n\n\n<p><strong>MASTERCLASS<\/strong> <strong>mastro chin\u00eas<\/strong>  com  JO\u00c3O PAULO dos SANTOS (Mostra Estufa 21) &#8211; Teatro Campo Alegre<\/p>\n\n\n\n<p>Masterclass de circo contempor\u00e2neo com Jo\u00e3o Paulo dos Santos integrada na Mostra Estufa. Um olhar maduro e experiente sobre o mastro chin\u00eas. A t\u00e9cnica de circo como pretexto de cria\u00e7\u00e3o, como forma de revelar emo\u00e7\u00f5es profundas que est\u00e3o para al\u00e9m do esfor\u00e7o. Uma oficina avan\u00e7ada onde se procura investigar o que est\u00e1 para al\u00e9m da t\u00e9cnica, do virtuosismo e da resist\u00eancia f\u00edsica, quando se chega ao silencio do corpo.<\/p>\n\n\n\n<figure class=\"wp-block-embed is-type-video is-provider-vimeo wp-block-embed-vimeo wp-embed-aspect-16-9 wp-has-aspect-ratio\"><div class=\"wp-block-embed__wrapper\">\n<div class=\"jetpack-video-wrapper\"><iframe loading=\"lazy\" title=\"Masterclass com Jo\u00e3o Paulos dos Santos\" src=\"https:\/\/player.vimeo.com\/video\/861174259?dnt=1&amp;app_id=122963\" width=\"764\" height=\"430\" frameborder=\"0\" allow=\"autoplay; fullscreen; picture-in-picture; clipboard-write; encrypted-media; web-share\" referrerpolicy=\"strict-origin-when-cross-origin\"><\/iframe><\/div>\n<\/div><\/figure>\n\n\n\n<hr class=\"wp-block-separator has-alpha-channel-opacity\"\/>\n","protected":false},"excerpt":{"rendered":"<p>Lab Programa de Apoio \u00e0 Cria\u00e7\u00e3o em Circo Contempor\u00e2neo com Claudio Stellato &#8211; 28 a 30 outubro 25 &#8211; CED Lab Acompanhamento art\u00edstico nos processos criativos em Circo com ANNA [&hellip;]<\/p>\n","protected":false},"author":1,"featured_media":0,"parent":0,"menu_order":0,"comment_status":"closed","ping_status":"closed","template":"","meta":{"_themeisle_gutenberg_block_has_review":false,"jetpack_post_was_ever_published":false,"footnotes":""},"tags":[],"yoast_head":"<!-- This site is optimized with the Yoast SEO plugin v21.0 - https:\/\/yoast.com\/wordpress\/plugins\/seo\/ -->\n<title>Labs - Erva Daninha<\/title>\n<meta name=\"robots\" content=\"index, follow, max-snippet:-1, max-image-preview:large, max-video-preview:-1\" \/>\n<link rel=\"canonical\" href=\"https:\/\/ervadaninha.pt\/wp1\/index.php\/labs\/\" \/>\n<meta property=\"og:locale\" content=\"pt_PT\" \/>\n<meta property=\"og:type\" content=\"article\" \/>\n<meta property=\"og:title\" content=\"Labs - Erva Daninha\" \/>\n<meta property=\"og:description\" content=\"Lab Programa de Apoio \u00e0 Cria\u00e7\u00e3o em Circo Contempor\u00e2neo com Claudio Stellato &#8211; 28 a 30 outubro 25 &#8211; CED Lab Acompanhamento art\u00edstico nos processos criativos em Circo com ANNA [&hellip;]\" \/>\n<meta property=\"og:url\" content=\"https:\/\/ervadaninha.pt\/wp1\/index.php\/labs\/\" \/>\n<meta property=\"og:site_name\" content=\"Erva Daninha\" \/>\n<meta property=\"article:modified_time\" content=\"2026-04-06T16:25:12+00:00\" \/>\n<meta property=\"og:image\" content=\"https:\/\/ervadaninha.pt\/wp1\/wp-content\/uploads\/2025\/05\/image-2.png\" \/>\n<meta name=\"twitter:card\" content=\"summary_large_image\" \/>\n<meta name=\"twitter:label1\" content=\"Tempo estimado de leitura\" \/>\n\t<meta name=\"twitter:data1\" content=\"7 minutos\" \/>\n<script type=\"application\/ld+json\" class=\"yoast-schema-graph\">{\"@context\":\"https:\/\/schema.org\",\"@graph\":[{\"@type\":\"WebPage\",\"@id\":\"https:\/\/ervadaninha.pt\/wp1\/index.php\/labs\/\",\"url\":\"https:\/\/ervadaninha.pt\/wp1\/index.php\/labs\/\",\"name\":\"Labs - Erva Daninha\",\"isPartOf\":{\"@id\":\"https:\/\/ervadaninha.pt\/wp1\/#website\"},\"datePublished\":\"2023-09-01T13:56:27+00:00\",\"dateModified\":\"2026-04-06T16:25:12+00:00\",\"breadcrumb\":{\"@id\":\"https:\/\/ervadaninha.pt\/wp1\/index.php\/labs\/#breadcrumb\"},\"inLanguage\":\"pt-PT\",\"potentialAction\":[{\"@type\":\"ReadAction\",\"target\":[\"https:\/\/ervadaninha.pt\/wp1\/index.php\/labs\/\"]}]},{\"@type\":\"BreadcrumbList\",\"@id\":\"https:\/\/ervadaninha.pt\/wp1\/index.php\/labs\/#breadcrumb\",\"itemListElement\":[{\"@type\":\"ListItem\",\"position\":1,\"name\":\"Home\",\"item\":\"https:\/\/ervadaninha.pt\/wp1\/\"},{\"@type\":\"ListItem\",\"position\":2,\"name\":\"Labs\"}]},{\"@type\":\"WebSite\",\"@id\":\"https:\/\/ervadaninha.pt\/wp1\/#website\",\"url\":\"https:\/\/ervadaninha.pt\/wp1\/\",\"name\":\"Erva Daninha\",\"description\":\"Erva Daninha\",\"publisher\":{\"@id\":\"https:\/\/ervadaninha.pt\/wp1\/#organization\"},\"potentialAction\":[{\"@type\":\"SearchAction\",\"target\":{\"@type\":\"EntryPoint\",\"urlTemplate\":\"https:\/\/ervadaninha.pt\/wp1\/?s={search_term_string}\"},\"query-input\":\"required name=search_term_string\"}],\"inLanguage\":\"pt-PT\"},{\"@type\":\"Organization\",\"@id\":\"https:\/\/ervadaninha.pt\/wp1\/#organization\",\"name\":\"Erva Daninha\",\"url\":\"https:\/\/ervadaninha.pt\/wp1\/\",\"logo\":{\"@type\":\"ImageObject\",\"inLanguage\":\"pt-PT\",\"@id\":\"https:\/\/ervadaninha.pt\/wp1\/#\/schema\/logo\/image\/\",\"url\":\"https:\/\/ervadaninha.pt\/wp1\/wp-content\/uploads\/2023\/09\/cropped-ervadaninha_preto_s.png\",\"contentUrl\":\"https:\/\/ervadaninha.pt\/wp1\/wp-content\/uploads\/2023\/09\/cropped-ervadaninha_preto_s.png\",\"width\":100,\"height\":49,\"caption\":\"Erva Daninha\"},\"image\":{\"@id\":\"https:\/\/ervadaninha.pt\/wp1\/#\/schema\/logo\/image\/\"}}]}<\/script>\n<!-- \/ Yoast SEO plugin. -->","yoast_head_json":{"title":"Labs - Erva Daninha","robots":{"index":"index","follow":"follow","max-snippet":"max-snippet:-1","max-image-preview":"max-image-preview:large","max-video-preview":"max-video-preview:-1"},"canonical":"https:\/\/ervadaninha.pt\/wp1\/index.php\/labs\/","og_locale":"pt_PT","og_type":"article","og_title":"Labs - Erva Daninha","og_description":"Lab Programa de Apoio \u00e0 Cria\u00e7\u00e3o em Circo Contempor\u00e2neo com Claudio Stellato &#8211; 28 a 30 outubro 25 &#8211; CED Lab Acompanhamento art\u00edstico nos processos criativos em Circo com ANNA [&hellip;]","og_url":"https:\/\/ervadaninha.pt\/wp1\/index.php\/labs\/","og_site_name":"Erva Daninha","article_modified_time":"2026-04-06T16:25:12+00:00","og_image":[{"url":"https:\/\/ervadaninha.pt\/wp1\/wp-content\/uploads\/2025\/05\/image-2.png"}],"twitter_card":"summary_large_image","twitter_misc":{"Tempo estimado de leitura":"7 minutos"},"schema":{"@context":"https:\/\/schema.org","@graph":[{"@type":"WebPage","@id":"https:\/\/ervadaninha.pt\/wp1\/index.php\/labs\/","url":"https:\/\/ervadaninha.pt\/wp1\/index.php\/labs\/","name":"Labs - Erva Daninha","isPartOf":{"@id":"https:\/\/ervadaninha.pt\/wp1\/#website"},"datePublished":"2023-09-01T13:56:27+00:00","dateModified":"2026-04-06T16:25:12+00:00","breadcrumb":{"@id":"https:\/\/ervadaninha.pt\/wp1\/index.php\/labs\/#breadcrumb"},"inLanguage":"pt-PT","potentialAction":[{"@type":"ReadAction","target":["https:\/\/ervadaninha.pt\/wp1\/index.php\/labs\/"]}]},{"@type":"BreadcrumbList","@id":"https:\/\/ervadaninha.pt\/wp1\/index.php\/labs\/#breadcrumb","itemListElement":[{"@type":"ListItem","position":1,"name":"Home","item":"https:\/\/ervadaninha.pt\/wp1\/"},{"@type":"ListItem","position":2,"name":"Labs"}]},{"@type":"WebSite","@id":"https:\/\/ervadaninha.pt\/wp1\/#website","url":"https:\/\/ervadaninha.pt\/wp1\/","name":"Erva Daninha","description":"Erva Daninha","publisher":{"@id":"https:\/\/ervadaninha.pt\/wp1\/#organization"},"potentialAction":[{"@type":"SearchAction","target":{"@type":"EntryPoint","urlTemplate":"https:\/\/ervadaninha.pt\/wp1\/?s={search_term_string}"},"query-input":"required name=search_term_string"}],"inLanguage":"pt-PT"},{"@type":"Organization","@id":"https:\/\/ervadaninha.pt\/wp1\/#organization","name":"Erva Daninha","url":"https:\/\/ervadaninha.pt\/wp1\/","logo":{"@type":"ImageObject","inLanguage":"pt-PT","@id":"https:\/\/ervadaninha.pt\/wp1\/#\/schema\/logo\/image\/","url":"https:\/\/ervadaninha.pt\/wp1\/wp-content\/uploads\/2023\/09\/cropped-ervadaninha_preto_s.png","contentUrl":"https:\/\/ervadaninha.pt\/wp1\/wp-content\/uploads\/2023\/09\/cropped-ervadaninha_preto_s.png","width":100,"height":49,"caption":"Erva Daninha"},"image":{"@id":"https:\/\/ervadaninha.pt\/wp1\/#\/schema\/logo\/image\/"}}]}},"jetpack_sharing_enabled":true,"jetpack_shortlink":"https:\/\/wp.me\/P6f9xd-Ha","_links":{"self":[{"href":"https:\/\/ervadaninha.pt\/wp1\/index.php\/wp-json\/wp\/v2\/pages\/2676"}],"collection":[{"href":"https:\/\/ervadaninha.pt\/wp1\/index.php\/wp-json\/wp\/v2\/pages"}],"about":[{"href":"https:\/\/ervadaninha.pt\/wp1\/index.php\/wp-json\/wp\/v2\/types\/page"}],"author":[{"embeddable":true,"href":"https:\/\/ervadaninha.pt\/wp1\/index.php\/wp-json\/wp\/v2\/users\/1"}],"replies":[{"embeddable":true,"href":"https:\/\/ervadaninha.pt\/wp1\/index.php\/wp-json\/wp\/v2\/comments?post=2676"}],"version-history":[{"count":23,"href":"https:\/\/ervadaninha.pt\/wp1\/index.php\/wp-json\/wp\/v2\/pages\/2676\/revisions"}],"predecessor-version":[{"id":4847,"href":"https:\/\/ervadaninha.pt\/wp1\/index.php\/wp-json\/wp\/v2\/pages\/2676\/revisions\/4847"}],"wp:attachment":[{"href":"https:\/\/ervadaninha.pt\/wp1\/index.php\/wp-json\/wp\/v2\/media?parent=2676"}],"wp:term":[{"taxonomy":"post_tag","embeddable":true,"href":"https:\/\/ervadaninha.pt\/wp1\/index.php\/wp-json\/wp\/v2\/tags?post=2676"}],"curies":[{"name":"wp","href":"https:\/\/api.w.org\/{rel}","templated":true}]}}