{"id":1759,"date":"2021-11-02T13:18:00","date_gmt":"2021-11-02T13:18:00","guid":{"rendered":"http:\/\/ervadaninha.pt\/wp1\/?page_id=1759"},"modified":"2021-11-02T13:20:07","modified_gmt":"2021-11-02T13:20:07","slug":"masterclass-silencio-do-corpo-em-movimento","status":"publish","type":"page","link":"https:\/\/ervadaninha.pt\/wp1\/index.php\/masterclass-silencio-do-corpo-em-movimento\/","title":{"rendered":"Masterclass &#8211; Sil\u00eancio do corpo em movimento"},"content":{"rendered":"\n<div class=\"wp-block-image\"><figure class=\"alignright size-large is-resized\"><img decoding=\"async\" loading=\"lazy\" src=\"https:\/\/ervadaninha.pt\/wp1\/wp-content\/uploads\/2021\/11\/silencio_do_corpo_em_movimento_masterclass_com_joao_paulo_dos_santos_erva_daninha_img617024570e7d5-940x1410.jpeg\" alt=\"\" class=\"wp-image-1760\" width=\"351\" height=\"527\" srcset=\"https:\/\/ervadaninha.pt\/wp1\/wp-content\/uploads\/2021\/11\/silencio_do_corpo_em_movimento_masterclass_com_joao_paulo_dos_santos_erva_daninha_img617024570e7d5-940x1410.jpeg 940w, https:\/\/ervadaninha.pt\/wp1\/wp-content\/uploads\/2021\/11\/silencio_do_corpo_em_movimento_masterclass_com_joao_paulo_dos_santos_erva_daninha_img617024570e7d5-620x930.jpeg 620w, https:\/\/ervadaninha.pt\/wp1\/wp-content\/uploads\/2021\/11\/silencio_do_corpo_em_movimento_masterclass_com_joao_paulo_dos_santos_erva_daninha_img617024570e7d5-768x1152.jpeg 768w, https:\/\/ervadaninha.pt\/wp1\/wp-content\/uploads\/2021\/11\/silencio_do_corpo_em_movimento_masterclass_com_joao_paulo_dos_santos_erva_daninha_img617024570e7d5-1024x1536.jpeg 1024w, https:\/\/ervadaninha.pt\/wp1\/wp-content\/uploads\/2021\/11\/silencio_do_corpo_em_movimento_masterclass_com_joao_paulo_dos_santos_erva_daninha_img617024570e7d5-200x300.jpeg 200w, https:\/\/ervadaninha.pt\/wp1\/wp-content\/uploads\/2021\/11\/silencio_do_corpo_em_movimento_masterclass_com_joao_paulo_dos_santos_erva_daninha_img617024570e7d5.jpeg 1100w\" sizes=\"(max-width: 351px) 100vw, 351px\" \/><figcaption>\u00a9\u00a0Philippe Laurencon<\/figcaption><\/figure><\/div>\n\n\n\n<p><\/p>\n\n\n\n<p>Formador | Teacher &#8211; Jo\u00e3o Paulo dos Santos <\/p>\n\n\n\n<p>Data | Date  &#8211; 22 a 26 novembro 2021<\/p>\n\n\n\n<p>Masterclass de circo contempor\u00e2neo com Jo\u00e3o Paulo dos Santos integrada na Mostra Estufa. Um olhar maduro e experiente sobre o mastro chin\u00eas. A t\u00e9cnica de circo como pretexto de cria\u00e7\u00e3o, como forma de revelar emo\u00e7\u00f5es profundas que est\u00e3o para al\u00e9m do esfor\u00e7o. Uma oficina avan\u00e7ada onde se procura investigar o que est\u00e1 para al\u00e9m da t\u00e9cnica, do virtuosismo e da resist\u00eancia f\u00edsica, quando se chega ao silencio do corpo.<\/p>\n\n\n\n<p>Dura\u00e7\u00e3o &#8211; 20 horas  <br>Local &#8211; Teatro Campo Alegre, Porto<br>Lota\u00e7\u00e3o &#8211; 10 participantes  <\/p>\n\n\n\n<p>Incri\u00e7\u00e3o &#8211; <a href=\"https:\/\/docs.google.com\/forms\/d\/e\/1FAIpQLSeuFFFZGI2peEKZkm6N2sb4tmREBkRdgIoiFhnDsUMw16bwig\/viewform\" target=\"_blank\" rel=\"noreferrer noopener\" aria-label=\"formul\u00e1rio (opens in a new tab)\">formul\u00e1rio<\/a><\/p>\n","protected":false},"excerpt":{"rendered":"<p>Formador | Teacher &#8211; Jo\u00e3o Paulo dos Santos Data | Date &#8211; 22 a 26 novembro 2021 Masterclass de circo contempor\u00e2neo com Jo\u00e3o Paulo dos Santos integrada na Mostra Estufa. [&hellip;]<\/p>\n","protected":false},"author":1,"featured_media":0,"parent":0,"menu_order":0,"comment_status":"closed","ping_status":"closed","template":"","meta":{"_themeisle_gutenberg_block_has_review":false,"jetpack_post_was_ever_published":false,"footnotes":""},"tags":[],"yoast_head":"<!-- This site is optimized with the Yoast SEO plugin v21.0 - https:\/\/yoast.com\/wordpress\/plugins\/seo\/ -->\n<title>Masterclass - Sil\u00eancio do corpo em movimento - Erva Daninha<\/title>\n<meta name=\"robots\" content=\"index, follow, max-snippet:-1, max-image-preview:large, max-video-preview:-1\" \/>\n<link rel=\"canonical\" href=\"https:\/\/ervadaninha.pt\/wp1\/index.php\/masterclass-silencio-do-corpo-em-movimento\/\" \/>\n<meta property=\"og:locale\" content=\"pt_PT\" \/>\n<meta property=\"og:type\" content=\"article\" \/>\n<meta property=\"og:title\" content=\"Masterclass - Sil\u00eancio do corpo em movimento - Erva Daninha\" \/>\n<meta property=\"og:description\" content=\"Formador | Teacher &#8211; Jo\u00e3o Paulo dos Santos Data | Date &#8211; 22 a 26 novembro 2021 Masterclass de circo contempor\u00e2neo com Jo\u00e3o Paulo dos Santos integrada na Mostra Estufa. [&hellip;]\" \/>\n<meta property=\"og:url\" content=\"https:\/\/ervadaninha.pt\/wp1\/index.php\/masterclass-silencio-do-corpo-em-movimento\/\" \/>\n<meta property=\"og:site_name\" content=\"Erva Daninha\" \/>\n<meta property=\"article:modified_time\" content=\"2021-11-02T13:20:07+00:00\" \/>\n<meta property=\"og:image\" content=\"http:\/\/ervadaninha.pt\/wp1\/wp-content\/uploads\/2021\/11\/silencio_do_corpo_em_movimento_masterclass_com_joao_paulo_dos_santos_erva_daninha_img617024570e7d5-940x1410.jpeg\" \/>\n<meta name=\"twitter:card\" content=\"summary_large_image\" \/>\n<meta name=\"twitter:label1\" content=\"Tempo estimado de leitura\" \/>\n\t<meta name=\"twitter:data1\" content=\"1 minuto\" \/>\n<script type=\"application\/ld+json\" class=\"yoast-schema-graph\">{\"@context\":\"https:\/\/schema.org\",\"@graph\":[{\"@type\":\"WebPage\",\"@id\":\"https:\/\/ervadaninha.pt\/wp1\/index.php\/masterclass-silencio-do-corpo-em-movimento\/\",\"url\":\"https:\/\/ervadaninha.pt\/wp1\/index.php\/masterclass-silencio-do-corpo-em-movimento\/\",\"name\":\"Masterclass - Sil\u00eancio do corpo em movimento - Erva Daninha\",\"isPartOf\":{\"@id\":\"https:\/\/ervadaninha.pt\/wp1\/#website\"},\"datePublished\":\"2021-11-02T13:18:00+00:00\",\"dateModified\":\"2021-11-02T13:20:07+00:00\",\"breadcrumb\":{\"@id\":\"https:\/\/ervadaninha.pt\/wp1\/index.php\/masterclass-silencio-do-corpo-em-movimento\/#breadcrumb\"},\"inLanguage\":\"pt-PT\",\"potentialAction\":[{\"@type\":\"ReadAction\",\"target\":[\"https:\/\/ervadaninha.pt\/wp1\/index.php\/masterclass-silencio-do-corpo-em-movimento\/\"]}]},{\"@type\":\"BreadcrumbList\",\"@id\":\"https:\/\/ervadaninha.pt\/wp1\/index.php\/masterclass-silencio-do-corpo-em-movimento\/#breadcrumb\",\"itemListElement\":[{\"@type\":\"ListItem\",\"position\":1,\"name\":\"Home\",\"item\":\"https:\/\/ervadaninha.pt\/wp1\/\"},{\"@type\":\"ListItem\",\"position\":2,\"name\":\"Masterclass &#8211; Sil\u00eancio do corpo em movimento\"}]},{\"@type\":\"WebSite\",\"@id\":\"https:\/\/ervadaninha.pt\/wp1\/#website\",\"url\":\"https:\/\/ervadaninha.pt\/wp1\/\",\"name\":\"Erva Daninha\",\"description\":\"Erva Daninha\",\"publisher\":{\"@id\":\"https:\/\/ervadaninha.pt\/wp1\/#organization\"},\"potentialAction\":[{\"@type\":\"SearchAction\",\"target\":{\"@type\":\"EntryPoint\",\"urlTemplate\":\"https:\/\/ervadaninha.pt\/wp1\/?s={search_term_string}\"},\"query-input\":\"required name=search_term_string\"}],\"inLanguage\":\"pt-PT\"},{\"@type\":\"Organization\",\"@id\":\"https:\/\/ervadaninha.pt\/wp1\/#organization\",\"name\":\"Erva Daninha\",\"url\":\"https:\/\/ervadaninha.pt\/wp1\/\",\"logo\":{\"@type\":\"ImageObject\",\"inLanguage\":\"pt-PT\",\"@id\":\"https:\/\/ervadaninha.pt\/wp1\/#\/schema\/logo\/image\/\",\"url\":\"https:\/\/ervadaninha.pt\/wp1\/wp-content\/uploads\/2023\/09\/cropped-ervadaninha_preto_s.png\",\"contentUrl\":\"https:\/\/ervadaninha.pt\/wp1\/wp-content\/uploads\/2023\/09\/cropped-ervadaninha_preto_s.png\",\"width\":100,\"height\":49,\"caption\":\"Erva Daninha\"},\"image\":{\"@id\":\"https:\/\/ervadaninha.pt\/wp1\/#\/schema\/logo\/image\/\"}}]}<\/script>\n<!-- \/ Yoast SEO plugin. -->","yoast_head_json":{"title":"Masterclass - Sil\u00eancio do corpo em movimento - Erva Daninha","robots":{"index":"index","follow":"follow","max-snippet":"max-snippet:-1","max-image-preview":"max-image-preview:large","max-video-preview":"max-video-preview:-1"},"canonical":"https:\/\/ervadaninha.pt\/wp1\/index.php\/masterclass-silencio-do-corpo-em-movimento\/","og_locale":"pt_PT","og_type":"article","og_title":"Masterclass - Sil\u00eancio do corpo em movimento - Erva Daninha","og_description":"Formador | Teacher &#8211; Jo\u00e3o Paulo dos Santos Data | Date &#8211; 22 a 26 novembro 2021 Masterclass de circo contempor\u00e2neo com Jo\u00e3o Paulo dos Santos integrada na Mostra Estufa. [&hellip;]","og_url":"https:\/\/ervadaninha.pt\/wp1\/index.php\/masterclass-silencio-do-corpo-em-movimento\/","og_site_name":"Erva Daninha","article_modified_time":"2021-11-02T13:20:07+00:00","og_image":[{"url":"http:\/\/ervadaninha.pt\/wp1\/wp-content\/uploads\/2021\/11\/silencio_do_corpo_em_movimento_masterclass_com_joao_paulo_dos_santos_erva_daninha_img617024570e7d5-940x1410.jpeg"}],"twitter_card":"summary_large_image","twitter_misc":{"Tempo estimado de leitura":"1 minuto"},"schema":{"@context":"https:\/\/schema.org","@graph":[{"@type":"WebPage","@id":"https:\/\/ervadaninha.pt\/wp1\/index.php\/masterclass-silencio-do-corpo-em-movimento\/","url":"https:\/\/ervadaninha.pt\/wp1\/index.php\/masterclass-silencio-do-corpo-em-movimento\/","name":"Masterclass - Sil\u00eancio do corpo em movimento - Erva Daninha","isPartOf":{"@id":"https:\/\/ervadaninha.pt\/wp1\/#website"},"datePublished":"2021-11-02T13:18:00+00:00","dateModified":"2021-11-02T13:20:07+00:00","breadcrumb":{"@id":"https:\/\/ervadaninha.pt\/wp1\/index.php\/masterclass-silencio-do-corpo-em-movimento\/#breadcrumb"},"inLanguage":"pt-PT","potentialAction":[{"@type":"ReadAction","target":["https:\/\/ervadaninha.pt\/wp1\/index.php\/masterclass-silencio-do-corpo-em-movimento\/"]}]},{"@type":"BreadcrumbList","@id":"https:\/\/ervadaninha.pt\/wp1\/index.php\/masterclass-silencio-do-corpo-em-movimento\/#breadcrumb","itemListElement":[{"@type":"ListItem","position":1,"name":"Home","item":"https:\/\/ervadaninha.pt\/wp1\/"},{"@type":"ListItem","position":2,"name":"Masterclass &#8211; Sil\u00eancio do corpo em movimento"}]},{"@type":"WebSite","@id":"https:\/\/ervadaninha.pt\/wp1\/#website","url":"https:\/\/ervadaninha.pt\/wp1\/","name":"Erva Daninha","description":"Erva Daninha","publisher":{"@id":"https:\/\/ervadaninha.pt\/wp1\/#organization"},"potentialAction":[{"@type":"SearchAction","target":{"@type":"EntryPoint","urlTemplate":"https:\/\/ervadaninha.pt\/wp1\/?s={search_term_string}"},"query-input":"required name=search_term_string"}],"inLanguage":"pt-PT"},{"@type":"Organization","@id":"https:\/\/ervadaninha.pt\/wp1\/#organization","name":"Erva Daninha","url":"https:\/\/ervadaninha.pt\/wp1\/","logo":{"@type":"ImageObject","inLanguage":"pt-PT","@id":"https:\/\/ervadaninha.pt\/wp1\/#\/schema\/logo\/image\/","url":"https:\/\/ervadaninha.pt\/wp1\/wp-content\/uploads\/2023\/09\/cropped-ervadaninha_preto_s.png","contentUrl":"https:\/\/ervadaninha.pt\/wp1\/wp-content\/uploads\/2023\/09\/cropped-ervadaninha_preto_s.png","width":100,"height":49,"caption":"Erva Daninha"},"image":{"@id":"https:\/\/ervadaninha.pt\/wp1\/#\/schema\/logo\/image\/"}}]}},"jetpack_sharing_enabled":true,"jetpack_shortlink":"https:\/\/wp.me\/P6f9xd-sn","_links":{"self":[{"href":"https:\/\/ervadaninha.pt\/wp1\/index.php\/wp-json\/wp\/v2\/pages\/1759"}],"collection":[{"href":"https:\/\/ervadaninha.pt\/wp1\/index.php\/wp-json\/wp\/v2\/pages"}],"about":[{"href":"https:\/\/ervadaninha.pt\/wp1\/index.php\/wp-json\/wp\/v2\/types\/page"}],"author":[{"embeddable":true,"href":"https:\/\/ervadaninha.pt\/wp1\/index.php\/wp-json\/wp\/v2\/users\/1"}],"replies":[{"embeddable":true,"href":"https:\/\/ervadaninha.pt\/wp1\/index.php\/wp-json\/wp\/v2\/comments?post=1759"}],"version-history":[{"count":3,"href":"https:\/\/ervadaninha.pt\/wp1\/index.php\/wp-json\/wp\/v2\/pages\/1759\/revisions"}],"predecessor-version":[{"id":1764,"href":"https:\/\/ervadaninha.pt\/wp1\/index.php\/wp-json\/wp\/v2\/pages\/1759\/revisions\/1764"}],"wp:attachment":[{"href":"https:\/\/ervadaninha.pt\/wp1\/index.php\/wp-json\/wp\/v2\/media?parent=1759"}],"wp:term":[{"taxonomy":"post_tag","embeddable":true,"href":"https:\/\/ervadaninha.pt\/wp1\/index.php\/wp-json\/wp\/v2\/tags?post=1759"}],"curies":[{"name":"wp","href":"https:\/\/api.w.org\/{rel}","templated":true}]}}