{"id":1696,"date":"2021-07-21T22:51:44","date_gmt":"2021-07-21T22:51:44","guid":{"rendered":"http:\/\/ervadaninha.pt\/wp1\/?page_id=1696"},"modified":"2022-02-18T20:01:03","modified_gmt":"2022-02-18T20:01:03","slug":"mostra-estufa-2021","status":"publish","type":"page","link":"https:\/\/ervadaninha.pt\/wp1\/index.php\/mostra-estufa-2021\/","title":{"rendered":"Mostra Estufa 2021"},"content":{"rendered":"\n<hr class=\"wp-block-separator\"\/>\n\n\n\n<p>Espect\u00e1culos &#8211; 26 + 27 (19h30) Novembro 2021 \u2013 <a rel=\"noreferrer noopener\" aria-label=\"Teatro Campo Alegre (opens in a new tab)\" href=\"https:\/\/www.teatromunicipaldoporto.pt\/pt\/evento-destaque\/mostra-estufa-erva-daninha\/\" target=\"_blank\">Teatro Campo Alegre<\/a>    <\/p>\n\n\n\n<p>Espect\u00e1culos &#8211; 28 (18h) Novembro 2021 \u2013  <a href=\"https:\/\/malaposta.pt\/novo-circo\/mostra-estufa\/\" target=\"_blank\" rel=\"noreferrer noopener\" aria-label=\"Centro Cultural Malaposta (opens in a new tab)\">Centro Cultural Malaposta<\/a><\/p>\n\n\n\n<p>Masterclass c\/ Jo\u00e3o Paulo dos Santos&nbsp;&#8211; 22 a 26 Novembro &#8211; <a rel=\"noreferrer noopener\" aria-label=\"Teatro Campo Alegre  -  info              (opens in a new tab)\" href=\"https:\/\/ervadaninha.pt\/wp1\/index.php\/masterclass-silencio-do-corpo-em-movimento\/\" target=\"_blank\">Teatro Campo Alegre  + info<\/a><\/p>\n\n\n\n<p>Conversa Mostra Estufa &#8211; 27 (17h) Novembro &#8211;  <a rel=\"noreferrer noopener\" aria-label=\"Teatro Campo Alegre   (opens in a new tab)\" href=\"https:\/\/www.teatromunicipaldoporto.pt\/pt\/evento-destaque\/mostra-estufa-erva-daninha\/conversa-mostra-estufa-com-artistas-moderada-por-julieta-guimaraes-erva-daninha\/\" target=\"_blank\">Teatro Campo Alegre<\/a><\/p>\n\n\n\n<figure class=\"wp-block-embed-vimeo wp-block-embed is-type-video is-provider-vimeo 9 wp-embed-aspect-16 - wp-has-aspect-ratio wp-embed-aspect-16-9\"><div class=\"wp-block-embed__wrapper\">\n<div class=\"jetpack-video-wrapper\"><div class=\"embed-vimeo\" style=\"text-align: center;\"><iframe loading=\"lazy\" src=\"https:\/\/player.vimeo.com\/video\/679278663\" width=\"764\" height=\"430\" frameborder=\"0\" webkitallowfullscreen mozallowfullscreen allowfullscreen><\/iframe><\/div><\/div>\n<\/div><\/figure>\n\n\n\n<figure class=\"wp-block-embed-vimeo wp-block-embed is-type-video is-provider-vimeo wp-embed-aspect-16-9 wp-has-aspect-ratio\"><div class=\"wp-block-embed__wrapper\">\n<div class=\"jetpack-video-wrapper\"><div class=\"embed-vimeo\" style=\"text-align: center;\"><iframe loading=\"lazy\" src=\"https:\/\/player.vimeo.com\/video\/679279154\" width=\"764\" height=\"430\" frameborder=\"0\" webkitallowfullscreen mozallowfullscreen allowfullscreen><\/iframe><\/div><\/div>\n<\/div><\/figure>\n\n\n\n<figure class=\"wp-block-embed-vimeo wp-block-embed is-type-video is-provider-vimeo wp-embed-aspect-16-9 wp-has-aspect-ratio\"><div class=\"wp-block-embed__wrapper\">\n<div class=\"jetpack-video-wrapper\"><div class=\"embed-vimeo\" style=\"text-align: center;\"><iframe loading=\"lazy\" src=\"https:\/\/player.vimeo.com\/video\/679279571\" width=\"764\" height=\"430\" frameborder=\"0\" webkitallowfullscreen mozallowfullscreen allowfullscreen><\/iframe><\/div><\/div>\n<\/div><\/figure>\n\n\n\n<hr class=\"wp-block-separator\"\/>\n\n\n\n<div class=\"wp-block-group\"><div class=\"wp-block-group__inner-container is-layout-flow wp-block-group-is-layout-flow\">\n<p> <strong>Mellow Yellow &#8211; <\/strong>TBTF <\/p>\n\n\n\n<p>Nesta pe\u00e7a, a vida quotidiana e a performance unem-se. A vontade \u00e9 que, entre estes dois elementos vistos em paralelo, a fronteira seja o mais t\u00e9nue poss\u00edvel. Atrav\u00e9s do jogo, as no\u00e7\u00f5es concretas tornam-se abstratas e depois totalmente absurdas. Queremos obter inspira\u00e7\u00e3o na realidade para ir a um lugar inexistente e jogar com a no\u00e7\u00e3o comum a todos, o tempo. Int\u00e9rprete, espectador, cada indiv\u00edduo desempenha o seu papel, o status n\u00e3o \u00e9 definido por um papel, mas pelas a\u00e7\u00f5es realizadas. O espa\u00e7o do palco n\u00e3o \u00e9 definido pelas suas extremidades, mas pela perce\u00e7\u00e3o de cada um, e pela imagina\u00e7\u00e3o. As diferen\u00e7as de culturas e idiomas revelam-se na cria\u00e7\u00e3o das tr\u00eas personas em palco. Atrav\u00e9s de seu car\u00e1ter \u00fanico, encontram o seu caminho com a dire\u00e7\u00e3o a um objetivo comum, criando&nbsp;<em>Mellow Yellow<\/em>&nbsp;&#8211; uma osmose entre os tr\u00eas universos complementares.<\/p>\n\n\n\n<div class=\"wp-block-image\"><figure class=\"aligncenter size-large is-resized\"><img decoding=\"async\" loading=\"lazy\" src=\"https:\/\/ervadaninha.pt\/wp1\/wp-content\/uploads\/2021\/07\/2-940x627.jpeg\" alt=\"\" class=\"wp-image-1710\" width=\"517\" height=\"344\" srcset=\"https:\/\/ervadaninha.pt\/wp1\/wp-content\/uploads\/2021\/07\/2-940x627.jpeg 940w, https:\/\/ervadaninha.pt\/wp1\/wp-content\/uploads\/2021\/07\/2-620x413.jpeg 620w, https:\/\/ervadaninha.pt\/wp1\/wp-content\/uploads\/2021\/07\/2-768x512.jpeg 768w, https:\/\/ervadaninha.pt\/wp1\/wp-content\/uploads\/2021\/07\/2-1536x1024.jpeg 1536w, https:\/\/ervadaninha.pt\/wp1\/wp-content\/uploads\/2021\/07\/2-2048x1365.jpeg 2048w, https:\/\/ervadaninha.pt\/wp1\/wp-content\/uploads\/2021\/07\/2-300x200.jpeg 300w\" sizes=\"(max-width: 517px) 100vw, 517px\" \/><\/figure><\/div>\n\n\n\n<p>Dire\u00e7\u00e3o art\u00edstica&nbsp;JOHAN LESCOP, ISABELLE LEROY (coreografia)<br>Interpreta\u00e7\u00e3o, cocria\u00e7\u00e3o&nbsp;e cenografia JURI BISEGNA, OTTAVIO STAZZIO, RICARDO S. MENDES<br>Figurinos&nbsp;JUSTINE HAVARD<br>Desenho de luz&nbsp;lescopycats<br>Fotografia&nbsp;JULIE CHERKI<\/p>\n<\/div><\/div>\n\n\n\n<hr class=\"wp-block-separator\"\/>\n\n\n\n<div class=\"wp-block-group\"><div class=\"wp-block-group__inner-container is-layout-flow wp-block-group-is-layout-flow\">\n<p><strong>Mem\u00f3ria &#8211; <\/strong>Maur\u00edcio Jara &amp; Bruno Machado<\/p>\n\n\n\n<p><em>Mem\u00f3ria<\/em><strong>&nbsp;<\/strong>\u00e9 um projeto que visa estudar o que nos torna humanos: a capacidade de imaginar e criar realidades que transformam e moldam as experi\u00eancias de cada um. \u00c9 uma breve explora\u00e7\u00e3o da estranha natureza da nossa consci\u00eancia. Pretende-se \u201cp\u00f4r a nu\u201d a complexidade do c\u00e9rebro e dos seus \u201ctranstornos\u201d de forma natural, para os desmistificar, abordando-os atrav\u00e9s do circo contempor\u00e2neo. Aprender a controlar os impulsos, emo\u00e7\u00f5es e tudo o que prov\u00e9m do mundo imagin\u00e1rio de cada ser humano n\u00e3o \u00e9 uma tarefa f\u00e1cil, mas \u00e9 uma luta travada diariamente.<br>Ser\u00e1 poss\u00edvel aprender a tirar proveito dos \u201ctranstornos\u201d humanos? Quem sabe, talvez o \u201cpequeno\u201d transtorno de cada um possa ser um superpoder?<\/p>\n\n\n\n<div class=\"wp-block-image\"><figure class=\"aligncenter size-large is-resized\"><img decoding=\"async\" loading=\"lazy\" src=\"https:\/\/ervadaninha.pt\/wp1\/wp-content\/uploads\/2021\/07\/mau-1-940x705.jpeg\" alt=\"\" class=\"wp-image-1708\" width=\"465\" height=\"349\" srcset=\"https:\/\/ervadaninha.pt\/wp1\/wp-content\/uploads\/2021\/07\/mau-1-940x705.jpeg 940w, https:\/\/ervadaninha.pt\/wp1\/wp-content\/uploads\/2021\/07\/mau-1-620x465.jpeg 620w, https:\/\/ervadaninha.pt\/wp1\/wp-content\/uploads\/2021\/07\/mau-1-768x576.jpeg 768w, https:\/\/ervadaninha.pt\/wp1\/wp-content\/uploads\/2021\/07\/mau-1-800x600.jpeg 800w, https:\/\/ervadaninha.pt\/wp1\/wp-content\/uploads\/2021\/07\/mau-1-300x225.jpeg 300w, https:\/\/ervadaninha.pt\/wp1\/wp-content\/uploads\/2021\/07\/mau-1.jpeg 1280w\" sizes=\"(max-width: 465px) 100vw, 465px\" \/><\/figure><\/div>\n<\/div><\/div>\n\n\n\n<div class=\"wp-block-group\"><div class=\"wp-block-group__inner-container is-layout-flow wp-block-group-is-layout-flow\">\n<p>dire\u00e7\u00e3o art\u00edstica BRUNO MACHADO<\/p>\n<p>cocria\u00e7\u00e3o e interpreta\u00e7\u00e3o MAURICIO JARA&nbsp; &nbsp; &nbsp; &nbsp; &nbsp; &nbsp; &nbsp; &nbsp; &nbsp; &nbsp; &nbsp; &nbsp; &nbsp; &nbsp; &nbsp; &nbsp; &nbsp; &nbsp; &nbsp; &nbsp; &nbsp; &nbsp; &nbsp; &nbsp; &nbsp; &nbsp;<\/p>\n<p>actores secundarios LUELI CAMPOS, DUVAN JIMENEZ, TSAJA DOBRAVEC, AMANDA GONZ\u00c1LEZ&nbsp;<\/p>\n<p>cenografia ANDR\u00c9 FILIPE SANTOS&nbsp; &nbsp; &nbsp; &nbsp; &nbsp; &nbsp; &nbsp; &nbsp; &nbsp; &nbsp; &nbsp; &nbsp; &nbsp; &nbsp; &nbsp; &nbsp; &nbsp; &nbsp; &nbsp; &nbsp; &nbsp; &nbsp; &nbsp; &nbsp; &nbsp; &nbsp; &nbsp; &nbsp; &nbsp;<\/p>\n<p>coordena\u00e7\u00e3o t\u00e9cnica e sonoplast\u00eda ANDR\u00c9 BORGES<\/p>\n<p>desenho e opera\u00e7\u00e3o de luz C\u00c9LIA CORREIA&nbsp; &nbsp; &nbsp; &nbsp; &nbsp; &nbsp; &nbsp; &nbsp; &nbsp; &nbsp; &nbsp; &nbsp; &nbsp; &nbsp; &nbsp; &nbsp; &nbsp; &nbsp; &nbsp; &nbsp; &nbsp; &nbsp;<\/p>\n<p>produ\u00e7\u00e3o SARA LAMARES, AMANDA GONZALEZ&nbsp;<\/p>\n<p>grava\u00e7\u00e3o e edi\u00e7\u00e3o de trabalho cinematogr\u00e1fico ASHLEIGH GEORGIOU<\/p>\n<p>assist\u00eancia de v\u00eddeo CARLOS TEIXEIRA&nbsp; &nbsp; &nbsp; &nbsp; &nbsp; &nbsp; &nbsp; &nbsp; &nbsp; &nbsp; &nbsp; &nbsp; &nbsp; &nbsp; &nbsp; &nbsp; &nbsp; &nbsp; &nbsp; &nbsp; &nbsp; &nbsp; &nbsp; &nbsp; &nbsp; &nbsp; &nbsp;<\/p>\n<p>cenografia e figurinos LucalaDesign&nbsp; &nbsp; &nbsp; &nbsp; &nbsp; &nbsp; &nbsp; &nbsp; &nbsp; &nbsp; &nbsp; &nbsp; &nbsp; &nbsp; &nbsp; &nbsp; &nbsp; &nbsp; &nbsp; &nbsp; &nbsp; &nbsp; &nbsp; &nbsp; &nbsp; &nbsp; &nbsp; &nbsp; &nbsp; &nbsp;<\/p>\n<p>gr\u00e1fico v\u00eddeo e fotografia ASHLEIGH GEORGIOU<\/p>\n<p>assessoria de imprensa JOANA de BEL\u00c9M&nbsp; &nbsp; &nbsp; &nbsp; &nbsp; &nbsp; &nbsp; &nbsp; &nbsp; &nbsp; &nbsp; &nbsp; &nbsp; &nbsp; &nbsp; &nbsp; &nbsp; &nbsp; &nbsp; &nbsp; &nbsp; &nbsp; &nbsp; &nbsp; &nbsp;<\/p>\n<p>produ\u00e7\u00e3o Instituto Nacional de Artes do Circo&nbsp; &nbsp; &nbsp; &nbsp; &nbsp; &nbsp; &nbsp; &nbsp; &nbsp; &nbsp; &nbsp; &nbsp; &nbsp; &nbsp; &nbsp; &nbsp; &nbsp; &nbsp; &nbsp; &nbsp; &nbsp; &nbsp; &nbsp;<\/p>\n<p>apoio C\u00e2mara Municipal de \u00c1gueda, Erva Daninha&nbsp; &nbsp; &nbsp; &nbsp; &nbsp; &nbsp; &nbsp; &nbsp; &nbsp; &nbsp; &nbsp; &nbsp; &nbsp; &nbsp; &nbsp; &nbsp; &nbsp; &nbsp;<\/p>\n<p>apoio Rep\u00fablica Portuguesa \u2013 Cultura \/ Direc\u00e7\u00e3o-Geral das Artes<\/p>\n<\/div><\/div>\n\n\n\n<hr class=\"wp-block-separator\"\/>\n\n\n\n<p><strong>ferro \u00e0 ferrugem<\/strong> &#8211; Alan Sencades<\/p>\n\n\n\n<p>A ferrugem \u00e9 testemunha da a\u00e7\u00e3o do tempo sobre as vidas, sejam org\u00e2nicas, como a exist\u00eancia humana, ou inorg\u00e2nicas, como o metal moldado nos instrumentos de sopro.&nbsp;<em>ferro \u00e0 ferrugem&nbsp;<\/em>evoca melodias e imagens sobre a matura\u00e7\u00e3o, envelhecimento e renascimento dos corpos, sobre suas mudan\u00e7as e mem\u00f3rias, sobre as distor\u00e7\u00f5es e adapta\u00e7\u00f5es que os dias imp\u00f5em aos esqueletos vivos e inanimados.<\/p>\n\n\n\n<div class=\"wp-block-image\"><figure class=\"aligncenter size-large is-resized\"><img decoding=\"async\" loading=\"lazy\" src=\"https:\/\/ervadaninha.pt\/wp1\/wp-content\/uploads\/2021\/07\/9.1-4-940x581.jpg\" alt=\"\" class=\"wp-image-1692\" width=\"549\" height=\"339\" srcset=\"https:\/\/ervadaninha.pt\/wp1\/wp-content\/uploads\/2021\/07\/9.1-4-940x581.jpg 940w, https:\/\/ervadaninha.pt\/wp1\/wp-content\/uploads\/2021\/07\/9.1-4-620x383.jpg 620w, https:\/\/ervadaninha.pt\/wp1\/wp-content\/uploads\/2021\/07\/9.1-4-768x475.jpg 768w, https:\/\/ervadaninha.pt\/wp1\/wp-content\/uploads\/2021\/07\/9.1-4-1536x950.jpg 1536w, https:\/\/ervadaninha.pt\/wp1\/wp-content\/uploads\/2021\/07\/9.1-4-300x185.jpg 300w, https:\/\/ervadaninha.pt\/wp1\/wp-content\/uploads\/2021\/07\/9.1-4.jpg 1760w\" sizes=\"(max-width: 549px) 100vw, 549px\" \/><\/figure><\/div>\n\n\n\n<p>Cria\u00e7\u00e3o e interpreta\u00e7\u00e3o&nbsp;ALAN SENCADES<br>M\u00fasica ao vivo&nbsp;B\u00c1RBARA LOPES (fagote)<br>Ilumina\u00e7\u00e3o&nbsp;RAFAEL FRAN\u00c7A &nbsp;<\/p>\n\n\n\n<hr class=\"wp-block-separator\"\/>\n\n\n\n<p>Dura\u00e7\u00e3o Aproximada \u2013 1h10 com 2 intervalos<\/p>\n\n\n\n<p>Classifica\u00e7\u00e3o et\u00e1ria \u2013 M12<\/p>\n\n\n\n<p><a href=\"https:\/\/www.teatromunicipaldoporto.pt\/pt\/evento-destaque\/mostra-estufa-erva-daninha\/\" target=\"_blank\" rel=\"noreferrer noopener\" aria-label=\"Bilhete Conjunto \u2013 Bilheteira Teatro Municipal do Porto&nbsp; (opens in a new tab)\">Bilhete Conjunto \u2013 Bilheteira Teatro Municipal do Porto&nbsp;<\/a><\/p>\n\n\n\n<div class=\"wp-block-group\"><div class=\"wp-block-group__inner-container is-layout-flow wp-block-group-is-layout-flow\">\n<hr class=\"wp-block-separator\"\/>\n\n\n\n<p><strong>Conversa Mostra Estufa<\/strong> &#8211; com artistas moderada por Julieta Guimar\u00e3es (Erva Daninha)<\/p>\n\n\n\n<p>27 (17h-18h) Novembro &#8211;  <a rel=\"noreferrer noopener\" href=\"https:\/\/www.teatromunicipaldoporto.pt\/pt\/evento-destaque\/mostra-estufa-erva-daninha\/conversa-mostra-estufa-com-artistas-moderada-por-julieta-guimaraes-erva-daninha\/\" target=\"_blank\">Teatro Campo Alegre<\/a><\/p>\n\n\n\n<p>Uma conversa sobre o circo e a supera\u00e7\u00e3o da gravidade enquanto for\u00e7a fundamental da natureza, enquanto uma luta do corpo e dos objetos contra o tempo e o peso, procurando sempre formas virtuosas de os ultrapassar. Pensamentos cient\u00edficos e art\u00edsticos sobre mat\u00e9rias org\u00e2nicas, inorg\u00e2nicas, viscerais, sociais e pol\u00edticas. O circo contempor\u00e2neo e a sua natureza multidisciplinar em di\u00e1logo com as ci\u00eancias e outras artes.&nbsp;<\/p>\n<\/div><\/div>\n","protected":false},"excerpt":{"rendered":"<p>Espect\u00e1culos &#8211; 26 + 27 (19h30) Novembro 2021 \u2013 Teatro Campo Alegre Espect\u00e1culos &#8211; 28 (18h) Novembro 2021 \u2013 Centro Cultural Malaposta Masterclass c\/ Jo\u00e3o Paulo dos Santos&nbsp;&#8211; 22 a [&hellip;]<\/p>\n","protected":false},"author":1,"featured_media":0,"parent":0,"menu_order":0,"comment_status":"closed","ping_status":"closed","template":"","meta":{"_themeisle_gutenberg_block_has_review":false,"jetpack_post_was_ever_published":false,"footnotes":""},"tags":[],"yoast_head":"<!-- This site is optimized with the Yoast SEO plugin v21.0 - https:\/\/yoast.com\/wordpress\/plugins\/seo\/ -->\n<title>Mostra Estufa 2021 - Erva Daninha<\/title>\n<meta name=\"robots\" content=\"index, follow, max-snippet:-1, max-image-preview:large, max-video-preview:-1\" \/>\n<link rel=\"canonical\" href=\"https:\/\/ervadaninha.pt\/wp1\/index.php\/mostra-estufa-2021\/\" \/>\n<meta property=\"og:locale\" content=\"pt_PT\" \/>\n<meta property=\"og:type\" content=\"article\" \/>\n<meta property=\"og:title\" content=\"Mostra Estufa 2021 - Erva Daninha\" \/>\n<meta property=\"og:description\" content=\"Espect\u00e1culos &#8211; 26 + 27 (19h30) Novembro 2021 \u2013 Teatro Campo Alegre Espect\u00e1culos &#8211; 28 (18h) Novembro 2021 \u2013 Centro Cultural Malaposta Masterclass c\/ Jo\u00e3o Paulo dos Santos&nbsp;&#8211; 22 a [&hellip;]\" \/>\n<meta property=\"og:url\" content=\"https:\/\/ervadaninha.pt\/wp1\/index.php\/mostra-estufa-2021\/\" \/>\n<meta property=\"og:site_name\" content=\"Erva Daninha\" \/>\n<meta property=\"article:modified_time\" content=\"2022-02-18T20:01:03+00:00\" \/>\n<meta property=\"og:image\" content=\"http:\/\/ervadaninha.pt\/wp1\/wp-content\/uploads\/2021\/07\/2-940x627.jpeg\" \/>\n<meta name=\"twitter:card\" content=\"summary_large_image\" \/>\n<meta name=\"twitter:label1\" content=\"Tempo estimado de leitura\" \/>\n\t<meta name=\"twitter:data1\" content=\"5 minutos\" \/>\n<script type=\"application\/ld+json\" class=\"yoast-schema-graph\">{\"@context\":\"https:\/\/schema.org\",\"@graph\":[{\"@type\":\"WebPage\",\"@id\":\"https:\/\/ervadaninha.pt\/wp1\/index.php\/mostra-estufa-2021\/\",\"url\":\"https:\/\/ervadaninha.pt\/wp1\/index.php\/mostra-estufa-2021\/\",\"name\":\"Mostra Estufa 2021 - Erva Daninha\",\"isPartOf\":{\"@id\":\"https:\/\/ervadaninha.pt\/wp1\/#website\"},\"datePublished\":\"2021-07-21T22:51:44+00:00\",\"dateModified\":\"2022-02-18T20:01:03+00:00\",\"breadcrumb\":{\"@id\":\"https:\/\/ervadaninha.pt\/wp1\/index.php\/mostra-estufa-2021\/#breadcrumb\"},\"inLanguage\":\"pt-PT\",\"potentialAction\":[{\"@type\":\"ReadAction\",\"target\":[\"https:\/\/ervadaninha.pt\/wp1\/index.php\/mostra-estufa-2021\/\"]}]},{\"@type\":\"BreadcrumbList\",\"@id\":\"https:\/\/ervadaninha.pt\/wp1\/index.php\/mostra-estufa-2021\/#breadcrumb\",\"itemListElement\":[{\"@type\":\"ListItem\",\"position\":1,\"name\":\"Home\",\"item\":\"https:\/\/ervadaninha.pt\/wp1\/\"},{\"@type\":\"ListItem\",\"position\":2,\"name\":\"Mostra Estufa 2021\"}]},{\"@type\":\"WebSite\",\"@id\":\"https:\/\/ervadaninha.pt\/wp1\/#website\",\"url\":\"https:\/\/ervadaninha.pt\/wp1\/\",\"name\":\"Erva Daninha\",\"description\":\"Erva Daninha\",\"publisher\":{\"@id\":\"https:\/\/ervadaninha.pt\/wp1\/#organization\"},\"potentialAction\":[{\"@type\":\"SearchAction\",\"target\":{\"@type\":\"EntryPoint\",\"urlTemplate\":\"https:\/\/ervadaninha.pt\/wp1\/?s={search_term_string}\"},\"query-input\":\"required name=search_term_string\"}],\"inLanguage\":\"pt-PT\"},{\"@type\":\"Organization\",\"@id\":\"https:\/\/ervadaninha.pt\/wp1\/#organization\",\"name\":\"Erva Daninha\",\"url\":\"https:\/\/ervadaninha.pt\/wp1\/\",\"logo\":{\"@type\":\"ImageObject\",\"inLanguage\":\"pt-PT\",\"@id\":\"https:\/\/ervadaninha.pt\/wp1\/#\/schema\/logo\/image\/\",\"url\":\"https:\/\/ervadaninha.pt\/wp1\/wp-content\/uploads\/2023\/09\/cropped-ervadaninha_preto_s.png\",\"contentUrl\":\"https:\/\/ervadaninha.pt\/wp1\/wp-content\/uploads\/2023\/09\/cropped-ervadaninha_preto_s.png\",\"width\":100,\"height\":49,\"caption\":\"Erva Daninha\"},\"image\":{\"@id\":\"https:\/\/ervadaninha.pt\/wp1\/#\/schema\/logo\/image\/\"}}]}<\/script>\n<!-- \/ Yoast SEO plugin. -->","yoast_head_json":{"title":"Mostra Estufa 2021 - Erva Daninha","robots":{"index":"index","follow":"follow","max-snippet":"max-snippet:-1","max-image-preview":"max-image-preview:large","max-video-preview":"max-video-preview:-1"},"canonical":"https:\/\/ervadaninha.pt\/wp1\/index.php\/mostra-estufa-2021\/","og_locale":"pt_PT","og_type":"article","og_title":"Mostra Estufa 2021 - Erva Daninha","og_description":"Espect\u00e1culos &#8211; 26 + 27 (19h30) Novembro 2021 \u2013 Teatro Campo Alegre Espect\u00e1culos &#8211; 28 (18h) Novembro 2021 \u2013 Centro Cultural Malaposta Masterclass c\/ Jo\u00e3o Paulo dos Santos&nbsp;&#8211; 22 a [&hellip;]","og_url":"https:\/\/ervadaninha.pt\/wp1\/index.php\/mostra-estufa-2021\/","og_site_name":"Erva Daninha","article_modified_time":"2022-02-18T20:01:03+00:00","og_image":[{"url":"http:\/\/ervadaninha.pt\/wp1\/wp-content\/uploads\/2021\/07\/2-940x627.jpeg"}],"twitter_card":"summary_large_image","twitter_misc":{"Tempo estimado de leitura":"5 minutos"},"schema":{"@context":"https:\/\/schema.org","@graph":[{"@type":"WebPage","@id":"https:\/\/ervadaninha.pt\/wp1\/index.php\/mostra-estufa-2021\/","url":"https:\/\/ervadaninha.pt\/wp1\/index.php\/mostra-estufa-2021\/","name":"Mostra Estufa 2021 - Erva Daninha","isPartOf":{"@id":"https:\/\/ervadaninha.pt\/wp1\/#website"},"datePublished":"2021-07-21T22:51:44+00:00","dateModified":"2022-02-18T20:01:03+00:00","breadcrumb":{"@id":"https:\/\/ervadaninha.pt\/wp1\/index.php\/mostra-estufa-2021\/#breadcrumb"},"inLanguage":"pt-PT","potentialAction":[{"@type":"ReadAction","target":["https:\/\/ervadaninha.pt\/wp1\/index.php\/mostra-estufa-2021\/"]}]},{"@type":"BreadcrumbList","@id":"https:\/\/ervadaninha.pt\/wp1\/index.php\/mostra-estufa-2021\/#breadcrumb","itemListElement":[{"@type":"ListItem","position":1,"name":"Home","item":"https:\/\/ervadaninha.pt\/wp1\/"},{"@type":"ListItem","position":2,"name":"Mostra Estufa 2021"}]},{"@type":"WebSite","@id":"https:\/\/ervadaninha.pt\/wp1\/#website","url":"https:\/\/ervadaninha.pt\/wp1\/","name":"Erva Daninha","description":"Erva Daninha","publisher":{"@id":"https:\/\/ervadaninha.pt\/wp1\/#organization"},"potentialAction":[{"@type":"SearchAction","target":{"@type":"EntryPoint","urlTemplate":"https:\/\/ervadaninha.pt\/wp1\/?s={search_term_string}"},"query-input":"required name=search_term_string"}],"inLanguage":"pt-PT"},{"@type":"Organization","@id":"https:\/\/ervadaninha.pt\/wp1\/#organization","name":"Erva Daninha","url":"https:\/\/ervadaninha.pt\/wp1\/","logo":{"@type":"ImageObject","inLanguage":"pt-PT","@id":"https:\/\/ervadaninha.pt\/wp1\/#\/schema\/logo\/image\/","url":"https:\/\/ervadaninha.pt\/wp1\/wp-content\/uploads\/2023\/09\/cropped-ervadaninha_preto_s.png","contentUrl":"https:\/\/ervadaninha.pt\/wp1\/wp-content\/uploads\/2023\/09\/cropped-ervadaninha_preto_s.png","width":100,"height":49,"caption":"Erva Daninha"},"image":{"@id":"https:\/\/ervadaninha.pt\/wp1\/#\/schema\/logo\/image\/"}}]}},"jetpack_sharing_enabled":true,"jetpack_shortlink":"https:\/\/wp.me\/P6f9xd-rm","_links":{"self":[{"href":"https:\/\/ervadaninha.pt\/wp1\/index.php\/wp-json\/wp\/v2\/pages\/1696"}],"collection":[{"href":"https:\/\/ervadaninha.pt\/wp1\/index.php\/wp-json\/wp\/v2\/pages"}],"about":[{"href":"https:\/\/ervadaninha.pt\/wp1\/index.php\/wp-json\/wp\/v2\/types\/page"}],"author":[{"embeddable":true,"href":"https:\/\/ervadaninha.pt\/wp1\/index.php\/wp-json\/wp\/v2\/users\/1"}],"replies":[{"embeddable":true,"href":"https:\/\/ervadaninha.pt\/wp1\/index.php\/wp-json\/wp\/v2\/comments?post=1696"}],"version-history":[{"count":41,"href":"https:\/\/ervadaninha.pt\/wp1\/index.php\/wp-json\/wp\/v2\/pages\/1696\/revisions"}],"predecessor-version":[{"id":1894,"href":"https:\/\/ervadaninha.pt\/wp1\/index.php\/wp-json\/wp\/v2\/pages\/1696\/revisions\/1894"}],"wp:attachment":[{"href":"https:\/\/ervadaninha.pt\/wp1\/index.php\/wp-json\/wp\/v2\/media?parent=1696"}],"wp:term":[{"taxonomy":"post_tag","embeddable":true,"href":"https:\/\/ervadaninha.pt\/wp1\/index.php\/wp-json\/wp\/v2\/tags?post=1696"}],"curies":[{"name":"wp","href":"https:\/\/api.w.org\/{rel}","templated":true}]}}