{"id":1206,"date":"2019-10-10T11:44:56","date_gmt":"2019-10-10T11:44:56","guid":{"rendered":"http:\/\/ervadaninha.pt\/wp1\/?page_id=1206"},"modified":"2022-10-13T12:37:39","modified_gmt":"2022-10-13T12:37:39","slug":"mostra-estufa-2018","status":"publish","type":"page","link":"https:\/\/ervadaninha.pt\/wp1\/index.php\/mostra-estufa-2018\/","title":{"rendered":"Mostra Estufa 2018"},"content":{"rendered":"\n<p><strong>Teatro Campo Alegre &#8211; 23 nov 19h | 24 nov 17h<\/strong><\/p>\n\n\n\n<figure class=\"wp-block-embed is-type-video is-provider-vimeo wp-block-embed-vimeo wp-embed-aspect-16-9 wp-has-aspect-ratio\"><div class=\"wp-block-embed__wrapper\">\n<div class=\"jetpack-video-wrapper\"><div class=\"embed-vimeo\" style=\"text-align: center;\"><iframe loading=\"lazy\" src=\"https:\/\/player.vimeo.com\/video\/390745943\" width=\"764\" height=\"430\" frameborder=\"0\" webkitallowfullscreen mozallowfullscreen allowfullscreen><\/iframe><\/div><\/div>\n<\/div><\/figure>\n\n\n\n<div class=\"column\"><hr>\n<p><strong>&#8220;d\u00e9corps d&#8217;int\u00e9rieur &#8221; &#8211;&nbsp;Ana Jord\u00e3o e Jeanine Ebn\u00f6ther Trott<\/strong><\/p>\n<p>Uma pessoa tem uma sombra, mas pode uma sombra ter uma pessoa?<br>Quantas pessoas coexistem dentro de um corpo?<br>Como dar vida aos diferentes lados de n\u00f3s mesmos?<br>Como podemos descrever essa luta interna?&nbsp; E se fosse uma dan\u00e7a?&#8221;<\/p>\n<\/div>\n\n\n\n<p class=\"column\">d\u00e9corps &#8216;d&#8217;int\u00e9rieur&#8221; trata-se de uma pesquisa corporal sobre o convergir de dois seres &#8211; um duo sobre o ser e a sombra.<\/p>\n\n\n\n<div class=\"column\">&nbsp;<\/div>\n\n\n\n<div class=\"column\">\n<\/div>\n\n\n<div class=\"wp-block-image wp-image-1073 size-medium\">\n<figure class=\"aligncenter\"><img decoding=\"async\" loading=\"lazy\" width=\"620\" height=\"413\" src=\"https:\/\/ervadaninha.pt\/wp1\/wp-content\/uploads\/2018\/10\/Ana-Jeanine-1-HR-620x413.jpg\" alt=\"\" class=\"wp-image-1073\" srcset=\"https:\/\/ervadaninha.pt\/wp1\/wp-content\/uploads\/2018\/10\/Ana-Jeanine-1-HR-620x413.jpg 620w, https:\/\/ervadaninha.pt\/wp1\/wp-content\/uploads\/2018\/10\/Ana-Jeanine-1-HR-768x512.jpg 768w, https:\/\/ervadaninha.pt\/wp1\/wp-content\/uploads\/2018\/10\/Ana-Jeanine-1-HR-940x627.jpg 940w, https:\/\/ervadaninha.pt\/wp1\/wp-content\/uploads\/2018\/10\/Ana-Jeanine-1-HR-300x200.jpg 300w\" sizes=\"(max-width: 620px) 100vw, 620px\" \/><figcaption>\u00aePhilippe Deutsch<\/figcaption><\/figure><\/div>\n\n\n<p>\u00c9 um trabalho de express\u00e3o abstracta que levanta quest\u00f5es sobre simbiose, sincronicidade, ruptura e afastamento. Exp\u00f5em-se uma reflex\u00e3o f\u00edsica sobre a dualidade, sobre as nossas negocia\u00e7\u00f5es internas onde a intera\u00e7\u00e3o entre facetas, por vezes contradit\u00f3rias, \u00e9 traduzida em manipula\u00e7\u00e3o, em dan\u00e7a, em luta.<\/p>\n\n\n\n<p><a href=\"https:\/\/anajeanineeyetoeye.weebly.com\/\" target=\"_blank\" rel=\"noopener noreferrer\">Link<\/a><\/p>\n\n\n\n<div>\n<div dir=\"ltr\">\n<p style=\"text-align: left;\">Cria\u00e7\u00e3o e interpreta\u00e7\u00e3o: Ana Jord\u00e3o e Jeanine Ebn\u00f6ther Trott<br>Cria\u00e7\u00e3o apoiada por:&nbsp;<span style=\"color: #000000;\">Circus Next PLaTFoRM (FR), Zirkusquartier (CH)<a style=\"color: #000000;\" target=\"_blank\" rel=\"noopener noreferrer\">, InSpiral (HU),&nbsp;<\/a>Stadt Z\u00fcrich Kultur (CH)<a style=\"color: #000000;\" target=\"_blank\" rel=\"noopener noreferrer\">, Men\u0173 Spaustuv\u0117 Arts Printing House (LT)<\/a><a style=\"color: #000000;\" target=\"_blank\" rel=\"noopener noreferrer\">, La Cascade P\u00f4le National des Arts du Cirque (FR<\/a><a style=\"color: #000000;\" target=\"_blank\" rel=\"noopener noreferrer\">), Circuscentrum (BE)<\/a><\/span><\/p>\n<\/div>\n<\/div>\n\n\n\n<hr class=\"wp-block-separator has-css-opacity\"\/>\n\n\n\n<p><strong>&#8220;Fase dispersa&#8221; &#8211; Teresa Santos&nbsp;<\/strong><\/p>\n\n\n<div class=\"wp-block-image wp-image-1078 size-medium\">\n<figure class=\"aligncenter\"><img decoding=\"async\" loading=\"lazy\" width=\"620\" height=\"413\" src=\"https:\/\/ervadaninha.pt\/wp1\/wp-content\/uploads\/2018\/10\/Fase-dispersa-de-Teresa-Santos-\u00a9-vintiset.net_-620x413.jpg\" alt=\"\" class=\"wp-image-1078\" srcset=\"https:\/\/ervadaninha.pt\/wp1\/wp-content\/uploads\/2018\/10\/Fase-dispersa-de-Teresa-Santos-\u00a9-vintiset.net_-620x413.jpg 620w, https:\/\/ervadaninha.pt\/wp1\/wp-content\/uploads\/2018\/10\/Fase-dispersa-de-Teresa-Santos-\u00a9-vintiset.net_-768x512.jpg 768w, https:\/\/ervadaninha.pt\/wp1\/wp-content\/uploads\/2018\/10\/Fase-dispersa-de-Teresa-Santos-\u00a9-vintiset.net_-940x627.jpg 940w, https:\/\/ervadaninha.pt\/wp1\/wp-content\/uploads\/2018\/10\/Fase-dispersa-de-Teresa-Santos-\u00a9-vintiset.net_-300x200.jpg 300w, https:\/\/ervadaninha.pt\/wp1\/wp-content\/uploads\/2018\/10\/Fase-dispersa-de-Teresa-Santos-\u00a9-vintiset.net_.jpg 2048w\" sizes=\"(max-width: 620px) 100vw, 620px\" \/><figcaption>\u00aevintiset.net<\/figcaption><\/figure><\/div>\n\n\n<div class=\"page\" title=\"Page 1\">\n<div class=\"layoutArea\">\n<div class=\"column\">\n<p class=\"p1\">Fase dispersa apresenta-se como um lugar antropol\u00f3gico: identit\u00e1rio, hist\u00f3rico e relacional, ou um lugar onde confrontar-se consigo mesmo e encontrar o outro. Parte da vontade de trilhar um caminho e contrariar a dispers\u00e3o. \u00c9 um \u00faltimo grito pela vida com todas as for\u00e7as que restam e uma tentativa de tocar o intoc\u00e1vel.<\/p>\n<p class=\"p1\">No contexto deste projeto, entendo por fase dispersa o objeto que est\u00e1 em rela\u00e7\u00e3o com o corpo e que provoca o movimento. A manipula\u00e7\u00e3o de objetos aparece como extens\u00e3o do pr\u00f3prio corpo e suas inquieta\u00e7\u00f5es, colocando-o num estado ou qualidade de consci\u00eancia. A dan\u00e7a aparece como vest\u00edgio num corpo enraizado. At\u00e9 que ponto estas linguagens se complementam ou anulam? Qual o seu potencial e significa\u00e7\u00e3o?<\/p>\n<p class=\"p1\"><a href=\"https:\/\/teresasantos.pt\/\" target=\"_blank\" rel=\"noopener noreferrer\">Link<\/a><\/p>\n<p class=\"p1\">Cria\u00e7\u00e3o e interpreta\u00e7\u00e3o: Teresa Santos<br>M\u00fasica original: D\u00eddac Gilabert<br>Desenho de luz: D\u00eddac Gilabert e Teresa Santos<br>Fotografia: Nuno Leites e vintiset.net<br>Produ\u00e7\u00e3o: mat\u00e9ria<\/p>\n<hr>\n<p><strong>&#8220;Cris\u00e1lida&#8221; &#8211; Daniel Seabra<\/strong><\/p>\n<\/div><\/div><\/div>\n\n\n<div class=\"wp-block-image size-medium wp-image-1080\">\n<figure class=\"aligncenter\"><img decoding=\"async\" loading=\"lazy\" width=\"620\" height=\"449\" src=\"https:\/\/ervadaninha.pt\/wp1\/wp-content\/uploads\/2018\/10\/73dfa08b-2436-47c9-aa3e-0d390bb52e59-620x449.jpg\" alt=\"\" class=\"wp-image-1080\" srcset=\"https:\/\/ervadaninha.pt\/wp1\/wp-content\/uploads\/2018\/10\/73dfa08b-2436-47c9-aa3e-0d390bb52e59-620x449.jpg 620w, https:\/\/ervadaninha.pt\/wp1\/wp-content\/uploads\/2018\/10\/73dfa08b-2436-47c9-aa3e-0d390bb52e59-768x556.jpg 768w, https:\/\/ervadaninha.pt\/wp1\/wp-content\/uploads\/2018\/10\/73dfa08b-2436-47c9-aa3e-0d390bb52e59-940x680.jpg 940w, https:\/\/ervadaninha.pt\/wp1\/wp-content\/uploads\/2018\/10\/73dfa08b-2436-47c9-aa3e-0d390bb52e59-300x217.jpg 300w, https:\/\/ervadaninha.pt\/wp1\/wp-content\/uploads\/2018\/10\/73dfa08b-2436-47c9-aa3e-0d390bb52e59.jpg 1129w\" sizes=\"(max-width: 620px) 100vw, 620px\" \/><figcaption>\u00aeSusana Chic\u00f3<\/figcaption><\/figure><\/div>\n\n\n<p>Cris\u00e1lida \u00e9 o processo de crescimento, defini\u00e7\u00e3o de cores e diferencia\u00e7\u00e3o sexual das borboletas. Dentro do casulo durante este processo decorrem explos\u00f5es de cores e \u00e9 o \u00fanico tempo, onde nada ou pouco se mexem. Luta, resist\u00eancia e persist\u00eancia s\u00e3o palavras chave deste espet\u00e1culo.<\/p>\n\n\n<div class=\"wp-block-image wp-image-1082 size-medium\">\n<figure class=\"aligncenter\"><img decoding=\"async\" loading=\"lazy\" width=\"620\" height=\"410\" src=\"https:\/\/ervadaninha.pt\/wp1\/wp-content\/uploads\/2018\/10\/a4D9A5079-620x410.jpg\" alt=\"\" class=\"wp-image-1082\" srcset=\"https:\/\/ervadaninha.pt\/wp1\/wp-content\/uploads\/2018\/10\/a4D9A5079-620x410.jpg 620w, https:\/\/ervadaninha.pt\/wp1\/wp-content\/uploads\/2018\/10\/a4D9A5079-768x508.jpg 768w, https:\/\/ervadaninha.pt\/wp1\/wp-content\/uploads\/2018\/10\/a4D9A5079-940x622.jpg 940w, https:\/\/ervadaninha.pt\/wp1\/wp-content\/uploads\/2018\/10\/a4D9A5079-300x198.jpg 300w\" sizes=\"(max-width: 620px) 100vw, 620px\" \/><figcaption>\u00aeSusana Chic\u00f3<\/figcaption><\/figure><\/div>\n\n\n<p>Prende-se com a dial\u00e9tica deste trabalho a desmistifica\u00e7\u00e3o das categorias de g\u00e9nero, alicer\u00e7adas nas quest\u00f5es existencialistas de Nietzche, Sartre e Golffman. O ser enquanto indiv\u00edduo, o ser social e a cria\u00e7\u00e3o de novos conceitos que fomentem a descontinuidade da natureza humana s\u00e3o quest\u00f5es que interessam ao criador desenvolver nesta pe\u00e7a. Por analogia, trazer \u00e0 cena uma estese poliss\u00e9mica onde a t\u00e9cnica circense, o v\u00eddeo e algumas experi\u00eancias pl\u00e1sticas s\u00e3o utilizadas, de forma a suscitarem outros significados e novas sensa\u00e7\u00f5es em renovados enigmas.<\/p>\n\n\n\n<p>\u201cAos olhos dos outros eu existo antes ou depois do meu g\u00e9nero?\u201d<\/p>\n\n\n\n<p class=\"p1\">Cria\u00e7\u00e3o e Interpreta\u00e7\u00e3o &#8211; Daniel Seabra<br>M\u00fasica (ao vivo) &#8211; Jo\u00e3o Moreira<br>Apoio t\u00e9cnico &#8211; Margarida Monteny<br>Fotografia e apoio de v\u00eddeo &#8211; Susana Chic\u00f3<br>Apoio resid\u00eancia &#8211; Chapit\u00f4<\/p>\n\n\n\n<hr class=\"wp-block-separator has-css-opacity\"\/>\n\n\n\n<p><strong>Mostra Estufa<\/strong><\/p>\n\n\n\n<p>Programa\u00e7\u00e3o \u2013 Julieta Guimar\u00e3es e Vasco Gomes<br>Produ\u00e7\u00e3o \u2013 Adelaide Os\u00f3rio<br>V\u00eddeo \u2013 Ashleigh Georgiou<br>Coprodu\u00e7\u00e3o &#8211; Companhia Erva Daninha e Teatro Municipal do Porto<br>Apoio \u2013 Rep\u00fablica Portuguesa \u2013 Cultura\/ Dire\u00e7\u00e3o Geral das Artes<\/p>\n\n\n\n<p>Dura\u00e7\u00e3o Aproximada \u2013 60min com 2 intervalos<\/p>\n\n\n\n<p class=\"page\">Classifica\u00e7\u00e3o et\u00e1ria \u2013 M12<\/p>\n","protected":false},"excerpt":{"rendered":"<p>Teatro Campo Alegre &#8211; 23 nov 19h | 24 nov 17h &#8220;d\u00e9corps d&#8217;int\u00e9rieur &#8221; &#8211;&nbsp;Ana Jord\u00e3o e Jeanine Ebn\u00f6ther Trott Uma pessoa tem uma sombra, mas pode uma sombra ter [&hellip;]<\/p>\n","protected":false},"author":1,"featured_media":0,"parent":0,"menu_order":0,"comment_status":"closed","ping_status":"closed","template":"","meta":{"_themeisle_gutenberg_block_has_review":false,"jetpack_post_was_ever_published":false,"footnotes":""},"tags":[],"yoast_head":"<!-- This site is optimized with the Yoast SEO plugin v21.0 - https:\/\/yoast.com\/wordpress\/plugins\/seo\/ -->\n<title>Mostra Estufa 2018 - Erva Daninha<\/title>\n<meta name=\"robots\" content=\"index, follow, max-snippet:-1, max-image-preview:large, max-video-preview:-1\" \/>\n<link rel=\"canonical\" href=\"https:\/\/ervadaninha.pt\/wp1\/index.php\/mostra-estufa-2018\/\" \/>\n<meta property=\"og:locale\" content=\"pt_PT\" \/>\n<meta property=\"og:type\" content=\"article\" \/>\n<meta property=\"og:title\" content=\"Mostra Estufa 2018 - Erva Daninha\" \/>\n<meta property=\"og:description\" content=\"Teatro Campo Alegre &#8211; 23 nov 19h | 24 nov 17h &#8220;d\u00e9corps d&#8217;int\u00e9rieur &#8221; &#8211;&nbsp;Ana Jord\u00e3o e Jeanine Ebn\u00f6ther Trott Uma pessoa tem uma sombra, mas pode uma sombra ter [&hellip;]\" \/>\n<meta property=\"og:url\" content=\"https:\/\/ervadaninha.pt\/wp1\/index.php\/mostra-estufa-2018\/\" \/>\n<meta property=\"og:site_name\" content=\"Erva Daninha\" \/>\n<meta property=\"article:modified_time\" content=\"2022-10-13T12:37:39+00:00\" \/>\n<meta property=\"og:image\" content=\"http:\/\/ervadaninha.pt\/wp1\/wp-content\/uploads\/2018\/10\/Ana-Jeanine-1-HR-620x413.jpg\" \/>\n<meta name=\"twitter:card\" content=\"summary_large_image\" \/>\n<meta name=\"twitter:label1\" content=\"Tempo estimado de leitura\" \/>\n\t<meta name=\"twitter:data1\" content=\"4 minutos\" \/>\n<script type=\"application\/ld+json\" class=\"yoast-schema-graph\">{\"@context\":\"https:\/\/schema.org\",\"@graph\":[{\"@type\":\"WebPage\",\"@id\":\"https:\/\/ervadaninha.pt\/wp1\/index.php\/mostra-estufa-2018\/\",\"url\":\"https:\/\/ervadaninha.pt\/wp1\/index.php\/mostra-estufa-2018\/\",\"name\":\"Mostra Estufa 2018 - Erva Daninha\",\"isPartOf\":{\"@id\":\"https:\/\/ervadaninha.pt\/wp1\/#website\"},\"datePublished\":\"2019-10-10T11:44:56+00:00\",\"dateModified\":\"2022-10-13T12:37:39+00:00\",\"breadcrumb\":{\"@id\":\"https:\/\/ervadaninha.pt\/wp1\/index.php\/mostra-estufa-2018\/#breadcrumb\"},\"inLanguage\":\"pt-PT\",\"potentialAction\":[{\"@type\":\"ReadAction\",\"target\":[\"https:\/\/ervadaninha.pt\/wp1\/index.php\/mostra-estufa-2018\/\"]}]},{\"@type\":\"BreadcrumbList\",\"@id\":\"https:\/\/ervadaninha.pt\/wp1\/index.php\/mostra-estufa-2018\/#breadcrumb\",\"itemListElement\":[{\"@type\":\"ListItem\",\"position\":1,\"name\":\"Home\",\"item\":\"https:\/\/ervadaninha.pt\/wp1\/\"},{\"@type\":\"ListItem\",\"position\":2,\"name\":\"Mostra Estufa 2018\"}]},{\"@type\":\"WebSite\",\"@id\":\"https:\/\/ervadaninha.pt\/wp1\/#website\",\"url\":\"https:\/\/ervadaninha.pt\/wp1\/\",\"name\":\"Erva Daninha\",\"description\":\"Erva Daninha\",\"publisher\":{\"@id\":\"https:\/\/ervadaninha.pt\/wp1\/#organization\"},\"potentialAction\":[{\"@type\":\"SearchAction\",\"target\":{\"@type\":\"EntryPoint\",\"urlTemplate\":\"https:\/\/ervadaninha.pt\/wp1\/?s={search_term_string}\"},\"query-input\":\"required name=search_term_string\"}],\"inLanguage\":\"pt-PT\"},{\"@type\":\"Organization\",\"@id\":\"https:\/\/ervadaninha.pt\/wp1\/#organization\",\"name\":\"Erva Daninha\",\"url\":\"https:\/\/ervadaninha.pt\/wp1\/\",\"logo\":{\"@type\":\"ImageObject\",\"inLanguage\":\"pt-PT\",\"@id\":\"https:\/\/ervadaninha.pt\/wp1\/#\/schema\/logo\/image\/\",\"url\":\"https:\/\/ervadaninha.pt\/wp1\/wp-content\/uploads\/2023\/09\/cropped-ervadaninha_preto_s.png\",\"contentUrl\":\"https:\/\/ervadaninha.pt\/wp1\/wp-content\/uploads\/2023\/09\/cropped-ervadaninha_preto_s.png\",\"width\":100,\"height\":49,\"caption\":\"Erva Daninha\"},\"image\":{\"@id\":\"https:\/\/ervadaninha.pt\/wp1\/#\/schema\/logo\/image\/\"}}]}<\/script>\n<!-- \/ Yoast SEO plugin. -->","yoast_head_json":{"title":"Mostra Estufa 2018 - Erva Daninha","robots":{"index":"index","follow":"follow","max-snippet":"max-snippet:-1","max-image-preview":"max-image-preview:large","max-video-preview":"max-video-preview:-1"},"canonical":"https:\/\/ervadaninha.pt\/wp1\/index.php\/mostra-estufa-2018\/","og_locale":"pt_PT","og_type":"article","og_title":"Mostra Estufa 2018 - Erva Daninha","og_description":"Teatro Campo Alegre &#8211; 23 nov 19h | 24 nov 17h &#8220;d\u00e9corps d&#8217;int\u00e9rieur &#8221; &#8211;&nbsp;Ana Jord\u00e3o e Jeanine Ebn\u00f6ther Trott Uma pessoa tem uma sombra, mas pode uma sombra ter [&hellip;]","og_url":"https:\/\/ervadaninha.pt\/wp1\/index.php\/mostra-estufa-2018\/","og_site_name":"Erva Daninha","article_modified_time":"2022-10-13T12:37:39+00:00","og_image":[{"url":"http:\/\/ervadaninha.pt\/wp1\/wp-content\/uploads\/2018\/10\/Ana-Jeanine-1-HR-620x413.jpg"}],"twitter_card":"summary_large_image","twitter_misc":{"Tempo estimado de leitura":"4 minutos"},"schema":{"@context":"https:\/\/schema.org","@graph":[{"@type":"WebPage","@id":"https:\/\/ervadaninha.pt\/wp1\/index.php\/mostra-estufa-2018\/","url":"https:\/\/ervadaninha.pt\/wp1\/index.php\/mostra-estufa-2018\/","name":"Mostra Estufa 2018 - Erva Daninha","isPartOf":{"@id":"https:\/\/ervadaninha.pt\/wp1\/#website"},"datePublished":"2019-10-10T11:44:56+00:00","dateModified":"2022-10-13T12:37:39+00:00","breadcrumb":{"@id":"https:\/\/ervadaninha.pt\/wp1\/index.php\/mostra-estufa-2018\/#breadcrumb"},"inLanguage":"pt-PT","potentialAction":[{"@type":"ReadAction","target":["https:\/\/ervadaninha.pt\/wp1\/index.php\/mostra-estufa-2018\/"]}]},{"@type":"BreadcrumbList","@id":"https:\/\/ervadaninha.pt\/wp1\/index.php\/mostra-estufa-2018\/#breadcrumb","itemListElement":[{"@type":"ListItem","position":1,"name":"Home","item":"https:\/\/ervadaninha.pt\/wp1\/"},{"@type":"ListItem","position":2,"name":"Mostra Estufa 2018"}]},{"@type":"WebSite","@id":"https:\/\/ervadaninha.pt\/wp1\/#website","url":"https:\/\/ervadaninha.pt\/wp1\/","name":"Erva Daninha","description":"Erva Daninha","publisher":{"@id":"https:\/\/ervadaninha.pt\/wp1\/#organization"},"potentialAction":[{"@type":"SearchAction","target":{"@type":"EntryPoint","urlTemplate":"https:\/\/ervadaninha.pt\/wp1\/?s={search_term_string}"},"query-input":"required name=search_term_string"}],"inLanguage":"pt-PT"},{"@type":"Organization","@id":"https:\/\/ervadaninha.pt\/wp1\/#organization","name":"Erva Daninha","url":"https:\/\/ervadaninha.pt\/wp1\/","logo":{"@type":"ImageObject","inLanguage":"pt-PT","@id":"https:\/\/ervadaninha.pt\/wp1\/#\/schema\/logo\/image\/","url":"https:\/\/ervadaninha.pt\/wp1\/wp-content\/uploads\/2023\/09\/cropped-ervadaninha_preto_s.png","contentUrl":"https:\/\/ervadaninha.pt\/wp1\/wp-content\/uploads\/2023\/09\/cropped-ervadaninha_preto_s.png","width":100,"height":49,"caption":"Erva Daninha"},"image":{"@id":"https:\/\/ervadaninha.pt\/wp1\/#\/schema\/logo\/image\/"}}]}},"jetpack_sharing_enabled":true,"jetpack_shortlink":"https:\/\/wp.me\/P6f9xd-js","_links":{"self":[{"href":"https:\/\/ervadaninha.pt\/wp1\/index.php\/wp-json\/wp\/v2\/pages\/1206"}],"collection":[{"href":"https:\/\/ervadaninha.pt\/wp1\/index.php\/wp-json\/wp\/v2\/pages"}],"about":[{"href":"https:\/\/ervadaninha.pt\/wp1\/index.php\/wp-json\/wp\/v2\/types\/page"}],"author":[{"embeddable":true,"href":"https:\/\/ervadaninha.pt\/wp1\/index.php\/wp-json\/wp\/v2\/users\/1"}],"replies":[{"embeddable":true,"href":"https:\/\/ervadaninha.pt\/wp1\/index.php\/wp-json\/wp\/v2\/comments?post=1206"}],"version-history":[{"count":6,"href":"https:\/\/ervadaninha.pt\/wp1\/index.php\/wp-json\/wp\/v2\/pages\/1206\/revisions"}],"predecessor-version":[{"id":2065,"href":"https:\/\/ervadaninha.pt\/wp1\/index.php\/wp-json\/wp\/v2\/pages\/1206\/revisions\/2065"}],"wp:attachment":[{"href":"https:\/\/ervadaninha.pt\/wp1\/index.php\/wp-json\/wp\/v2\/media?parent=1206"}],"wp:term":[{"taxonomy":"post_tag","embeddable":true,"href":"https:\/\/ervadaninha.pt\/wp1\/index.php\/wp-json\/wp\/v2\/tags?post=1206"}],"curies":[{"name":"wp","href":"https:\/\/api.w.org\/{rel}","templated":true}]}}